{"id":52809,"date":"2025-01-26T02:36:33","date_gmt":"2025-01-26T02:36:33","guid":{"rendered":"https:\/\/nexgendecors.com\/product\/costzon-kids-sofa-2-in-1-double-sofa-convert-to-table-and-two-chairs-toddler-lounge-with-wooden-frame-and-pvc-surface-children-boys-girls-couch-armrest-chair-double-seats-with-storage-space-pink171"},"modified":"2025-03-09T17:49:49","modified_gmt":"2025-03-09T17:49:49","slug":"canape-enfant-costzon-2-en-1-convertible-en-table-et-deux-chaises-avec-cadre-en-bois-et-surface-en-pvc-canape-pour-enfants-garcons-et-filles-accoudoir-chaise-double-avec-rangement-rose-171188","status":"publish","type":"product","link":"https:\/\/nexgendecors.com\/fr\/product\/canape-enfant-costzon-2-en-1-convertible-en-table-et-deux-chaises-avec-cadre-en-bois-et-surface-en-pvc-canape-pour-enfants-garcons-et-filles-accoudoir-chaise-double-avec-rangement-rose-171188\/","title":{"rendered":"Canap\u00e9 enfant Costzon\u00a0: ensemble de salon 2 en 1 avec rangement, rose"},"content":{"rendered":"<p data-mce-fragment=\"1\">\ud83d\udecb\ufe0f\u2b50 <strong data-mce-fragment=\"1\">Conception 2 en 1 pour deux fois plus de plaisir<\/strong>: Investissez dans un meuble et recevez-en deux ! Notre design 2 en 1 permet \u00e0 ce meuble de se transformer d&#039;un fauteuil deux places en deux chaises et une table, stimulant ainsi la cr\u00e9ativit\u00e9 et le d\u00e9veloppement des capacit\u00e9s de r\u00e9flexion des enfants qui alternent entre diff\u00e9rentes formes.<\/p>\n<p data-mce-fragment=\"1\">\ud83e\uddf8 <strong data-mce-fragment=\"1\">Pratique et l\u00e9ger<\/strong>: Permettez \u00e0 votre enfant de r\u00e9organiser ses meubles sans effort ! Gr\u00e2ce \u00e0 sa conception l\u00e9g\u00e8re, il peut facilement d\u00e9placer ce meuble \u00e0 l&#039;endroit de son choix, d\u00e9veloppant ainsi ses capacit\u00e9s de manipulation. Canap\u00e9 ou table avec deux chaises, \u00e0 lui de choisir.<\/p>\n<p data-mce-fragment=\"1\">\ud83c\udf08 <strong data-mce-fragment=\"1\">Confortable et facile \u00e0 nettoyer<\/strong>Notre joli canap\u00e9 est non seulement confortable pour les petits, mais il est aussi tr\u00e8s facile \u00e0 nettoyer. Essuyez simplement les \u00e9claboussures avec un chiffon humide et un savon doux. Le pouf, fabriqu\u00e9 avec les m\u00eames mat\u00e9riaux et les m\u00eames dimensions que le canap\u00e9, assure le confort de votre b\u00e9b\u00e9.<\/p>\n<p data-mce-fragment=\"1\">\ud83c\udf1f <strong data-mce-fragment=\"1\">Qualit\u00e9 sup\u00e9rieure et s\u00e9curit\u00e9 assur\u00e9es<\/strong>Ayez l&#039;esprit tranquille\u00a0: notre canap\u00e9 rembourr\u00e9 avec pouf est dot\u00e9 d&#039;une structure en bois robuste, d&#039;une surface en PVC et d&#039;un rembourrage en \u00e9ponge douce, garantissant stabilit\u00e9 et durabilit\u00e9. Certifi\u00e9 ASTM et conforme \u00e0 la norme am\u00e9ricaine TB117-2013 pour l&#039;\u00e9ponge, la s\u00e9curit\u00e9 est notre priorit\u00e9 absolue.<\/p>\n<p data-mce-fragment=\"1\">\ud83c\udf81 <strong data-mce-fragment=\"1\">Id\u00e9e cadeau parfaite<\/strong>Offrez un cadeau joyeux avec notre adorable canap\u00e9 rose et blanc\u00a0! Que ce soit pour un anniversaire ou No\u00ebl, ce canap\u00e9 douillet ravira votre enfant et apportera une touche de gaiet\u00e9 \u00e0 votre famille. Id\u00e9al pour les salles de jeux, les chambres, les salons, les garderies, les vacances ou la sieste.<\/p>\n<p data-mce-fragment=\"1\">Surprenez votre enfant avec un plaisir et un confort sans fin gr\u00e2ce \u00e0 notre ensemble canap\u00e9 et table 2 en 1 polyvalent et charmant ! \ud83c\udf82\ud83c\udf88<\/p>\n<div><\/div>","protected":false},"excerpt":{"rendered":"<p>\ud83d\udecb\ufe0f\u2b50 Design 2 en 1 pour deux fois plus de plaisir\u00a0: investissez dans un meuble et obtenez-en deux\u00a0! Notre design 2 en 1 vous permet<\/p>","protected":false},"featured_media":111156,"comment_status":"open","ping_status":"closed","template":"","meta":[],"product_brand":[],"product_cat":[30971,30837,30849],"product_tag":[],"class_list":{"0":"post-52809","1":"product","2":"type-product","3":"status-publish","4":"has-post-thumbnail","6":"product_cat-hp","7":"product_cat-kids-sofa","8":"product_cat-kindergarten-school-furniture","10":"first","11":"instock","12":"taxable","13":"shipping-taxable","14":"purchasable","15":"product-type-variable"},"_links":{"self":[{"href":"https:\/\/nexgendecors.com\/fr\/wp-json\/wp\/v2\/product\/52809","targetHints":{"allow":["GET"]}}],"collection":[{"href":"https:\/\/nexgendecors.com\/fr\/wp-json\/wp\/v2\/product"}],"about":[{"href":"https:\/\/nexgendecors.com\/fr\/wp-json\/wp\/v2\/types\/product"}],"replies":[{"embeddable":true,"href":"https:\/\/nexgendecors.com\/fr\/wp-json\/wp\/v2\/comments?post=52809"}],"version-history":[{"count":0,"href":"https:\/\/nexgendecors.com\/fr\/wp-json\/wp\/v2\/product\/52809\/revisions"}],"wp:featuredmedia":[{"embeddable":true,"href":"https:\/\/nexgendecors.com\/fr\/wp-json\/wp\/v2\/media\/111156"}],"wp:attachment":[{"href":"https:\/\/nexgendecors.com\/fr\/wp-json\/wp\/v2\/media?parent=52809"}],"wp:term":[{"taxonomy":"product_brand","embeddable":true,"href":"https:\/\/nexgendecors.com\/fr\/wp-json\/wp\/v2\/product_brand?post=52809"},{"taxonomy":"product_cat","embeddable":true,"href":"https:\/\/nexgendecors.com\/fr\/wp-json\/wp\/v2\/product_cat?post=52809"},{"taxonomy":"product_tag","embeddable":true,"href":"https:\/\/nexgendecors.com\/fr\/wp-json\/wp\/v2\/product_tag?post=52809"}],"curies":[{"name":"wp","href":"https:\/\/api.w.org\/{rel}","templated":true}]}}