{"id":52850,"date":"2025-01-26T02:36:39","date_gmt":"2025-01-26T02:36:39","guid":{"rendered":"https:\/\/nexgendecors.com\/product\/costzon-kids-sofa-children-armrest-chair-with-pattern-toddler-furniture-w-sturdy-wood-construction-for-boys-girls-armrest-couch-for-preschool-children-lightweight-children-sofa-chair-lion1711880132"},"modified":"2025-04-06T08:26:41","modified_gmt":"2025-04-06T08:26:41","slug":"costzon-kids-sofa-children-armrest-chair-with-pattern-toddler-furniture-w-sturdy-wood-construction-for-boys-girls-armrest-couch-for-preschool-children-lightweight-children-sofa-chair-lion1711880132757","status":"publish","type":"product","link":"https:\/\/nexgendecors.com\/fr\/product\/costzon-kids-sofa-children-armrest-chair-with-pattern-toddler-furniture-w-sturdy-wood-construction-for-boys-girls-armrest-couch-for-preschool-children-lightweight-children-sofa-chair-lion1711880132757\/","title":{"rendered":"Fauteuil-canap\u00e9 Lion pour enfants Costzon \u2013 Meubles \u00e9l\u00e9gants et robustes pour tout-petits"},"content":{"rendered":"<p data-mce-fragment=\"1\">\ud83d\udc11 <strong data-mce-fragment=\"1\">Cadeau parfait pour les enfants :<\/strong><\/p>\n<ul data-mce-fragment=\"1\">\n<li data-mce-fragment=\"1\">Dot\u00e9e d&#039;un charmant motif d&#039;agneau, cette chaise \u00e0 accoudoirs pour enfants ne manquera pas de capter l&#039;attention des enfants et de stimuler leur imagination.<\/li>\n<li data-mce-fragment=\"1\">Le design accueillant de ce joli canap\u00e9 pour enfants offre un coin salon confortable pour diverses activit\u00e9s comme lire, regarder des dessins anim\u00e9s ou d\u00e9guster des collations.<\/li>\n<\/ul>\n<p data-mce-fragment=\"1\">\ud83d\udecb\ufe0f <strong data-mce-fragment=\"1\">Comfortable &amp; Safe Materials:<\/strong><\/p>\n<ul data-mce-fragment=\"1\">\n<li data-mce-fragment=\"1\">Fabriqu\u00e9 \u00e0 partir d&#039;un tissu en velours ultra doux, ce canap\u00e9 pour enfants offre une exp\u00e9rience d&#039;assise confortable et respirante.<\/li>\n<li data-mce-fragment=\"1\">L&#039;\u00e9ponge haute r\u00e9silience 20D assure un confort moelleux, offrant une surface d&#039;assise douce et offrant un bon maintien.<\/li>\n<li data-mce-fragment=\"1\">Les certifications ASTM et CPSIA garantissent la s\u00e9curit\u00e9 des mat\u00e9riaux, assurant un environnement sans souci pour les enfants.<\/li>\n<\/ul>\n<p data-mce-fragment=\"1\">\ud83d\udcaa <strong data-mce-fragment=\"1\">Sturdy Structure &amp; High Load Bearing:<\/strong><\/p>\n<ul data-mce-fragment=\"1\">\n<li data-mce-fragment=\"1\">Construit avec du bois d&#039;eucalyptus de haute qualit\u00e9, ce canap\u00e9 pour enfants est dot\u00e9 d&#039;un cadre en bois robuste capable de supporter jusqu&#039;\u00e0 110 lb.<\/li>\n<li data-mce-fragment=\"1\">Les clous blancs antid\u00e9rapants am\u00e9liorent la stabilit\u00e9 et emp\u00eachent les rayures sur le sol, garantissant une utilisation s\u00fbre et une durabilit\u00e9.<\/li>\n<\/ul>\n<p data-mce-fragment=\"1\">\ud83e\ude91 <strong data-mce-fragment=\"1\">Ergonomic Design &amp; Strong Support:<\/strong><\/p>\n<ul data-mce-fragment=\"1\">\n<li data-mce-fragment=\"1\">Le dossier large et la hauteur appropri\u00e9e de ce canap\u00e9 pour enfants soutiennent efficacement la colonne vert\u00e9brale des enfants et encouragent de bonnes habitudes d&#039;assise.<\/li>\n<li data-mce-fragment=\"1\">Les accoudoirs de canap\u00e9 ergonomiques offrent une s\u00e9curit\u00e9 et un soutien suppl\u00e9mentaires aux enfants pendant l&#039;utilisation.<\/li>\n<\/ul>\n<p data-mce-fragment=\"1\">\ud83c\udf1f <strong data-mce-fragment=\"1\">Lightweight Design &amp; Easy to Move:<\/strong><\/p>\n<ul data-mce-fragment=\"1\">\n<li data-mce-fragment=\"1\">Gr\u00e2ce \u00e0 sa conception l\u00e9g\u00e8re, les enfants peuvent facilement d\u00e9placer ce joli canap\u00e9 vers n&#039;importe quel endroit souhait\u00e9 sans avoir besoin de l&#039;aide des parents, favorisant ainsi l&#039;ind\u00e9pendance et les capacit\u00e9s pratiques.<\/li>\n<li data-mce-fragment=\"1\">Sa conception peu encombrante en fait un ajout polyvalent \u00e0 diverses pi\u00e8ces telles que le salon, la chambre d&#039;enfants ou la salle de jeux, am\u00e9liorant ainsi la fonctionnalit\u00e9 et le style.<\/li>\n<\/ul>\n<div><\/div>","protected":false},"excerpt":{"rendered":"<p>\ud83d\udc11 Cadeau parfait pour les enfants : Dot\u00e9e d&#039;un charmant motif d&#039;agneau, cette chaise \u00e0 accoudoirs pour enfants ne manquera pas d&#039;attirer l&#039;attention des enfants<\/p>","protected":false},"featured_media":111231,"comment_status":"open","ping_status":"closed","template":"","meta":[],"product_brand":[],"product_cat":[30899,30971,30837,30849],"product_tag":[],"class_list":{"0":"post-52850","1":"product","2":"type-product","3":"status-publish","4":"has-post-thumbnail","6":"product_cat-bs-kindergarten","7":"product_cat-hp","8":"product_cat-kids-sofa","9":"product_cat-kindergarten-school-furniture","11":"first","12":"instock","13":"taxable","14":"shipping-taxable","15":"purchasable","16":"product-type-variable"},"_links":{"self":[{"href":"https:\/\/nexgendecors.com\/fr\/wp-json\/wp\/v2\/product\/52850","targetHints":{"allow":["GET"]}}],"collection":[{"href":"https:\/\/nexgendecors.com\/fr\/wp-json\/wp\/v2\/product"}],"about":[{"href":"https:\/\/nexgendecors.com\/fr\/wp-json\/wp\/v2\/types\/product"}],"replies":[{"embeddable":true,"href":"https:\/\/nexgendecors.com\/fr\/wp-json\/wp\/v2\/comments?post=52850"}],"version-history":[{"count":0,"href":"https:\/\/nexgendecors.com\/fr\/wp-json\/wp\/v2\/product\/52850\/revisions"}],"wp:featuredmedia":[{"embeddable":true,"href":"https:\/\/nexgendecors.com\/fr\/wp-json\/wp\/v2\/media\/111231"}],"wp:attachment":[{"href":"https:\/\/nexgendecors.com\/fr\/wp-json\/wp\/v2\/media?parent=52850"}],"wp:term":[{"taxonomy":"product_brand","embeddable":true,"href":"https:\/\/nexgendecors.com\/fr\/wp-json\/wp\/v2\/product_brand?post=52850"},{"taxonomy":"product_cat","embeddable":true,"href":"https:\/\/nexgendecors.com\/fr\/wp-json\/wp\/v2\/product_cat?post=52850"},{"taxonomy":"product_tag","embeddable":true,"href":"https:\/\/nexgendecors.com\/fr\/wp-json\/wp\/v2\/product_tag?post=52850"}],"curies":[{"name":"wp","href":"https:\/\/api.w.org\/{rel}","templated":true}]}}