{"id":52894,"date":"2025-01-26T02:36:43","date_gmt":"2025-01-26T02:36:43","guid":{"rendered":"https:\/\/nexgendecors.com\/product\/costzon-kids-sofa-children-upholstered-sofa-with-ottoman-princess-sofa-with-diamond-decoration-smooth-pvc-leather-toddler-chair-kids-couch-for-boys-and-girls-gift-for-toddlers-pink1711880135674\/"},"modified":"2025-04-06T08:26:47","modified_gmt":"2025-04-06T08:26:47","slug":"canape-enfant-costzon-canape-rembourre-avec-pouf-canape-princesse-avec-decoration-diamant-chaise-enfant-en-cuir-pvc-lisse-canape-enfant-pour-garcons-et-filles-cadeau-pour-tout-petits-rose-171188","status":"publish","type":"product","link":"https:\/\/nexgendecors.com\/fr\/product\/canape-enfant-costzon-canape-rembourre-avec-pouf-canape-princesse-avec-decoration-diamant-chaise-enfant-en-cuir-pvc-lisse-canape-enfant-pour-garcons-et-filles-cadeau-pour-tout-petits-rose-171188\/","title":{"rendered":"Canap\u00e9 enfant Costzon\u00a0: canap\u00e9 rembourr\u00e9 rose avec pouf"},"content":{"rendered":"<p data-mce-fragment=\"1\">\ud83d\udc51 <strong data-mce-fragment=\"1\">Conception unique d&#039;un ensemble de canap\u00e9s princesse :<\/strong><\/p>\n<ul data-mce-fragment=\"1\">\n<li data-mce-fragment=\"1\">Orn\u00e9 d&#039;une d\u00e9coration en diamant pour un th\u00e8me de princesse magique dans la chambre de n&#039;importe quelle fille.<\/li>\n<li data-mce-fragment=\"1\">La structure en bois massif supporte jusqu&#039;\u00e0 110 lb, garantissant une s\u00e9curit\u00e9 sans soucis.<\/li>\n<\/ul>\n<p data-mce-fragment=\"1\">\ud83d\udecb\ufe0f <strong data-mce-fragment=\"1\">Exp\u00e9rience d&#039;assise confortable :<\/strong><\/p>\n<ul data-mce-fragment=\"1\">\n<li data-mce-fragment=\"1\">Le rembourrage en \u00e9ponge haute densit\u00e9 offre une exp\u00e9rience d&#039;assise agr\u00e9able aux enfants.<\/li>\n<li data-mce-fragment=\"1\">Associ\u00e9 \u00e0 un pouf confortable pour les activit\u00e9s de loisirs comme lire, regarder des films ou se d\u00e9tendre.<\/li>\n<\/ul>\n<p data-mce-fragment=\"1\">\ud83d\udc67 <strong data-mce-fragment=\"1\">Housse en PVC adapt\u00e9e aux enfants et facile d&#039;entretien :<\/strong><\/p>\n<ul data-mce-fragment=\"1\">\n<li data-mce-fragment=\"1\">La housse en cuir PVC lisse se nettoie facilement avec un chiffon humide, ce qui rend l&#039;entretien sans effort.<\/li>\n<li data-mce-fragment=\"1\">Les pieds antid\u00e9rapants emp\u00eachent les rayures sur le sol, garantissant ainsi la s\u00e9curit\u00e9 des enfants.<\/li>\n<\/ul>\n<p data-mce-fragment=\"1\">\ud83d\ude80 <strong data-mce-fragment=\"1\">D\u00e9placement et stockage sans effort\u00a0:<\/strong><\/p>\n<ul data-mce-fragment=\"1\">\n<li data-mce-fragment=\"1\">Conception l\u00e9g\u00e8re et peu encombrante, id\u00e9ale pour les salles de jeux, les chambres et les garderies.<\/li>\n<li data-mce-fragment=\"1\">Portable et facile \u00e0 ranger, parfait pour les vacances sp\u00e9ciales ou la sieste.<\/li>\n<\/ul>\n<p data-mce-fragment=\"1\">\ud83c\udf81 <strong data-mce-fragment=\"1\">Cadeau parfait pour les enfants :<\/strong><\/p>\n<ul data-mce-fragment=\"1\">\n<li data-mce-fragment=\"1\">Son apparence accrocheuse en fait un cadeau parfait pour No\u00ebl, les anniversaires ou le Nouvel An.<\/li>\n<li data-mce-fragment=\"1\">L&#039;accoudoir de taille mini s&#039;adapte parfaitement au corps des enfants, offrant un confort pour se reposer, regarder la t\u00e9l\u00e9vision ou jouer.<\/li>\n<\/ul>\n<div><\/div>","protected":false},"excerpt":{"rendered":"<p>\ud83d\udc51 Ensemble de canap\u00e9s princesse au design unique\u00a0: orn\u00e9 de diamants pour un th\u00e8me princesse magique dans la chambre de n&#039;importe quelle fille. Solide<\/p>","protected":false},"featured_media":111302,"comment_status":"open","ping_status":"closed","template":"","meta":[],"product_brand":[],"product_cat":[30971,30837,30849],"product_tag":[],"class_list":{"0":"post-52894","1":"product","2":"type-product","3":"status-publish","4":"has-post-thumbnail","6":"product_cat-hp","7":"product_cat-kids-sofa","8":"product_cat-kindergarten-school-furniture","10":"first","11":"instock","12":"taxable","13":"shipping-taxable","14":"purchasable","15":"product-type-variable"},"_links":{"self":[{"href":"https:\/\/nexgendecors.com\/fr\/wp-json\/wp\/v2\/product\/52894","targetHints":{"allow":["GET"]}}],"collection":[{"href":"https:\/\/nexgendecors.com\/fr\/wp-json\/wp\/v2\/product"}],"about":[{"href":"https:\/\/nexgendecors.com\/fr\/wp-json\/wp\/v2\/types\/product"}],"replies":[{"embeddable":true,"href":"https:\/\/nexgendecors.com\/fr\/wp-json\/wp\/v2\/comments?post=52894"}],"version-history":[{"count":0,"href":"https:\/\/nexgendecors.com\/fr\/wp-json\/wp\/v2\/product\/52894\/revisions"}],"wp:featuredmedia":[{"embeddable":true,"href":"https:\/\/nexgendecors.com\/fr\/wp-json\/wp\/v2\/media\/111302"}],"wp:attachment":[{"href":"https:\/\/nexgendecors.com\/fr\/wp-json\/wp\/v2\/media?parent=52894"}],"wp:term":[{"taxonomy":"product_brand","embeddable":true,"href":"https:\/\/nexgendecors.com\/fr\/wp-json\/wp\/v2\/product_brand?post=52894"},{"taxonomy":"product_cat","embeddable":true,"href":"https:\/\/nexgendecors.com\/fr\/wp-json\/wp\/v2\/product_cat?post=52894"},{"taxonomy":"product_tag","embeddable":true,"href":"https:\/\/nexgendecors.com\/fr\/wp-json\/wp\/v2\/product_tag?post=52894"}],"curies":[{"name":"wp","href":"https:\/\/api.w.org\/{rel}","templated":true}]}}