{"id":52900,"date":"2025-01-26T02:36:44","date_gmt":"2025-01-26T02:36:44","guid":{"rendered":"https:\/\/nexgendecors.com\/product\/costzon-kids-sofa-pu-leather-upholstered-sturdy-wood-construction-armrest-chair-for-preschool-children-sofas-37x17x22-5-lxwxh-37-inch-pink-couch1711880135687\/"},"modified":"2025-04-06T08:26:53","modified_gmt":"2025-04-06T08:26:53","slug":"costzon-kids-sofa-pu-leather-upholstered-sturdy-wood-construction-armrest-chair-for-preschool-children-sofas-37x17x22-5-lxwxh-37-inch-pink-couch1711880135687","status":"publish","type":"product","link":"https:\/\/nexgendecors.com\/fr\/product\/costzon-kids-sofa-pu-leather-upholstered-sturdy-wood-construction-armrest-chair-for-preschool-children-sofas-37x17x22-5-lxwxh-37-inch-pink-couch1711880135687\/","title":{"rendered":"Canap\u00e9 enfant Costzon \u2013 Fauteuil avec accoudoirs en cuir synth\u00e9tique rose"},"content":{"rendered":"<p data-mce-fragment=\"1\">\ud83d\udc76 <strong data-mce-fragment=\"1\">CUTE &#038; DURABLE 2 SEATS:<\/strong><\/p>\n<ul data-mce-fragment=\"1\">\n<li data-mce-fragment=\"1\">Perfectly sized sofa for toddlers, suitable for 1 or 2 babies.<\/li>\n<li data-mce-fragment=\"1\">Wood frame and soft sponge ensure solidity and durability.<\/li>\n<\/ul>\n<p data-mce-fragment=\"1\">\ud83d\udc51 <strong data-mce-fragment=\"1\">UNIQUE DESIGN:<\/strong><\/p>\n<ul data-mce-fragment=\"1\">\n<li data-mce-fragment=\"1\">Lovely Princess sofa set perfect for any girls&#8217; room.<\/li>\n<li data-mce-fragment=\"1\">Upholstered with sponge for comfort and durability.<\/li>\n<\/ul>\n<p data-mce-fragment=\"1\">\ud83c\udf88 <strong data-mce-fragment=\"1\">LIGHT WEIGHT DESIGN:<\/strong><\/p>\n<ul data-mce-fragment=\"1\">\n<li data-mce-fragment=\"1\">Easy movement for kids to place their furniture anywhere.<\/li>\n<li data-mce-fragment=\"1\">Cultivates manipulative ability and convenient for carrying.<\/li>\n<\/ul>\n<p data-mce-fragment=\"1\">\ud83e\uddfc <strong data-mce-fragment=\"1\">EASY TO KEEP CLEAN:<\/strong><\/p>\n<ul data-mce-fragment=\"1\">\n<li data-mce-fragment=\"1\">Comfortable and easy-to-clean design.<\/li>\n<li data-mce-fragment=\"1\">Wipe spills with a damp cloth for quick cleanup.<\/li>\n<\/ul>\n<p data-mce-fragment=\"1\">\ud83c\udf81 <strong data-mce-fragment=\"1\">GREAT GIFT:<\/strong><\/p>\n<ul data-mce-fragment=\"1\">\n<li data-mce-fragment=\"1\">Ultimate space-saving and lightweight sofa.<\/li>\n<li data-mce-fragment=\"1\">Ideal addition to playrooms, bedrooms, living rooms, and more.<\/li>\n<\/ul>\n<div><\/div>","protected":false},"excerpt":{"rendered":"<p>\ud83d\udc76 MIGNON ET DURABLE 2 PLACES : Canap\u00e9 de taille parfaite pour les tout-petits, adapt\u00e9 \u00e0 1 ou 2 b\u00e9b\u00e9s. Cadre en bois et<\/p>","protected":false},"featured_media":111326,"comment_status":"open","ping_status":"closed","template":"","meta":[],"product_brand":[],"product_cat":[30899,30971,30837,30849],"product_tag":[],"class_list":{"0":"post-52900","1":"product","2":"type-product","3":"status-publish","4":"has-post-thumbnail","6":"product_cat-bs-kindergarten","7":"product_cat-hp","8":"product_cat-kids-sofa","9":"product_cat-kindergarten-school-furniture","11":"first","12":"instock","13":"taxable","14":"shipping-taxable","15":"purchasable","16":"product-type-simple"},"_links":{"self":[{"href":"https:\/\/nexgendecors.com\/fr\/wp-json\/wp\/v2\/product\/52900","targetHints":{"allow":["GET"]}}],"collection":[{"href":"https:\/\/nexgendecors.com\/fr\/wp-json\/wp\/v2\/product"}],"about":[{"href":"https:\/\/nexgendecors.com\/fr\/wp-json\/wp\/v2\/types\/product"}],"replies":[{"embeddable":true,"href":"https:\/\/nexgendecors.com\/fr\/wp-json\/wp\/v2\/comments?post=52900"}],"version-history":[{"count":0,"href":"https:\/\/nexgendecors.com\/fr\/wp-json\/wp\/v2\/product\/52900\/revisions"}],"wp:featuredmedia":[{"embeddable":true,"href":"https:\/\/nexgendecors.com\/fr\/wp-json\/wp\/v2\/media\/111326"}],"wp:attachment":[{"href":"https:\/\/nexgendecors.com\/fr\/wp-json\/wp\/v2\/media?parent=52900"}],"wp:term":[{"taxonomy":"product_brand","embeddable":true,"href":"https:\/\/nexgendecors.com\/fr\/wp-json\/wp\/v2\/product_brand?post=52900"},{"taxonomy":"product_cat","embeddable":true,"href":"https:\/\/nexgendecors.com\/fr\/wp-json\/wp\/v2\/product_cat?post=52900"},{"taxonomy":"product_tag","embeddable":true,"href":"https:\/\/nexgendecors.com\/fr\/wp-json\/wp\/v2\/product_tag?post=52900"}],"curies":[{"name":"wp","href":"https:\/\/api.w.org\/{rel}","templated":true}]}}