{"id":52948,"date":"2025-01-26T02:36:59","date_gmt":"2025-01-26T02:36:59","guid":{"rendered":"https:\/\/nexgendecors.com\/product\/costzon-kids-table-and-chair-set-5-piece-wood-activity-table-chairs-for-children-arts-crafts-homework-snack-time-preschool-furniture-gift-for-boys-girls-toddler-table-and-chair-set-natural171188013"},"modified":"2025-04-06T08:27:18","modified_gmt":"2025-04-06T08:27:18","slug":"ensemble-table-et-chaises-pour-enfants-costzon-5-pieces-table-dactivites-en-bois-chaises-pour-enfants-loisirs-creatifs-devoirs-gouter-mobilier-prescolaire-cadeau-pour-garcons-et-filles-e-2","status":"publish","type":"product","link":"https:\/\/nexgendecors.com\/fr\/product\/ensemble-table-et-chaises-pour-enfants-costzon-5-pieces-table-dactivites-en-bois-chaises-pour-enfants-loisirs-creatifs-devoirs-gouter-mobilier-prescolaire-cadeau-pour-garcons-et-filles-e-2\/","title":{"rendered":"Ensemble table et chaises en bois Costzon pour enfants, 5 pi\u00e8ces \u2013 Naturel"},"content":{"rendered":"<p data-mce-fragment=\"1\">\ud83c\udf08 <strong data-mce-fragment=\"1\">Utilisation multifonctionnelle :<\/strong><\/p>\n<ul data-mce-fragment=\"1\">\n<li data-mce-fragment=\"1\">Table rectangulaire et quatre chaises parfaites pour manger, lire, dessiner et plus encore.<\/li>\n<li data-mce-fragment=\"1\">Design moderne id\u00e9al pour la chambre d&#039;enfant, la salle de jeux, le salon ou comme table de pique-nique, de salle \u00e0 manger, d&#039;\u00e9tude ou de jeu.<\/li>\n<\/ul>\n<p data-mce-fragment=\"1\">\ud83c\udf81 <strong data-mce-fragment=\"1\">Cadeau parfait pour les enfants :<\/strong><\/p>\n<ul data-mce-fragment=\"1\">\n<li data-mce-fragment=\"1\">Taille adapt\u00e9e et grand espace pour les enfants de 3 \u00e0 7 ans.<\/li>\n<li data-mce-fragment=\"1\">Encourage les activit\u00e9s imaginatives et cr\u00e9atives dans leur propre espace.<\/li>\n<\/ul>\n<p data-mce-fragment=\"1\">\ud83d\udee1\ufe0f <strong data-mce-fragment=\"1\">Mat\u00e9riaux robustes et s\u00fbrs :<\/strong><\/p>\n<ul data-mce-fragment=\"1\">\n<li data-mce-fragment=\"1\">Construction en bois de pin massif naturel pour plus de durabilit\u00e9 et de r\u00e9sistance.<\/li>\n<li data-mce-fragment=\"1\">La peinture \u00e9cologique et non toxique garantit la s\u00e9curit\u00e9.<\/li>\n<li data-mce-fragment=\"1\">Conception ergonomique pour une assise confortable.<\/li>\n<\/ul>\n<p data-mce-fragment=\"1\">\ud83e\uddfc <strong data-mce-fragment=\"1\">Surface lisse pour un nettoyage facile :<\/strong><\/p>\n<ul data-mce-fragment=\"1\">\n<li data-mce-fragment=\"1\">Les surfaces imperm\u00e9ables et les coins arrondis emp\u00eachent les rayures.<\/li>\n<li data-mce-fragment=\"1\">Facile \u00e0 nettoyer avec un chiffon et un d\u00e9tergent.<\/li>\n<\/ul>\n<p data-mce-fragment=\"1\">\ud83d\udca1 <strong data-mce-fragment=\"1\">L\u00e9ger et facile \u00e0 assembler :<\/strong><\/p>\n<ul data-mce-fragment=\"1\">\n<li data-mce-fragment=\"1\">L&#039;ensemble l\u00e9ger permet aux enfants de le d\u00e9placer eux-m\u00eames.<\/li>\n<li data-mce-fragment=\"1\">Processus d&#039;assemblage simple pour une installation rapide.<\/li>\n<li data-mce-fragment=\"1\">Accompagne les enfants dans leur croissance avec des sourires et du plaisir.<\/li>\n<\/ul>\n<div><\/div>","protected":false},"excerpt":{"rendered":"<p>\ud83c\udf08 Utilisation multifonctionnelle\u00a0: Table rectangulaire et quatre chaises, id\u00e9ales pour manger, lire, dessiner, etc. Design moderne, id\u00e9al pour les enfants.<\/p>","protected":false},"featured_media":111468,"comment_status":"open","ping_status":"closed","template":"","meta":[],"product_brand":[],"product_cat":[30971,30836,30839,30849],"product_tag":[],"class_list":{"0":"post-52948","1":"product","2":"type-product","3":"status-publish","4":"has-post-thumbnail","6":"product_cat-hp","7":"product_cat-kids-chairs","8":"product_cat-kids-tables","9":"product_cat-kindergarten-school-furniture","11":"first","12":"instock","13":"taxable","14":"shipping-taxable","15":"purchasable","16":"product-type-variable"},"_links":{"self":[{"href":"https:\/\/nexgendecors.com\/fr\/wp-json\/wp\/v2\/product\/52948","targetHints":{"allow":["GET"]}}],"collection":[{"href":"https:\/\/nexgendecors.com\/fr\/wp-json\/wp\/v2\/product"}],"about":[{"href":"https:\/\/nexgendecors.com\/fr\/wp-json\/wp\/v2\/types\/product"}],"replies":[{"embeddable":true,"href":"https:\/\/nexgendecors.com\/fr\/wp-json\/wp\/v2\/comments?post=52948"}],"version-history":[{"count":0,"href":"https:\/\/nexgendecors.com\/fr\/wp-json\/wp\/v2\/product\/52948\/revisions"}],"wp:featuredmedia":[{"embeddable":true,"href":"https:\/\/nexgendecors.com\/fr\/wp-json\/wp\/v2\/media\/111468"}],"wp:attachment":[{"href":"https:\/\/nexgendecors.com\/fr\/wp-json\/wp\/v2\/media?parent=52948"}],"wp:term":[{"taxonomy":"product_brand","embeddable":true,"href":"https:\/\/nexgendecors.com\/fr\/wp-json\/wp\/v2\/product_brand?post=52948"},{"taxonomy":"product_cat","embeddable":true,"href":"https:\/\/nexgendecors.com\/fr\/wp-json\/wp\/v2\/product_cat?post=52948"},{"taxonomy":"product_tag","embeddable":true,"href":"https:\/\/nexgendecors.com\/fr\/wp-json\/wp\/v2\/product_tag?post=52948"}],"curies":[{"name":"wp","href":"https:\/\/api.w.org\/{rel}","templated":true}]}}