{"id":52954,"date":"2025-01-26T02:37:01","date_gmt":"2025-01-26T02:37:01","guid":{"rendered":"https:\/\/nexgendecors.com\/product\/costzon-kids-table-and-chair-set-5-piece-wood-activity-table-chairs-for-children-arts-crafts-homework-snack-time-preschool-furniture-gift-for-boys-girls-toddler-table-and-chair-set-pastel1711880132"},"modified":"2025-04-06T08:27:21","modified_gmt":"2025-04-06T08:27:21","slug":"ensemble-table-et-chaises-pour-enfants-costzon-5-pieces-table-dactivites-en-bois-chaises-pour-enfants-loisirs-creatifs-devoirs-gouter-mobilier-prescolaire-cadeau-pour-garcons-et-filles-e","status":"publish","type":"product","link":"https:\/\/nexgendecors.com\/fr\/product\/ensemble-table-et-chaises-pour-enfants-costzon-5-pieces-table-dactivites-en-bois-chaises-pour-enfants-loisirs-creatifs-devoirs-gouter-mobilier-prescolaire-cadeau-pour-garcons-et-filles-e\/","title":{"rendered":"Costzon Kids 5 Piece Pastel Table &amp; Chair Set"},"content":{"rendered":"<p data-mce-fragment=\"1\">\ud83c\udf1f <strong data-mce-fragment=\"1\">Ensemble de meubles polyvalents pour enfants<\/strong>Notre ensemble comprend une table et quatre chaises, id\u00e9ales pour \u00e9tudier, jouer, prendre les repas et bien plus encore. Son design simple et charmant s&#039;int\u00e8gre parfaitement \u00e0 tous les espaces, du salon \u00e0 la chambre d&#039;enfant, en passant par la salle de jeux, cr\u00e9ant ainsi une ambiance chaleureuse et enfantine.<\/p>\n<p data-mce-fragment=\"1\">\ud83e\ude91 <strong data-mce-fragment=\"1\">Con\u00e7u pour les enfants<\/strong>Con\u00e7u pour les plus petits ! L&#039;ensemble table et chaises assure une position assise confortable, laissant un espace suffisant entre les si\u00e8ges pour une libert\u00e9 de mouvement optimale. Favorisant une bonne posture assise, il favorise la sant\u00e9 de la colonne vert\u00e9brale et la croissance des enfants.<\/p>\n<p data-mce-fragment=\"1\">\ud83d\udee1\ufe0f <strong data-mce-fragment=\"1\">Construction s\u00fbre et r\u00e9fl\u00e9chie<\/strong>Fabriqu\u00e9s en pin massif et en MDF, nos meubles pr\u00e9sentent une surface lisse qui \u00e9vite les rayures sur les v\u00eatements et la peau. Le bois certifi\u00e9 EPA et la peinture de surface \u00e9cologique garantissent s\u00e9curit\u00e9 et tranquillit\u00e9 d&#039;esprit, sans odeurs nocives. Un choix judicieux pour le bien-\u00eatre de votre enfant.<\/p>\n<p data-mce-fragment=\"1\">\ud83c\udf81 <strong data-mce-fragment=\"1\">Une d\u00e9licieuse surprise pour les enfants<\/strong>: Rendez chaque instant sp\u00e9cial ! Cet ensemble de meubles vibrant, compos\u00e9 de quatre chaises color\u00e9es, est adapt\u00e9 aux besoins et aux pr\u00e9f\u00e9rences des enfants. De 2 \u00e0 6 ans, c&#039;est le compagnon id\u00e9al pour lire, peindre et se faire des amis, un v\u00e9ritable tremplin pour grandir et s&#039;\u00e9panouir. Surprenez votre enfant avec un cadeau d&#039;anniversaire ou de No\u00ebl unique qui suscitera enthousiasme et joie.<\/p>\n<p data-mce-fragment=\"1\">\ud83d\udee0\ufe0f <strong data-mce-fragment=\"1\">Montage facile et mobilit\u00e9<\/strong>L\u00e9g\u00e8re et facile \u00e0 d\u00e9placer, m\u00eame pour les petites mains ! Son montage simple vous permet de monter la table rapidement, et pourquoi ne pas inviter vos enfants \u00e0 participer ? C&#039;est une excellente occasion de d\u00e9velopper leurs comp\u00e9tences manuelles et de renforcer le lien parent-enfant.<\/p>\n<p data-mce-fragment=\"1\">Laissez libre cours \u00e0 l&#039;imagination de votre enfant avec notre ensemble de meubles pratiques, s\u00e9curitaires et charmants ! \ud83c\udfa8\ud83c\udf08<\/p>\n<div><\/div>","protected":false},"excerpt":{"rendered":"<p>\ud83c\udf1f Ensemble de meubles pour enfants polyvalents : Notre suite comprend une table et quatre chaises, parfaites pour l'\u00e9tude, le jeu, les repas et plus encore.<\/p>","protected":false},"featured_media":111481,"comment_status":"open","ping_status":"closed","template":"","meta":[],"product_brand":[],"product_cat":[30899,30971,30836,30839,30849],"product_tag":[],"class_list":{"0":"post-52954","1":"product","2":"type-product","3":"status-publish","4":"has-post-thumbnail","6":"product_cat-bs-kindergarten","7":"product_cat-hp","8":"product_cat-kids-chairs","9":"product_cat-kids-tables","10":"product_cat-kindergarten-school-furniture","12":"first","13":"instock","14":"taxable","15":"shipping-taxable","16":"purchasable","17":"product-type-variable"},"_links":{"self":[{"href":"https:\/\/nexgendecors.com\/fr\/wp-json\/wp\/v2\/product\/52954","targetHints":{"allow":["GET"]}}],"collection":[{"href":"https:\/\/nexgendecors.com\/fr\/wp-json\/wp\/v2\/product"}],"about":[{"href":"https:\/\/nexgendecors.com\/fr\/wp-json\/wp\/v2\/types\/product"}],"replies":[{"embeddable":true,"href":"https:\/\/nexgendecors.com\/fr\/wp-json\/wp\/v2\/comments?post=52954"}],"version-history":[{"count":0,"href":"https:\/\/nexgendecors.com\/fr\/wp-json\/wp\/v2\/product\/52954\/revisions"}],"wp:featuredmedia":[{"embeddable":true,"href":"https:\/\/nexgendecors.com\/fr\/wp-json\/wp\/v2\/media\/111481"}],"wp:attachment":[{"href":"https:\/\/nexgendecors.com\/fr\/wp-json\/wp\/v2\/media?parent=52954"}],"wp:term":[{"taxonomy":"product_brand","embeddable":true,"href":"https:\/\/nexgendecors.com\/fr\/wp-json\/wp\/v2\/product_brand?post=52954"},{"taxonomy":"product_cat","embeddable":true,"href":"https:\/\/nexgendecors.com\/fr\/wp-json\/wp\/v2\/product_cat?post=52954"},{"taxonomy":"product_tag","embeddable":true,"href":"https:\/\/nexgendecors.com\/fr\/wp-json\/wp\/v2\/product_tag?post=52954"}],"curies":[{"name":"wp","href":"https:\/\/api.w.org\/{rel}","templated":true}]}}