{"id":52988,"date":"2025-01-26T02:37:10","date_gmt":"2025-01-26T02:37:10","guid":{"rendered":"https:\/\/nexgendecors.com\/product\/costzon-kids-table-and-chair-set-plastic-learn-and-play-activity-set-colorful-stackable-chairs-portable-table-for-school-home-play-room-table-4-chairs1711880132871\/"},"modified":"2025-03-09T17:49:47","modified_gmt":"2025-03-09T17:49:47","slug":"ensemble-table-et-chaises-pour-enfants-costzon-ensemble-dactivites-dapprentissage-et-de-jeu-en-plastique-chaises-empilables-colorees-table-portable-pour-lecole-la-maison-la-salle-d","status":"publish","type":"product","link":"https:\/\/nexgendecors.com\/fr\/product\/ensemble-table-et-chaises-pour-enfants-costzon-ensemble-dactivites-dapprentissage-et-de-jeu-en-plastique-chaises-empilables-colorees-table-portable-pour-lecole-la-maison-la-salle-d\/","title":{"rendered":"Ensemble table d&#039;activit\u00e9s et 4 chaises color\u00e9es pour enfants Costzon"},"content":{"rendered":"<p data-mce-fragment=\"1\">\ud83c\udf1f <strong data-mce-fragment=\"1\">Mat\u00e9riau de haute qualit\u00e9 et structure solide :<\/strong> Con\u00e7ue pour durer, la table rectangulaire est fabriqu\u00e9e en PEHD et tubes d&#039;acier de haute qualit\u00e9, garantissant ainsi sa long\u00e9vit\u00e9. Les chaises confortables sont fabriqu\u00e9es en PP de premi\u00e8re qualit\u00e9, r\u00e9put\u00e9 pour sa r\u00e9sistance et sa durabilit\u00e9. Soyez rassur\u00e9, cet ensemble utilise des mat\u00e9riaux non toxiques et sans odeur, respectueux de l&#039;environnement, pr\u00e9servant ainsi la sant\u00e9 des enfants.<\/p>\n<p data-mce-fragment=\"1\">\ud83d\udee1\ufe0f <strong data-mce-fragment=\"1\">Conception s\u00fbre et ergonomique :<\/strong> Con\u00e7u pour la s\u00e9curit\u00e9 et le confort des enfants, cet ensemble pr\u00e9sente une conception ergonomique adapt\u00e9e \u00e0 leur croissance. Le dossier soutient efficacement la colonne vert\u00e9brale de b\u00e9b\u00e9, favorisant une bonne posture assise. Les bords lisses \u00e9liminent le risque d&#039;angles tranchants, privil\u00e9giant la s\u00e9curit\u00e9 des enfants. De plus, la certification ASTM garantit le respect des normes de s\u00e9curit\u00e9 de l&#039;ensemble.<\/p>\n<p data-mce-fragment=\"1\">\ud83c\udfa8 <strong data-mce-fragment=\"1\">Application multifonctionnelle :<\/strong> La polyvalence est essentielle avec notre ensemble, compos\u00e9 d&#039;une table et de quatre chaises, pour s&#039;adapter \u00e0 diverses activit\u00e9s. Qu&#039;il s&#039;agisse de manger, de lire, de faire ses devoirs ou de s&#039;adonner \u00e0 des jeux imaginatifs, cet ensemble bureau et chaises constitue un v\u00e9ritable espace polyvalent. Id\u00e9al pour les chambres, les salons, les salles de jeux ou les cr\u00e8ches, il s&#039;adapte parfaitement \u00e0 diff\u00e9rents environnements.<\/p>\n<p data-mce-fragment=\"1\">\ud83d\ude80 <strong data-mce-fragment=\"1\">Conception compacte et facile \u00e0 transporter :<\/strong> Con\u00e7ues pour les familles modernes de petite taille, nos chaises empilables offrent une solution de rangement compacte. L\u00e9g\u00e8res et maniables, elles permettent aux enfants de d\u00e9placer la table et les chaises sans effort et de mani\u00e8re autonome, favorisant ainsi leur sentiment d&#039;autonomie.<\/p>\n<p data-mce-fragment=\"1\">\ud83e\uddf9 <strong data-mce-fragment=\"1\">Facile \u00e0 nettoyer et \u00e0 assembler :<\/strong> Maintenir la propret\u00e9 est un jeu d&#039;enfant gr\u00e2ce \u00e0 la surface imperm\u00e9able de cet ensemble bureau et chaises. Un simple coup de chiffon humide suffit pour une d\u00e9contamination rapide. Gr\u00e2ce \u00e0 ses accessoires complets et \u00e0 ses instructions claires, le montage est simple et sans tracas.<\/p>\n<div><\/div>","protected":false},"excerpt":{"rendered":"<p>\ud83c\udf1f Mat\u00e9riau de haute qualit\u00e9 et structure solide : Con\u00e7ue dans un souci de durabilit\u00e9, la table rectangulaire est construite en PEHD de haute qualit\u00e9 et<\/p>","protected":false},"featured_media":111595,"comment_status":"open","ping_status":"closed","template":"","meta":[],"product_brand":[],"product_cat":[30971,30836,30839,30849],"product_tag":[],"class_list":{"0":"post-52988","1":"product","2":"type-product","3":"status-publish","4":"has-post-thumbnail","6":"product_cat-hp","7":"product_cat-kids-chairs","8":"product_cat-kids-tables","9":"product_cat-kindergarten-school-furniture","11":"first","12":"instock","13":"taxable","14":"shipping-taxable","15":"purchasable","16":"product-type-variable"},"_links":{"self":[{"href":"https:\/\/nexgendecors.com\/fr\/wp-json\/wp\/v2\/product\/52988","targetHints":{"allow":["GET"]}}],"collection":[{"href":"https:\/\/nexgendecors.com\/fr\/wp-json\/wp\/v2\/product"}],"about":[{"href":"https:\/\/nexgendecors.com\/fr\/wp-json\/wp\/v2\/types\/product"}],"replies":[{"embeddable":true,"href":"https:\/\/nexgendecors.com\/fr\/wp-json\/wp\/v2\/comments?post=52988"}],"version-history":[{"count":0,"href":"https:\/\/nexgendecors.com\/fr\/wp-json\/wp\/v2\/product\/52988\/revisions"}],"wp:featuredmedia":[{"embeddable":true,"href":"https:\/\/nexgendecors.com\/fr\/wp-json\/wp\/v2\/media\/111595"}],"wp:attachment":[{"href":"https:\/\/nexgendecors.com\/fr\/wp-json\/wp\/v2\/media?parent=52988"}],"wp:term":[{"taxonomy":"product_brand","embeddable":true,"href":"https:\/\/nexgendecors.com\/fr\/wp-json\/wp\/v2\/product_brand?post=52988"},{"taxonomy":"product_cat","embeddable":true,"href":"https:\/\/nexgendecors.com\/fr\/wp-json\/wp\/v2\/product_cat?post=52988"},{"taxonomy":"product_tag","embeddable":true,"href":"https:\/\/nexgendecors.com\/fr\/wp-json\/wp\/v2\/product_tag?post=52988"}],"curies":[{"name":"wp","href":"https:\/\/api.w.org\/{rel}","templated":true}]}}