{"id":53314,"date":"2025-01-26T02:38:01","date_gmt":"2025-01-26T02:38:01","guid":{"rendered":"https:\/\/nexgendecors.com\/product\/cream-colored-ceramic-pedestal-basin-integrated-floor-standing-bathroom-balcony-small-apartment-courtyard-outdoor-vertical-wash-basin-pool-2\/"},"modified":"2025-04-06T08:28:21","modified_gmt":"2025-04-06T08:28:21","slug":"cream-colored-ceramic-pedestal-basin-integrated-floor-standing-bathroom-balcony-small-apartment-courtyard-outdoor-vertical-wash-basin-pool-2","status":"publish","type":"product","link":"https:\/\/nexgendecors.com\/fr\/product\/cream-colored-ceramic-pedestal-basin-integrated-floor-standing-bathroom-balcony-small-apartment-courtyard-outdoor-vertical-wash-basin-pool-2\/","title":{"rendered":"Lavabo sur pied en c\u00e9ramique cr\u00e8me pour espaces ext\u00e9rieurs"},"content":{"rendered":"<ul>\n<li>\n<strong>marque<\/strong>:IVIENAIISH<\/li>\n<li>\n<strong>mod\u00e8le<\/strong>:M2031<\/li>\n<li>\n<strong>Mat\u00e9riel<\/strong>:c\u00e9ramique<\/li>\n<li>\n<strong>trier par couleur<\/strong>:Cream L101 single basin (with cream drain), cream L101 + pure white rotating faucet full set of accessories, cream L101 + pure white rotating faucet full set + smart mirror, cream L101 + pure white rotating faucet full set + white mirror cabinet, cream L101 + pure white rotating faucet full set + black frame round mirror, white L101 single basin (with white drain), white L101 + pure white rotating faucet full set of accessories, white L101 + pure white rotating faucet full set + Smart mirror, white L101 + pure white rotating faucet full set + white mirror cabinet, white L101 + pure white rotating faucet full set + black frame round mirror, gun gray L101 single basin (with gun gray drain), gun gray L101 + black rotating faucet full set of accessories, gun gray L101 + black rotating faucet full set + smart mirror, gun gray L101 + black rotating faucet full set + white mirror cabinet, gun gray L101 + black rotating faucet full set + black frame round mirror, cream L102 single basin (with cream drain), cream L102 + full set of white wall-mounted faucet accessories, cream L102 + full set of white wall-mounted faucet + smart mirror, cream L102 + full set of white wall-mounted faucet + white mirror cabinet, cream L102 + full set of white wall-mounted faucet + black frame round mirror, white L102 single basin (with white drain), white L102 + full set of white wall-mounted faucet accessories, white L102 + full set of white wall-mounted faucet + smart mirror Sub, White L102 + White Wall Faucet Full Set + White Mirror Cabinet, White L102 + White Wall Faucet Full Set + Black Frame Round Mirror, Gun Gray L102 Single Basin (Gun Gray Drain), Gun Gray L102 + Black Wall Faucet Full Set Accessories, Gun Gray L102 + Black Wall Faucet Full Set + Smart Mirror, Gun Gray L102 + Black Wall Faucet Full Set + White Mirror Cabinet, Gun Gray L102 + Black Wall Faucet Full Set + Black Frame Round Mirror, Black Smart Side Cabinet<\/li>\n<li>\n<strong>Service en ville<\/strong>:Livraison porte-\u00e0-porte logistique intra-urbaine<\/li>\n<li>\n<strong>Ouverture du robinet<\/strong>:Trou unique<\/li>\n<\/ul>\n<p><img><\/p>","protected":false},"excerpt":{"rendered":"<p>Marque : IVIENAIISH Mod\u00e8le : M2031 Mat\u00e9riau : c\u00e9ramique Trier par couleur : Lavabo simple cr\u00e8me L101 (avec bonde cr\u00e8me), L101 cr\u00e8me + robinet rotatif blanc pur complet<\/p>","protected":false},"featured_media":111937,"comment_status":"open","ping_status":"closed","template":"","meta":[],"product_brand":[],"product_cat":[30971,30880],"product_tag":[],"class_list":{"0":"post-53314","1":"product","2":"type-product","3":"status-publish","4":"has-post-thumbnail","6":"product_cat-hp","7":"product_cat-wholesales-bathroom-sink","9":"first","10":"instock","11":"taxable","12":"shipping-taxable","13":"purchasable","14":"product-type-variable"},"_links":{"self":[{"href":"https:\/\/nexgendecors.com\/fr\/wp-json\/wp\/v2\/product\/53314","targetHints":{"allow":["GET"]}}],"collection":[{"href":"https:\/\/nexgendecors.com\/fr\/wp-json\/wp\/v2\/product"}],"about":[{"href":"https:\/\/nexgendecors.com\/fr\/wp-json\/wp\/v2\/types\/product"}],"replies":[{"embeddable":true,"href":"https:\/\/nexgendecors.com\/fr\/wp-json\/wp\/v2\/comments?post=53314"}],"version-history":[{"count":0,"href":"https:\/\/nexgendecors.com\/fr\/wp-json\/wp\/v2\/product\/53314\/revisions"}],"wp:featuredmedia":[{"embeddable":true,"href":"https:\/\/nexgendecors.com\/fr\/wp-json\/wp\/v2\/media\/111937"}],"wp:attachment":[{"href":"https:\/\/nexgendecors.com\/fr\/wp-json\/wp\/v2\/media?parent=53314"}],"wp:term":[{"taxonomy":"product_brand","embeddable":true,"href":"https:\/\/nexgendecors.com\/fr\/wp-json\/wp\/v2\/product_brand?post=53314"},{"taxonomy":"product_cat","embeddable":true,"href":"https:\/\/nexgendecors.com\/fr\/wp-json\/wp\/v2\/product_cat?post=53314"},{"taxonomy":"product_tag","embeddable":true,"href":"https:\/\/nexgendecors.com\/fr\/wp-json\/wp\/v2\/product_tag?post=53314"}],"curies":[{"name":"wp","href":"https:\/\/api.w.org\/{rel}","templated":true}]}}