{"id":53348,"date":"2025-01-26T02:38:03","date_gmt":"2025-01-26T02:38:03","guid":{"rendered":"https:\/\/nexgendecors.com\/product\/creative-above-counter-basin-household-wash-basin-single-wash-basin-balcony-wash-basin-oval-ceramic-basin-matte-khaki-2\/"},"modified":"2025-04-06T08:28:24","modified_gmt":"2025-04-06T08:28:24","slug":"lavabo-de-comptoir-creatif-lavabo-domestique-lavabo-simple-lavabo-de-balcon-lavabo-ovale-en-ceramique-kaki-mat-2","status":"publish","type":"product","link":"https:\/\/nexgendecors.com\/fr\/product\/lavabo-de-comptoir-creatif-lavabo-domestique-lavabo-simple-lavabo-de-balcon-lavabo-ovale-en-ceramique-kaki-mat-2\/","title":{"rendered":"Lavabo ovale en c\u00e9ramique kaki mat \u00e0 poser"},"content":{"rendered":"<ul>\n<li>\n<strong>marque<\/strong>:autre\/autre<\/li>\n<li>\n<strong>mod\u00e8le<\/strong>:Vasque ronde en forme d&#039;\u0153uf kaki<\/li>\n<li>\n<strong>Ouverture du robinet<\/strong>:Non poreux<\/li>\n<li>\n<strong>Mat\u00e9riel<\/strong>:c\u00e9ramique<\/li>\n<li>\n<strong>Service en ville<\/strong>:Livraison porte-\u00e0-porte logistique intra-urbaine<\/li>\n<li>\n<strong>trier par couleur<\/strong>:6141 kaki, ensemble de robinet, 4834 kaki, ensemble de robinet, 4030 kaki, ensemble de robinet, 6141 kaki, ensemble de vasque simple, 4834 kaki, ensemble de vasque simple, 4030 kaki, ensemble de vasque simple, 6141 blanc brillant, ensemble de robinet, 4834 blanc brillant, ensemble de robinet, 4030 blanc brillant, ensemble de robinet, 6141 blanc brillant, ensemble de vasque simple, 4834 blanc brillant, ensemble de vasque simple, 4030 blanc brillant, ensemble de vasque simple<\/li>\n<\/ul>","protected":false},"excerpt":{"rendered":"<p>Marque : autre\/autre Mod\u00e8le : Lavabo rond en forme d&#039;\u0153uf kaki Ouverture du robinet : Non poreux Mat\u00e9riau : C\u00e9ramique Service en ville : Logistique intra-urbaine Livraison porte-\u00e0-porte Trier par Couleur : 6141 kaki, paquet de robinet, 4834<\/p>","protected":false},"featured_media":111973,"comment_status":"open","ping_status":"closed","template":"","meta":[],"product_brand":[],"product_cat":[30971,30880],"product_tag":[],"class_list":{"0":"post-53348","1":"product","2":"type-product","3":"status-publish","4":"has-post-thumbnail","6":"product_cat-hp","7":"product_cat-wholesales-bathroom-sink","9":"first","10":"instock","11":"taxable","12":"shipping-taxable","13":"purchasable","14":"product-type-variable"},"_links":{"self":[{"href":"https:\/\/nexgendecors.com\/fr\/wp-json\/wp\/v2\/product\/53348","targetHints":{"allow":["GET"]}}],"collection":[{"href":"https:\/\/nexgendecors.com\/fr\/wp-json\/wp\/v2\/product"}],"about":[{"href":"https:\/\/nexgendecors.com\/fr\/wp-json\/wp\/v2\/types\/product"}],"replies":[{"embeddable":true,"href":"https:\/\/nexgendecors.com\/fr\/wp-json\/wp\/v2\/comments?post=53348"}],"version-history":[{"count":0,"href":"https:\/\/nexgendecors.com\/fr\/wp-json\/wp\/v2\/product\/53348\/revisions"}],"wp:featuredmedia":[{"embeddable":true,"href":"https:\/\/nexgendecors.com\/fr\/wp-json\/wp\/v2\/media\/111973"}],"wp:attachment":[{"href":"https:\/\/nexgendecors.com\/fr\/wp-json\/wp\/v2\/media?parent=53348"}],"wp:term":[{"taxonomy":"product_brand","embeddable":true,"href":"https:\/\/nexgendecors.com\/fr\/wp-json\/wp\/v2\/product_brand?post=53348"},{"taxonomy":"product_cat","embeddable":true,"href":"https:\/\/nexgendecors.com\/fr\/wp-json\/wp\/v2\/product_cat?post=53348"},{"taxonomy":"product_tag","embeddable":true,"href":"https:\/\/nexgendecors.com\/fr\/wp-json\/wp\/v2\/product_tag?post=53348"}],"curies":[{"name":"wp","href":"https:\/\/api.w.org\/{rel}","templated":true}]}}