{"id":53414,"date":"2025-01-26T02:38:10","date_gmt":"2025-01-26T02:38:10","guid":{"rendered":"https:\/\/nexgendecors.com\/product\/creative-fashion-above-counter-basin-art-basin-wash-basin-special-shaped-basin-basin-bathroom-personality-wash-basin-oval-2\/"},"modified":"2025-04-06T08:28:29","modified_gmt":"2025-04-06T08:28:29","slug":"creative-fashion-above-counter-basin-art-basin-wash-basin-special-shaped-basin-basin-bathroom-personality-wash-basin-oval-2","status":"publish","type":"product","link":"https:\/\/nexgendecors.com\/fr\/product\/creative-fashion-above-counter-basin-art-basin-wash-basin-special-shaped-basin-basin-bathroom-personality-wash-basin-oval-2\/","title":{"rendered":"Vasque ovale artistique \u00e0 poser \u2013 Design de salle de bain unique"},"content":{"rendered":"<ul>\n<li>\n<strong>marque<\/strong>:KALDEBEND\/KALDEBEND<\/li>\n<li>\n<strong>mod\u00e8le<\/strong>:JDP-680 Color Series<\/li>\n<li>\n<strong>Mat\u00e9riel<\/strong>:c\u00e9ramique<\/li>\n<li>\n<strong>capacit\u00e9<\/strong>:12L<\/li>\n<li>\n<strong>Origine<\/strong>:Chine continentale<\/li>\n<li>\n<strong>taille<\/strong>:680*430*165mm<\/li>\n<li>\n<strong>trier par couleur<\/strong>:JDP470 [Glossy White Single Basin] Send Water Accessories, JDP470 Glossy White with [Pearl White] Package, JDP470 Glossy White [Faucet Package] 5 Choose 1, JDP580 [Glossy White Single Basin] Send Water Accessories, JDP580 Glossy White with [Pearl White] Package, JDP580 Glossy White [Faucet Package] 5 Choose 1, JDP680 [Glossy White Single Basin] Send Water Accessories, JDP680 Glossy White with [Pearl White] Package, JDP680 Glossy White [Faucet Package] 5 Choose 1, JDP470 [Milk Tea Gray Single Basin] Send Water Accessories, JDP470 Milk Tea Gray with [Elegant Black] Package, JDP470 Milk Tea Gray [Faucet Package] 5 Choose 1, JDP580 [Milk Tea Gray Single Basin] Send Water Accessories, JDP580 Milk Tea Gray with [Elegant Black] Package, JDP580 Milk Tea Gray [Faucet Package] 5 Choose 1, JDP680 [Milk Tea Gray Single Basin] Send Water Accessories, JDP680 Milk Tea Gray with [Elegant Black] Package, JDP680 Milk Tea Gray [Faucet Package] 5 Choose 1, JDP470 [Frosted Green Single Basin] Send Water Accessories, JDP470 Frosted Green with [Elegant Black] Package, JDP470 Frosted Green [Faucet Package] 5 Choose 1, JDP580 [Frosted Green Single Basin] Send Water Accessories, JDP580 Frosted Green with [Elegant Black] Package, JDP580 Frosted Green [Faucet Package] 5 Choose 1, JDP680 [Frosted Green Single Basin] Send Water Accessories, JDP680 Frosted Green with [Elegant Black] Package, JDP680 Frosted Green [Faucet Package] 5 Choose 1, JD P470 [Frosted Gray Single Basin] Send Water Accessories, JDP470 Frosted Gray with [Elegant Black] Package, JDP470 Frosted Gray [Faucet Package] 5 Choose 1, JDP580 [Frosted Gray Single Basin] Send Water Accessories, JDP580 Frosted Gray with [Elegant Black] Package, JDP580 Frosted Gray [Faucet Package] 5 Choose 1, JDP680 [Frosted Gray Single Basin] Send Water Accessories, JDP680 Frosted Gray with [Elegant Black] Package, JDP680 Frosted Gray [Faucet Package] 5 Choose 1, JDP470 [Frosted Black Single Basin] Send Water Accessories, JDP470 Frosted Black with [Elegant Black] Package, JDP470 Frosted Black [Faucet Package] 5 Choose 1, JDP580 [Frosted Black Single Basin] Send Water Accessories, JDP580 Frosted Black with [Elegant Black] Package [Elegant Black] Package, JDP580 Matte Black [Faucet Package] 5 Choose 1, JDP680 [Matte Black Single Basin] Send Water Accessories, JDP680 Matte Black with [Elegant Black] Package, JDP680 Matte Black [Faucet Package] 5 Choose 1, JDP470 [Titanium Silver Gray Single Basin] Send Water Accessories, JDP470 Titanium Silver Gray with [Monica Gun Gray] Package, JDP470 Titanium Silver Gray with [Gun Gray Swan] Package, JDP580 [Titanium Silver Gray Single Basin] Send Water Accessories, JDP580 Titanium Silver Gray with [Monica Gun Gray] Package, JDP580 Titanium Silver Gray with [Gun Gray Swan] Package, JDP680 [Titanium Silver Gray Single Basin] Send Water Accessories, JDP680 Titanium Silver Gray with [Monica Gun Gray] Package, JDP680 Titanium Silver Gray with [Gun Gray Swan] Package<\/li>\n<li>\n<strong>Service en ville<\/strong>:Livraison porte-\u00e0-porte logistique intra-urbaine<\/li>\n<li>\n<strong>Ouverture du robinet<\/strong>:Non poreux<\/li>\n<li>\n<strong><\/strong>:<\/li>\n<\/ul>\n<p><img><\/p>","protected":false},"excerpt":{"rendered":"<p>Marque : KALDEBEND\/KALDEBEND Mod\u00e8le : JDP-680 Color Series Mat\u00e9riau : c\u00e9ramique Capacit\u00e9 : 12 L Origine : Chine continentale Taille : 680 x 430 x 165 mm Trier par couleur : JDP470 [Vasque simple blanc brillant] Envoyer des accessoires d&#039;eau, JDP470<\/p>","protected":false},"featured_media":112093,"comment_status":"open","ping_status":"closed","template":"","meta":[],"product_brand":[],"product_cat":[30971,30880],"product_tag":[],"class_list":{"0":"post-53414","1":"product","2":"type-product","3":"status-publish","4":"has-post-thumbnail","6":"product_cat-hp","7":"product_cat-wholesales-bathroom-sink","9":"first","10":"instock","11":"taxable","12":"shipping-taxable","13":"purchasable","14":"product-type-variable"},"_links":{"self":[{"href":"https:\/\/nexgendecors.com\/fr\/wp-json\/wp\/v2\/product\/53414","targetHints":{"allow":["GET"]}}],"collection":[{"href":"https:\/\/nexgendecors.com\/fr\/wp-json\/wp\/v2\/product"}],"about":[{"href":"https:\/\/nexgendecors.com\/fr\/wp-json\/wp\/v2\/types\/product"}],"replies":[{"embeddable":true,"href":"https:\/\/nexgendecors.com\/fr\/wp-json\/wp\/v2\/comments?post=53414"}],"version-history":[{"count":0,"href":"https:\/\/nexgendecors.com\/fr\/wp-json\/wp\/v2\/product\/53414\/revisions"}],"wp:featuredmedia":[{"embeddable":true,"href":"https:\/\/nexgendecors.com\/fr\/wp-json\/wp\/v2\/media\/112093"}],"wp:attachment":[{"href":"https:\/\/nexgendecors.com\/fr\/wp-json\/wp\/v2\/media?parent=53414"}],"wp:term":[{"taxonomy":"product_brand","embeddable":true,"href":"https:\/\/nexgendecors.com\/fr\/wp-json\/wp\/v2\/product_brand?post=53414"},{"taxonomy":"product_cat","embeddable":true,"href":"https:\/\/nexgendecors.com\/fr\/wp-json\/wp\/v2\/product_cat?post=53414"},{"taxonomy":"product_tag","embeddable":true,"href":"https:\/\/nexgendecors.com\/fr\/wp-json\/wp\/v2\/product_tag?post=53414"}],"curies":[{"name":"wp","href":"https:\/\/api.w.org\/{rel}","templated":true}]}}