{"id":53471,"date":"2025-01-26T02:38:14","date_gmt":"2025-01-26T02:38:14","guid":{"rendered":"https:\/\/nexgendecors.com\/product\/creative-green-rabbit-chair-2024-living-room-designer-single-leisure-chair-special-shaped-chair-leisure-net-red-sofa-chair\/"},"modified":"2025-04-06T08:28:32","modified_gmt":"2025-04-06T08:28:32","slug":"creative-green-rabbit-chair-2024-living-room-designer-single-leisure-chair-special-shaped-chair-leisure-net-red-sofa-chair","status":"publish","type":"product","link":"https:\/\/nexgendecors.com\/fr\/product\/creative-green-rabbit-chair-2024-living-room-designer-single-leisure-chair-special-shaped-chair-leisure-net-red-sofa-chair\/","title":{"rendered":"Fauteuil de loisirs Green Rabbit \u2013 Canap\u00e9 design unique"},"content":{"rendered":"<ul>\n<li>\n<strong>marque<\/strong>:OLIELAN<\/li>\n<li>\n<strong>mod\u00e8le<\/strong>:356854846<\/li>\n<li>\n<strong>\u00e9l\u00e9ments populaires<\/strong>:Conception principale, forme sp\u00e9ciale, m\u00e9tal<\/li>\n<li>\n<strong>Mat\u00e9riel<\/strong>:Fibre de verre<\/li>\n<li>\n<strong>trier par couleur<\/strong>:Purple,Dark green,Chocolate,Camel,Green,Gray,Customized<\/li>\n<li>\n<strong><\/strong>:<\/li>\n<\/ul>\n<p><img><\/p>","protected":false},"excerpt":{"rendered":"<p>Marque : OLIELAN Mod\u00e8le : 356854846 \u00c9l\u00e9ments populaires : Conception principale, forme sp\u00e9ciale, m\u00e9tal Mat\u00e9riau : Fibre de verre Trier par couleur : Violet, Vert fonc\u00e9, Chocolat, Camel, Vert, Gris, Personnalis\u00e9 :<\/p>","protected":false},"featured_media":112097,"comment_status":"open","ping_status":"closed","template":"","meta":[],"product_brand":[],"product_cat":[30862,30971,30846,30850],"product_tag":[],"class_list":{"0":"post-53471","1":"product","2":"type-product","3":"status-publish","4":"has-post-thumbnail","6":"product_cat-wholesales-hotels","7":"product_cat-hp","8":"product_cat-living-room","9":"product_cat-wholesale-furniture","11":"first","12":"instock","13":"taxable","14":"shipping-taxable","15":"purchasable","16":"product-type-variable"},"_links":{"self":[{"href":"https:\/\/nexgendecors.com\/fr\/wp-json\/wp\/v2\/product\/53471","targetHints":{"allow":["GET"]}}],"collection":[{"href":"https:\/\/nexgendecors.com\/fr\/wp-json\/wp\/v2\/product"}],"about":[{"href":"https:\/\/nexgendecors.com\/fr\/wp-json\/wp\/v2\/types\/product"}],"replies":[{"embeddable":true,"href":"https:\/\/nexgendecors.com\/fr\/wp-json\/wp\/v2\/comments?post=53471"}],"version-history":[{"count":0,"href":"https:\/\/nexgendecors.com\/fr\/wp-json\/wp\/v2\/product\/53471\/revisions"}],"wp:featuredmedia":[{"embeddable":true,"href":"https:\/\/nexgendecors.com\/fr\/wp-json\/wp\/v2\/media\/112097"}],"wp:attachment":[{"href":"https:\/\/nexgendecors.com\/fr\/wp-json\/wp\/v2\/media?parent=53471"}],"wp:term":[{"taxonomy":"product_brand","embeddable":true,"href":"https:\/\/nexgendecors.com\/fr\/wp-json\/wp\/v2\/product_brand?post=53471"},{"taxonomy":"product_cat","embeddable":true,"href":"https:\/\/nexgendecors.com\/fr\/wp-json\/wp\/v2\/product_cat?post=53471"},{"taxonomy":"product_tag","embeddable":true,"href":"https:\/\/nexgendecors.com\/fr\/wp-json\/wp\/v2\/product_tag?post=53471"}],"curies":[{"name":"wp","href":"https:\/\/api.w.org\/{rel}","templated":true}]}}