{"id":53554,"date":"2025-01-26T02:38:21","date_gmt":"2025-01-26T02:38:21","guid":{"rendered":"https:\/\/nexgendecors.com\/product\/creative-personality-light-milk-oval-ceramic-bathroom-home-above-counter-basin-art-basin-wash-basin-balcony-wash-basin-2\/"},"modified":"2025-04-06T08:28:38","modified_gmt":"2025-04-06T08:28:38","slug":"creative-personality-light-milk-oval-ceramic-bathroom-home-above-counter-basin-art-basin-wash-basin-balcony-wash-basin-2","status":"publish","type":"product","link":"https:\/\/nexgendecors.com\/fr\/product\/creative-personality-light-milk-oval-ceramic-bathroom-home-above-counter-basin-art-basin-wash-basin-balcony-wash-basin-2\/","title":{"rendered":"Lavabo ovale artistique en c\u00e9ramique \u00e0 poser au-dessus du comptoir"},"content":{"rendered":"<ul>\n<li>\n<strong>\u54c1\u724c<\/strong>:other\/\u5176\u4ed6<\/li>\n<li>\n<strong>\u578b\u53f7<\/strong>:\u4e09\u8272\u9e45\u86cb<\/li>\n<li>\n<strong>\u9f99\u5934\u5f00\u5b54<\/strong>:\u65e0\u5b54<\/li>\n<li>\n<strong>\u6750\u8d28<\/strong>:\u9676\u74f7<\/li>\n<li>\n<strong>\u540c\u57ce\u670d\u52a1<\/strong>:\u540c\u57ce\u7269\u6d41\u9001\u8d27\u4e0a\u95e8<\/li>\n<li>\n<strong>\u989c\u8272\u5206\u7c7b<\/strong>:6141\u6de1\u5976\u7c89\u7070\u8fb9\uff08\u9f99\u5934\u5957\u9910\uff09,4834\u6de1\u5976\u7c89\u7070\u8fb9\uff08\u9f99\u5934\u5957\u9910\uff09,4030\u6de1\u5976\u7c89\u7070\u8fb9\uff08\u9f99\u5934\u5957\u9910\uff09,6141\u6de1\u5976\u7c89\u7070\u8fb9\uff08\u5355\u76c6\u5957\u9910\uff09,4834\u6de1\u5976\u7c89\u7070\u8fb9\uff08\u5355\u76c6\u5957\u9910\uff09,4030\u6de1\u5976\u7c89\u7070\u8fb9\uff08\u5355\u76c6\u5957\u9910\uff09,6141\u6de1\u5976\u7c89\uff08\u9f99\u5934\u5957\u9910\uff09,4834\u6de1\u5976\u7c89\uff08\u9f99\u5934\u5957\u9910\uff09,4030\u6de1\u5976\u7c89\uff08\u9f99\u5934\u5957\u9910\uff09,614\u6de1\u5976\u7c89\uff08\u5355\u76c6\u5957\u9910\uff09,4834\u6de1\u5976\u7c89\uff08\u5355\u76c6\u5957\u9910\uff09,4030\u6de1\u5976\u7c89\uff08\u5355\u76c6\u5957\u9910\uff09,6141\u6de1\u5976\u6cb9\uff08\u9f99\u5934\u5957\u9910\uff09,4834\u6de1\u5976\u6cb9\uff08\u9f99\u5934\u5957\u9910\uff09,4030\u6de1\u5976\u6cb9\uff08\u9f99\u5934\u5957\u9910\uff09,6141\u6de1\u5976\u6cb9\uff08\u5355\u76c6\u5957\u9910\uff09,4834\u6de1\u5976\u6cb9\uff08\u5355\u76c6\u5957\u9910\uff09,4030\u6de1\u5976\u6cb9\uff08\u5355\u76c6\u5957\u9910\uff09<\/li>\n<\/ul>\n<p><img><\/p>","protected":false},"excerpt":{"rendered":"<p>Nom:other\/\u5176\u4ed6 Nom:\u4e09\u8272\u9e45\u86cb Nom:\u65e0\u5b54 Nom:\u9676\u74f7 Nom:\u540c\u57ce\u7269\u6d41\u9001\u8d27\u4e0a\u95e8 Num\u00e9ro de t\u00e9l\u00e9phone\u00a0: 6141\u00a0\u6de1\u5976\u7c89\u7070\u8fb9\uff08\u9f99\u5934\u5957\u9910\uff09,4834\u6de1\u5976\u7c89\u7070\u8fb9\uff08\u9f99\u5934\u5957\u9910\uff09,4030\u6de1\u5976\u7c89\u7070\u8fb9\uff08\u9f99\u5934\u5957\u9910\uff09,6141\u6de1\u5976\u7c89\u7070\u8fb9\uff08\u5355\u76c6\u5957\u9910\uff09,4834\u6de1\u5976\u7c89\u7070\u8fb9\uff08\u5355\u76c6\u5957\u9910\uff09,4030\u6de1\u5976\u7c89\u7070\u8fb9\uff08\u5355\u76c6\u5957\u9910\uff09,6141\u6de1\u5976\u7c89\uff08\u9f99\u5934\u5957\u9910\uff09,4834\u6de1\u5976\u7c89\uff08\u9f99\u5934\u5957\u9910\uff09,4030\u6de1\u5976\u7c89\uff08\u9f99\u5934\u5957\u9910\uff09,614\u6de1\u5976\u7c89\uff08\u5355\u76c6\u5957\u9910\uff09,4834\u6de1\u5976\u7c89\uff08\u5355\u76c6\u5957\u9910\uff09,4030\u6de1\u5976\u7c89\uff08\u5355\u76c6\u5957\u9910\uff09,6141\u6de1\u5976\u6cb9\uff08\u9f99\u5934\u5957\u9910\uff09,48 34 heures de travail (\u9f99\u5934\u5957\u9910), 4030 heures de travail (\u9f99\u5934\u5957\u9910), 6141 heures de travail \uff08\u5355\u76c6\u5957\u9910\uff09,4834\u6de1\u5976\u6cb9\uff08\u5355\u76c6\u5957\u9910\uff09,4030\u6de1\u5976\u6cb9\uff08\u5355\u76c6\u5957\u9910\uff09<\/p>","protected":false},"featured_media":112197,"comment_status":"open","ping_status":"closed","template":"","meta":[],"product_brand":[],"product_cat":[30971,30880],"product_tag":[],"class_list":{"0":"post-53554","1":"product","2":"type-product","3":"status-publish","4":"has-post-thumbnail","6":"product_cat-hp","7":"product_cat-wholesales-bathroom-sink","9":"first","10":"instock","11":"taxable","12":"shipping-taxable","13":"purchasable","14":"product-type-variable"},"_links":{"self":[{"href":"https:\/\/nexgendecors.com\/fr\/wp-json\/wp\/v2\/product\/53554","targetHints":{"allow":["GET"]}}],"collection":[{"href":"https:\/\/nexgendecors.com\/fr\/wp-json\/wp\/v2\/product"}],"about":[{"href":"https:\/\/nexgendecors.com\/fr\/wp-json\/wp\/v2\/types\/product"}],"replies":[{"embeddable":true,"href":"https:\/\/nexgendecors.com\/fr\/wp-json\/wp\/v2\/comments?post=53554"}],"version-history":[{"count":0,"href":"https:\/\/nexgendecors.com\/fr\/wp-json\/wp\/v2\/product\/53554\/revisions"}],"wp:featuredmedia":[{"embeddable":true,"href":"https:\/\/nexgendecors.com\/fr\/wp-json\/wp\/v2\/media\/112197"}],"wp:attachment":[{"href":"https:\/\/nexgendecors.com\/fr\/wp-json\/wp\/v2\/media?parent=53554"}],"wp:term":[{"taxonomy":"product_brand","embeddable":true,"href":"https:\/\/nexgendecors.com\/fr\/wp-json\/wp\/v2\/product_brand?post=53554"},{"taxonomy":"product_cat","embeddable":true,"href":"https:\/\/nexgendecors.com\/fr\/wp-json\/wp\/v2\/product_cat?post=53554"},{"taxonomy":"product_tag","embeddable":true,"href":"https:\/\/nexgendecors.com\/fr\/wp-json\/wp\/v2\/product_tag?post=53554"}],"curies":[{"name":"wp","href":"https:\/\/api.w.org\/{rel}","templated":true}]}}