{"id":53699,"date":"2025-01-26T02:38:45","date_gmt":"2025-01-26T02:38:45","guid":{"rendered":"https:\/\/nexgendecors.com\/product\/custom-designer-suspended-sofa-chair-acrylic-suspended-sofa-chair-leisure-recliner-nordic-creative-personality\/"},"modified":"2025-04-06T08:28:58","modified_gmt":"2025-04-06T08:28:58","slug":"canape-suspendu-design-personnalise-fauteuil-suspendu-en-acrylique-fauteuil-de-loisirs-inclinable-personnalite-creative-nordique","status":"publish","type":"product","link":"https:\/\/nexgendecors.com\/fr\/product\/canape-suspendu-design-personnalise-fauteuil-suspendu-en-acrylique-fauteuil-de-loisirs-inclinable-personnalite-creative-nordique\/","title":{"rendered":"Fauteuil suspendu nordique en acrylique \u2013 Fauteuil inclinable cr\u00e9atif"},"content":{"rendered":"<ul>\n<li>\n<strong>marque<\/strong>:Tao\u00efste<\/li>\n<li>\n<strong>mod\u00e8le<\/strong>:61<\/li>\n<li>\n<strong>Mat\u00e9riel<\/strong>:Verre<\/li>\n<li>\n<strong>\u00e9l\u00e9ments populaires<\/strong>:Autre,Conception principale,Forme sp\u00e9ciale,\u00c9pissage,M\u00e9tal<\/li>\n<li>\n<strong>trier par couleur<\/strong>:Cuir noir + acrylique blanc [en stock et livraison rapide], cuir blanc + acrylique blanc [en stock et livraison rapide], cuir vert + acrylique blanc, cuir orange + acrylique blanc, flanelle marron + acrylique noir, verre tremp\u00e9, couleurs en option<\/li>\n<li>\n<strong>Est-ce personnalisable ?<\/strong>:Oui<\/li>\n<li>\n<strong>Livraison\/installation disponible<\/strong>:Shanghai, autres, P\u00e9kin, Nanjing, Nanchang, Harbin, Dalian, Tianjin, Ningbo, Guangzhou, Chengdu, Hangzhou, Wuhan, Shenyang, Shenzhen, Wenzhou, Suzhou, Xi&#039;an, ville de Guiyang, ville de Zhengzhou, ville de Chongqing, ville de Jinhua, ville de Changsha, ville de Dongguan, ville de Fuzhou, ville de Qingdao, ville de Wuxi, ville de Taizhou, ville de Changzhou, ville de Foshan, ville de Xiamen, ville de Nanning<\/li>\n<li>\n<strong>ville<\/strong>:Huizhou<\/li>\n<li>\n<strong>Districts et comt\u00e9s<\/strong>:District de Huiyang<\/li>\n<li>\n<strong>Un taxi est-il disponible pour le transport ?<\/strong>:Non<\/li>\n<li>\n<strong>Positionnement de style<\/strong>:Style artistique<\/li>\n<li>\n<strong>Instructions d&#039;installation d\u00e9taill\u00e9es<\/strong>:Aucune instruction d&#039;installation<\/li>\n<li>\n<strong><\/strong>:<\/li>\n<\/ul>\n<p><img><\/p>","protected":false},"excerpt":{"rendered":"<p>brand:Taoist model:61 Material:Glass popular elements:Other,Master Design,Special Shape,Splicing,Metal sort by color:Black leather + white acrylic [in stock and fast delivery], white<\/p>","protected":false},"featured_media":112378,"comment_status":"open","ping_status":"closed","template":"","meta":[],"product_brand":[],"product_cat":[30855,30862,30971,30860,30850],"product_tag":[],"class_list":{"0":"post-53699","1":"product","2":"type-product","3":"status-publish","4":"has-post-thumbnail","6":"product_cat-wholesale-chairs","7":"product_cat-wholesales-hotels","8":"product_cat-hp","9":"product_cat-wholesale-restaurant","10":"product_cat-wholesale-furniture","12":"first","13":"instock","14":"sale","15":"taxable","16":"shipping-taxable","17":"purchasable","18":"product-type-variable"},"_links":{"self":[{"href":"https:\/\/nexgendecors.com\/fr\/wp-json\/wp\/v2\/product\/53699","targetHints":{"allow":["GET"]}}],"collection":[{"href":"https:\/\/nexgendecors.com\/fr\/wp-json\/wp\/v2\/product"}],"about":[{"href":"https:\/\/nexgendecors.com\/fr\/wp-json\/wp\/v2\/types\/product"}],"replies":[{"embeddable":true,"href":"https:\/\/nexgendecors.com\/fr\/wp-json\/wp\/v2\/comments?post=53699"}],"version-history":[{"count":0,"href":"https:\/\/nexgendecors.com\/fr\/wp-json\/wp\/v2\/product\/53699\/revisions"}],"wp:featuredmedia":[{"embeddable":true,"href":"https:\/\/nexgendecors.com\/fr\/wp-json\/wp\/v2\/media\/112378"}],"wp:attachment":[{"href":"https:\/\/nexgendecors.com\/fr\/wp-json\/wp\/v2\/media?parent=53699"}],"wp:term":[{"taxonomy":"product_brand","embeddable":true,"href":"https:\/\/nexgendecors.com\/fr\/wp-json\/wp\/v2\/product_brand?post=53699"},{"taxonomy":"product_cat","embeddable":true,"href":"https:\/\/nexgendecors.com\/fr\/wp-json\/wp\/v2\/product_cat?post=53699"},{"taxonomy":"product_tag","embeddable":true,"href":"https:\/\/nexgendecors.com\/fr\/wp-json\/wp\/v2\/product_tag?post=53699"}],"curies":[{"name":"wp","href":"https:\/\/api.w.org\/{rel}","templated":true}]}}