{"id":53726,"date":"2025-01-26T02:38:47","date_gmt":"2025-01-26T02:38:47","guid":{"rendered":"https:\/\/nexgendecors.com\/product\/custom-outdoor-stainless-steel-bench-solid-wood-three-person-backrest-leisure-square-chair-community-villa-open-air-park-seat-2\/"},"modified":"2025-04-06T08:29:05","modified_gmt":"2025-04-06T08:29:05","slug":"custom-outdoor-stainless-steel-bench-solid-wood-three-person-backrest-leisure-square-chair-community-villa-open-air-park-seat-2","status":"publish","type":"product","link":"https:\/\/nexgendecors.com\/fr\/product\/custom-outdoor-stainless-steel-bench-solid-wood-three-person-backrest-leisure-square-chair-community-villa-open-air-park-seat-2\/","title":{"rendered":"Banc d&#039;ext\u00e9rieur 3 personnes en acier inoxydable et bois"},"content":{"rendered":"<ul>\n<li>\n<strong>marque<\/strong>:Teng Piao<\/li>\n<li>\n<strong>mod\u00e8le<\/strong>:TX-GYY012<\/li>\n<li>\n<strong>Mat\u00e9riau du si\u00e8ge<\/strong>:Bois massif<\/li>\n<li>\n<strong>style<\/strong>:Simple et moderne<\/li>\n<li>\n<strong>trier par couleur<\/strong>:Anticorrosive pine, anticorrosive crabapple, PS plastic wood<\/li>\n<li>\n<strong>Est-ce personnalisable ?<\/strong>:Oui<\/li>\n<li>\n<strong>Fonctionnalit\u00e9s suppl\u00e9mentaires<\/strong>:il peut bouger<\/li>\n<li>\n<strong>Structure du meuble<\/strong>:Cadre<\/li>\n<li>\n<strong>ville<\/strong>:Guangzhou City<\/li>\n<li>\n<strong>Districts et comt\u00e9s<\/strong>:Panyu District<\/li>\n<li>\n<strong>volume du colis<\/strong>:0.8<\/li>\n<li>\n<strong>Un taxi est-il disponible pour le transport ?<\/strong>:Non<\/li>\n<li>\n<strong>Positionnement de style<\/strong>:\u00c9conomique<\/li>\n<\/ul>\n<p><img><\/p>","protected":false},"excerpt":{"rendered":"<p>Marque : Teng Piao Mod\u00e8le : TX-GYY012 Mat\u00e9riau du si\u00e8ge : Bois massif Style : Simple et moderne Trier par couleur : Pin anticorrosion, pommetier anticorrosion, bois plastique PS Est-ce que c&#039;est<\/p>","protected":false},"featured_media":112408,"comment_status":"open","ping_status":"closed","template":"","meta":[],"product_brand":[],"product_cat":[30971,30853],"product_tag":[],"class_list":{"0":"post-53726","1":"product","2":"type-product","3":"status-publish","4":"has-post-thumbnail","6":"product_cat-hp","7":"product_cat-new-wholesale-public-projects","9":"first","10":"instock","11":"taxable","12":"shipping-taxable","13":"purchasable","14":"product-type-variable"},"_links":{"self":[{"href":"https:\/\/nexgendecors.com\/fr\/wp-json\/wp\/v2\/product\/53726","targetHints":{"allow":["GET"]}}],"collection":[{"href":"https:\/\/nexgendecors.com\/fr\/wp-json\/wp\/v2\/product"}],"about":[{"href":"https:\/\/nexgendecors.com\/fr\/wp-json\/wp\/v2\/types\/product"}],"replies":[{"embeddable":true,"href":"https:\/\/nexgendecors.com\/fr\/wp-json\/wp\/v2\/comments?post=53726"}],"version-history":[{"count":0,"href":"https:\/\/nexgendecors.com\/fr\/wp-json\/wp\/v2\/product\/53726\/revisions"}],"wp:featuredmedia":[{"embeddable":true,"href":"https:\/\/nexgendecors.com\/fr\/wp-json\/wp\/v2\/media\/112408"}],"wp:attachment":[{"href":"https:\/\/nexgendecors.com\/fr\/wp-json\/wp\/v2\/media?parent=53726"}],"wp:term":[{"taxonomy":"product_brand","embeddable":true,"href":"https:\/\/nexgendecors.com\/fr\/wp-json\/wp\/v2\/product_brand?post=53726"},{"taxonomy":"product_cat","embeddable":true,"href":"https:\/\/nexgendecors.com\/fr\/wp-json\/wp\/v2\/product_cat?post=53726"},{"taxonomy":"product_tag","embeddable":true,"href":"https:\/\/nexgendecors.com\/fr\/wp-json\/wp\/v2\/product_tag?post=53726"}],"curies":[{"name":"wp","href":"https:\/\/api.w.org\/{rel}","templated":true}]}}