{"id":53947,"date":"2025-01-26T02:39:24","date_gmt":"2025-01-26T02:39:24","guid":{"rendered":"https:\/\/nexgendecors.com\/product\/danish-solid-wood-restaurant-long-dining-chair-nordic-double-three-person-chair-with-backrest-wabi-sabi-style-b-b-hotel-bedroom-long-chair\/"},"modified":"2025-04-06T08:29:27","modified_gmt":"2025-04-06T08:29:27","slug":"chaise-de-salle-a-manger-longue-en-bois-massif-danois-chaise-nordique-double-pour-trois-personnes-avec-dossier-style-wabi-sabi-chaise-longue-pour-chambre-dhotel-bb","status":"publish","type":"product","link":"https:\/\/nexgendecors.com\/fr\/product\/chaise-de-salle-a-manger-longue-en-bois-massif-danois-chaise-nordique-double-pour-trois-personnes-avec-dossier-style-wabi-sabi-chaise-longue-pour-chambre-dhotel-bb\/","title":{"rendered":"Chaise de salle \u00e0 manger longue en bois massif Nordic Wabi-Sabi"},"content":{"rendered":"<ul>\n<li>\n<strong>marque<\/strong>:autre\/autre<\/li>\n<li>\n<strong>mod\u00e8le<\/strong>:2023513663268<\/li>\n<li>\n<strong>Mat\u00e9riel<\/strong>:Bois<\/li>\n<li>\n<strong>Mat\u00e9riau en bois<\/strong>:autre<\/li>\n<li>\n<strong>style<\/strong>:Simple et moderne<\/li>\n<li>\n<strong>\u00e9l\u00e9ments populaires<\/strong>:B\u00fbches, conception principale, forme sp\u00e9ciale, coutume populaire<\/li>\n<li>\n<strong>trier par couleur<\/strong>:110,120,130,140,150,160,170,180,couleur et taille<\/li>\n<li>\n<strong>Mat\u00e9riau de finition<\/strong>:tissu<\/li>\n<li>\n<strong>Processus de finition du tissu<\/strong>:Autre<\/li>\n<li>\n<strong>Hauteur du dossier<\/strong>:125 mm (non inclus) \u2013 800 mm (non inclus)<\/li>\n<li>\n<strong>Est-ce personnalisable ?<\/strong>:Oui<\/li>\n<li>\n<strong>Est-ce rotatif ?<\/strong>:Non<\/li>\n<li>\n<strong>Y a-t-il des mains courantes ?<\/strong>:Non<\/li>\n<li>\n<strong>Fonctionnalit\u00e9s suppl\u00e9mentaires<\/strong>:il peut bouger<\/li>\n<li>\n<strong>Appropri\u00e9<\/strong>:Adultes<\/li>\n<li>\n<strong>Livraison\/installation disponible<\/strong>:Shanghai, P\u00e9kin, Nanjing, Nanchang, Harbin, Dalian, Tianjin, Ningbo, Guangzhou, Chengdu, Hangzhou, Wuhan, Shenyang, Shenzhen, Wenzhou, Suzhou, Xi&#039;an, Guiyang, Zhengzhou, Chongqing, Jinhua, Changsha, Dongguan, Fuzhou, Qingdao, Wuxi, Taizhou, Changzhou, Foshan, Xiamen, Nanning<\/li>\n<li>\n<strong>Origine<\/strong>:Shanghai<\/li>\n<li>\n<strong>ville<\/strong>:Shanghai<\/li>\n<li>\n<strong>Assembler<\/strong>:Non<\/li>\n<li>\n<strong>Le si\u00e8ge est-il rembourr\u00e9 ?<\/strong>:Oui<\/li>\n<li>\n<strong>Un taxi est-il disponible pour le transport ?<\/strong>:Non<\/li>\n<li>\n<strong>Positionnement de style<\/strong>:\u00c9conomique<\/li>\n<\/ul>","protected":false},"excerpt":{"rendered":"<p>Marque : autre\/autre Mod\u00e8le : 2023513663268 Mat\u00e9riau : bois Mat\u00e9riau du bois : autre Style : simple et moderne \u00c9l\u00e9ments populaires : b\u00fbches, design principal, forme sp\u00e9ciale, coutume folklorique Trier par couleur : 110, 120, 130, 140, 150, 160, 170, 180, couleur et<\/p>","protected":false},"featured_media":112638,"comment_status":"open","ping_status":"closed","template":"","meta":[],"product_brand":[],"product_cat":[30971,30850],"product_tag":[15654],"class_list":{"0":"post-53947","1":"product","2":"type-product","3":"status-publish","4":"has-post-thumbnail","6":"product_cat-hp","7":"product_cat-wholesale-furniture","8":"product_tag-taobao","10":"first","11":"instock","12":"sale","13":"taxable","14":"shipping-taxable","15":"purchasable","16":"product-type-variable"},"_links":{"self":[{"href":"https:\/\/nexgendecors.com\/fr\/wp-json\/wp\/v2\/product\/53947","targetHints":{"allow":["GET"]}}],"collection":[{"href":"https:\/\/nexgendecors.com\/fr\/wp-json\/wp\/v2\/product"}],"about":[{"href":"https:\/\/nexgendecors.com\/fr\/wp-json\/wp\/v2\/types\/product"}],"replies":[{"embeddable":true,"href":"https:\/\/nexgendecors.com\/fr\/wp-json\/wp\/v2\/comments?post=53947"}],"version-history":[{"count":0,"href":"https:\/\/nexgendecors.com\/fr\/wp-json\/wp\/v2\/product\/53947\/revisions"}],"wp:featuredmedia":[{"embeddable":true,"href":"https:\/\/nexgendecors.com\/fr\/wp-json\/wp\/v2\/media\/112638"}],"wp:attachment":[{"href":"https:\/\/nexgendecors.com\/fr\/wp-json\/wp\/v2\/media?parent=53947"}],"wp:term":[{"taxonomy":"product_brand","embeddable":true,"href":"https:\/\/nexgendecors.com\/fr\/wp-json\/wp\/v2\/product_brand?post=53947"},{"taxonomy":"product_cat","embeddable":true,"href":"https:\/\/nexgendecors.com\/fr\/wp-json\/wp\/v2\/product_cat?post=53947"},{"taxonomy":"product_tag","embeddable":true,"href":"https:\/\/nexgendecors.com\/fr\/wp-json\/wp\/v2\/product_tag?post=53947"}],"curies":[{"name":"wp","href":"https:\/\/api.w.org\/{rel}","templated":true}]}}