{"id":54164,"date":"2025-01-26T02:39:54","date_gmt":"2025-01-26T02:39:54","guid":{"rendered":"https:\/\/nexgendecors.com\/product\/designer-minimalist-restaurant-chandelier-creative-wabi-sabi-style-tea-room-dining-table-bar-island-office-one-line-long-strip-light\/"},"modified":"2025-04-06T08:29:42","modified_gmt":"2025-04-06T08:29:42","slug":"designer-minimalist-restaurant-chandelier-creative-wabi-sabi-style-tea-room-dining-table-bar-island-office-one-line-long-strip-light","status":"publish","type":"product","link":"https:\/\/nexgendecors.com\/fr\/product\/designer-minimalist-restaurant-chandelier-creative-wabi-sabi-style-tea-room-dining-table-bar-island-office-one-line-long-strip-light\/","title":{"rendered":"Lustre minimaliste Wabi-Sabi pour salle \u00e0 manger et bureau"},"content":{"rendered":"<ul>\n<li>\n<strong>marque<\/strong>:Mingxuan Lighting<\/li>\n<li>\n<strong>mod\u00e8le<\/strong>:PL1234<\/li>\n<li>\n<strong>style<\/strong>:Simple et moderne<\/li>\n<li>\n<strong>Temp\u00e9rature de couleur de la source lumineuse Valeur K<\/strong>:3000K-6000K<\/li>\n<li>\n<strong>trier par couleur<\/strong>:Gold lamp body warm light Gold lamp body three-color light changing Gold lamp body three-color stepless dimming Gold lamp body three-color can be connected to Tmall Gold lamp body three-color can be connected to Mijia Black lamp body warm light Black lamp body three-color light changing Black lamp body three-color stepless dimming Black lamp body three-color can be connected to Tmall Black lamp body three-color can be connected to Mijia<\/li>\n<li>\n<strong>La lampe a-t-elle une source lumineuse ?<\/strong>:Oui<\/li>\n<li>\n<strong>Service en ville<\/strong>:Livraison \u00e0 domicile par des vendeurs locaux<\/li>\n<li>\n<strong>Tension<\/strong>:111V~240V (inclus)<\/li>\n<li>\n<strong>Mat\u00e9riau principal du corps de la lampe<\/strong>:Ch\u00e2ssis ABS+Mat\u00e9riel<\/li>\n<li>\n<strong>Mat\u00e9riau principal de l&#039;abat-jour<\/strong>:Acrylique<\/li>\n<li>\n<strong>type de source lumineuse<\/strong>:Lumi\u00e8res LED<\/li>\n<li>\n<strong>Nombre de sources lumineuses<\/strong>:1<\/li>\n<li>\n<strong>Technologie<\/strong>:Gla\u00e7age \u00e0 la peinture en a\u00e9rosol<\/li>\n<li>\n<strong>Zone d&#039;irradiation<\/strong>:10\u33a1-15\u33a1 5\u33a1-10\u33a1<\/li>\n<li>\n<strong>Type de contr\u00f4le<\/strong>:APP control<\/li>\n<li>\n<strong>Temp\u00e9rature de couleur<\/strong>:Gradation continue<\/li>\n<li>\n<strong>Mat\u00e9riau auxiliaire pour abat-jour<\/strong>:Abat-jour en PMMA \u00e0 haute transmission lumineuse<\/li>\n<li>\n<strong>P\u00e9riode de garantie<\/strong>:3 ans<\/li>\n<li>\n<strong>Mat\u00e9riau auxiliaire du corps de la lampe<\/strong>:fer<\/li>\n<li>\n<strong>taille<\/strong>:800x100x160mm 1000x100x160mm 1200x100x160mm 1500x100x160mm 1800x100x160mm 2000x100x160mm<\/li>\n<li>\n<strong>Type intelligent<\/strong>:Connect\u00e9 \u00e0 Tmall Genie<\/li>\n<li>\n<strong>Que ce soit un contr\u00f4le intelligent<\/strong>:Oui<\/li>\n<li>\n<strong>Forme de la lampe<\/strong>:Lustre en forme de ligne de p\u00eache<\/li>\n<li>\n<strong>Nombre d&#039;accessoires<\/strong>:6<\/li>\n<li>\n<strong>Nombre de t\u00eates de lampe<\/strong>:1<\/li>\n<li>\n<strong>Type de lustre<\/strong>:Acrylique<\/li>\n<li>\n<strong>Num\u00e9ro de certificat 3C<\/strong>:2023371001000299<\/li>\n<li>\n<strong><\/strong>:<\/li>\n<\/ul>\n<p><img><\/p>","protected":false},"excerpt":{"rendered":"<p>Marque : Mingxuan Lighting Mod\u00e8le : PL1234 Style : Simple et moderne Temp\u00e9rature de couleur de la source lumineuse Valeur K : 3000K-6000K Trier par couleur : Corps de lampe dor\u00e9 Lumi\u00e8re chaude Or<\/p>","protected":false},"featured_media":112880,"comment_status":"open","ping_status":"closed","template":"","meta":[],"product_brand":[],"product_cat":[30971,30864],"product_tag":[],"class_list":{"0":"post-54164","1":"product","2":"type-product","3":"status-publish","4":"has-post-thumbnail","6":"product_cat-hp","7":"product_cat-new-wholesales-lights","9":"first","10":"instock","11":"taxable","12":"shipping-taxable","13":"purchasable","14":"product-type-variable"},"_links":{"self":[{"href":"https:\/\/nexgendecors.com\/fr\/wp-json\/wp\/v2\/product\/54164","targetHints":{"allow":["GET"]}}],"collection":[{"href":"https:\/\/nexgendecors.com\/fr\/wp-json\/wp\/v2\/product"}],"about":[{"href":"https:\/\/nexgendecors.com\/fr\/wp-json\/wp\/v2\/types\/product"}],"replies":[{"embeddable":true,"href":"https:\/\/nexgendecors.com\/fr\/wp-json\/wp\/v2\/comments?post=54164"}],"version-history":[{"count":0,"href":"https:\/\/nexgendecors.com\/fr\/wp-json\/wp\/v2\/product\/54164\/revisions"}],"wp:featuredmedia":[{"embeddable":true,"href":"https:\/\/nexgendecors.com\/fr\/wp-json\/wp\/v2\/media\/112880"}],"wp:attachment":[{"href":"https:\/\/nexgendecors.com\/fr\/wp-json\/wp\/v2\/media?parent=54164"}],"wp:term":[{"taxonomy":"product_brand","embeddable":true,"href":"https:\/\/nexgendecors.com\/fr\/wp-json\/wp\/v2\/product_brand?post=54164"},{"taxonomy":"product_cat","embeddable":true,"href":"https:\/\/nexgendecors.com\/fr\/wp-json\/wp\/v2\/product_cat?post=54164"},{"taxonomy":"product_tag","embeddable":true,"href":"https:\/\/nexgendecors.com\/fr\/wp-json\/wp\/v2\/product_tag?post=54164"}],"curies":[{"name":"wp","href":"https:\/\/api.w.org\/{rel}","templated":true}]}}