{"id":54243,"date":"2025-01-26T02:40:00","date_gmt":"2025-01-26T02:40:00","guid":{"rendered":"https:\/\/nexgendecors.com\/product\/designer-red-single-chair-peacock-chair-single-leisure-chair-rest-chair-special-shaped-art-sofa-chair-furniture\/"},"modified":"2025-04-06T08:29:48","modified_gmt":"2025-04-06T08:29:48","slug":"chaise-simple-rouge-design-chaise-paon-chaise-de-loisirs-simple-chaise-de-repos-canape-dart-de-forme-speciale-meubles","status":"publish","type":"product","link":"https:\/\/nexgendecors.com\/fr\/product\/chaise-simple-rouge-design-chaise-paon-chaise-de-loisirs-simple-chaise-de-repos-canape-dart-de-forme-speciale-meubles\/","title":{"rendered":"Fauteuil de loisirs Red Peacock \u2013 Design artistique et confort"},"content":{"rendered":"<ul>\n<li>\n<strong>marque<\/strong>:OLIELAN<\/li>\n<li>\n<strong>mod\u00e8le<\/strong>:FGFHFTG<\/li>\n<li>\n<strong>\u00e9l\u00e9ments populaires<\/strong>:Conception principale, forme sp\u00e9ciale, m\u00e9tal<\/li>\n<li>\n<strong>Est-ce personnalisable ?<\/strong>:Oui<\/li>\n<li>\n<strong>Mat\u00e9riel<\/strong>:tissu<\/li>\n<li>\n<strong>ville<\/strong>:Huizhou<\/li>\n<li>\n<strong>Districts et comt\u00e9s<\/strong>:District de Huiyang<\/li>\n<li>\n<strong>Un taxi est-il disponible pour le transport ?<\/strong>:Non<\/li>\n<li>\n<strong>Positionnement de style<\/strong>:Style artistique<\/li>\n<li>\n<strong>trier par couleur<\/strong>:Fuchsia,Rouge,Bleu,Vert,Couleur,Vert moyen,Bleu moyen,Rouge moyen,Fuchsia moyen,Vert petit,Bleu petit,Rouge petit,Fuchsia petit<\/li>\n<li>\n<strong><\/strong>:<\/li>\n<\/ul>\n<p><img><\/p>","protected":false},"excerpt":{"rendered":"<p>Marque : OLIELAN Mod\u00e8le : FGFHFTG \u00c9l\u00e9ments populaires : Conception principale, forme sp\u00e9ciale, m\u00e9tal Est-il personnalisable ? : oui Mat\u00e9riau : tissu Ville : Huizhou Districts et comt\u00e9s : District de Huiyang Un taxi est-il disponible ?<\/p>","protected":false},"featured_media":112908,"comment_status":"open","ping_status":"closed","template":"","meta":[],"product_brand":[],"product_cat":[30811,30902,30862,30971,30846,30850],"product_tag":[],"class_list":{"0":"post-54243","1":"product","2":"type-product","3":"status-publish","4":"has-post-thumbnail","6":"product_cat-armchairs","7":"product_cat-bs-chairs","8":"product_cat-wholesales-hotels","9":"product_cat-hp","10":"product_cat-living-room","11":"product_cat-wholesale-furniture","13":"first","14":"instock","15":"sale","16":"taxable","17":"shipping-taxable","18":"purchasable","19":"product-type-variable"},"_links":{"self":[{"href":"https:\/\/nexgendecors.com\/fr\/wp-json\/wp\/v2\/product\/54243","targetHints":{"allow":["GET"]}}],"collection":[{"href":"https:\/\/nexgendecors.com\/fr\/wp-json\/wp\/v2\/product"}],"about":[{"href":"https:\/\/nexgendecors.com\/fr\/wp-json\/wp\/v2\/types\/product"}],"replies":[{"embeddable":true,"href":"https:\/\/nexgendecors.com\/fr\/wp-json\/wp\/v2\/comments?post=54243"}],"version-history":[{"count":0,"href":"https:\/\/nexgendecors.com\/fr\/wp-json\/wp\/v2\/product\/54243\/revisions"}],"wp:featuredmedia":[{"embeddable":true,"href":"https:\/\/nexgendecors.com\/fr\/wp-json\/wp\/v2\/media\/112908"}],"wp:attachment":[{"href":"https:\/\/nexgendecors.com\/fr\/wp-json\/wp\/v2\/media?parent=54243"}],"wp:term":[{"taxonomy":"product_brand","embeddable":true,"href":"https:\/\/nexgendecors.com\/fr\/wp-json\/wp\/v2\/product_brand?post=54243"},{"taxonomy":"product_cat","embeddable":true,"href":"https:\/\/nexgendecors.com\/fr\/wp-json\/wp\/v2\/product_cat?post=54243"},{"taxonomy":"product_tag","embeddable":true,"href":"https:\/\/nexgendecors.com\/fr\/wp-json\/wp\/v2\/product_tag?post=54243"}],"curies":[{"name":"wp","href":"https:\/\/api.w.org\/{rel}","templated":true}]}}