{"id":54259,"date":"2025-01-26T02:40:04","date_gmt":"2025-01-26T02:40:04","guid":{"rendered":"https:\/\/nexgendecors.com\/product\/designer-restaurant-chandelier-nordic-cream-style-living-room-study-bedroom-lamp-creative-personality-japanese-style-wabi-sabi-style-lighting\/"},"modified":"2025-04-06T08:29:52","modified_gmt":"2025-04-06T08:29:52","slug":"lustre-de-restaurant-design-style-nordique-creme-salon-bureau-chambre-lampe-personnalite-creative-style-japonais-eclairage-de-style-wabi-sabi","status":"publish","type":"product","link":"https:\/\/nexgendecors.com\/fr\/product\/lustre-de-restaurant-design-style-nordique-creme-salon-bureau-chambre-lampe-personnalite-creative-style-japonais-eclairage-de-style-wabi-sabi\/","title":{"rendered":"Lustre cr\u00e8me nordique \u2013 \u00c9clairage de style wabi-sabi"},"content":{"rendered":"<ul>\n<li>\n<strong>marque<\/strong>:autre\/autre<\/li>\n<li>\n<strong>mod\u00e8le<\/strong>:JWZF-2061<\/li>\n<li>\n<strong>pouvoir<\/strong>:11 W (inclus) \u2013 15 W (inclus)<\/li>\n<li>\n<strong>style<\/strong>:Europe du Nord<\/li>\n<li>\n<strong>Origine<\/strong>:Chine continentale<\/li>\n<li>\n<strong>Espace applicable<\/strong>:Chambre\/Bureau<\/li>\n<li>\n<strong>trier par couleur<\/strong>:Mod\u00e8le de plafond blanc sable [40CM] lumi\u00e8re neutre, mod\u00e8le de plafond blanc sable [40CM] trois couleurs, mod\u00e8le de plafond blanc sable [40CM] Wuji + Tmall, mod\u00e8le de plafond blanc sable [50CM] lumi\u00e8re neutre, mod\u00e8le de plafond blanc sable [50CM] trois couleurs, mod\u00e8le de plafond blanc sable [50CM] Wuji + Tmall, mod\u00e8le de plafond noir sable [40CM] lumi\u00e8re neutre, mod\u00e8le de plafond noir sable [40CM] trois couleurs, mod\u00e8le de plafond noir sable [40CM] Wuji + Tmall, mod\u00e8le de plafond noir sable [50CM] lumi\u00e8re neutre, mod\u00e8le de plafond noir sable [50CM] trois couleurs, mod\u00e8le de plafond noir sable [50CM] Wuji + Tmall, mod\u00e8le de plafond 2 t\u00eates blanc sable [80CM] lumi\u00e8re neutre, mod\u00e8le de plafond 2 t\u00eates blanc sable [80CM] trois couleurs, mod\u00e8le de plafond 2 t\u00eates blanc sable [80CM] Wuji + Tmall Elf, mod\u00e8le de plafond 2 t\u00eates blanc sable [80CM] Xiaomi smart, mod\u00e8le de plafond 3 t\u00eates blanc sable [100CM] lumi\u00e8re neutre, mod\u00e8le de plafond blanc sable \u00e0 3 t\u00eates [100CM] trois couleurs, mod\u00e8le de plafond blanc sable \u00e0 3 t\u00eates [100CM] Promise + Tmall Elf, mod\u00e8le de plafond blanc sable \u00e0 3 t\u00eates [100CM] Xiaomi smart, mod\u00e8le de plafond noir sable \u00e0 2 t\u00eates [80CM] lumi\u00e8re neutre, mod\u00e8le de plafond noir sable \u00e0 2 t\u00eates [80CM] trois couleurs, mod\u00e8le de plafond noir sable \u00e0 2 t\u00eates [80CM] Promise + Tmall Elf, mod\u00e8le de plafond noir sable \u00e0 2 t\u00eates [80CM] Xiaomi smart, mod\u00e8le de plafond noir sable \u00e0 3 t\u00eates [100CM] lumi\u00e8re neutre, mod\u00e8le de plafond noir sable \u00e0 3 t\u00eates [100CM] trois couleurs, mod\u00e8le de plafond noir sable \u00e0 3 t\u00eates [100CM] Promise + Tmall Elf, mod\u00e8le de plafond noir sable \u00e0 3 t\u00eates [100CM] Xiaomi smart<\/li>\n<li>\n<strong>La lampe a-t-elle une source lumineuse ?<\/strong>:Oui<\/li>\n<li>\n<strong>Tension<\/strong>:111V~240V (inclus)<\/li>\n<li>\n<strong>Mat\u00e9riau principal du corps de la lampe<\/strong>:fer<\/li>\n<li>\n<strong>Mat\u00e9riau principal de l&#039;abat-jour<\/strong>:Abat-jour en PMMA \u00e0 haute transmission lumineuse<\/li>\n<li>\n<strong>type de source lumineuse<\/strong>:Lumi\u00e8res LED<\/li>\n<li>\n<strong>Technologie<\/strong>:Autre<\/li>\n<li>\n<strong>Zone d&#039;irradiation<\/strong>:10\u33a1-15\u33a1<\/li>\n<li>\n<strong>Type de contr\u00f4le<\/strong>:autre<\/li>\n<li>\n<strong>Mat\u00e9riau auxiliaire pour abat-jour<\/strong>:Abat-jour en PMMA \u00e0 haute transmission lumineuse<\/li>\n<li>\n<strong>Mat\u00e9riau auxiliaire du corps de la lampe<\/strong>:Ch\u00e2ssis ABS+Mat\u00e9riel<\/li>\n<li>\n<strong>Type intelligent<\/strong>:Pas de support pour smart<\/li>\n<li>\n<strong>Que ce soit un contr\u00f4le intelligent<\/strong>:Non<\/li>\n<li>\n<strong>Forme de la lampe<\/strong>:Lustre<\/li>\n<li>\n<strong>Nombre de t\u00eates de lampe<\/strong>:1<\/li>\n<li>\n<strong>Type de lustre<\/strong>:Lustre en fer forg\u00e9<\/li>\n<li>\n<strong>Num\u00e9ro de certificat 3C<\/strong>:2021011001414899<\/li>\n<li>\n<strong><\/strong>:<\/li>\n<\/ul>\n<p><img><\/p>","protected":false},"excerpt":{"rendered":"<p>brand:other\/other model:JWZF-2061 power:11W (inclusive) &#8211; 15W (inclusive) style:Northern Europe Origin:Chinese mainland Applicable space:Bedroom\/Study sort by color:Sand white ceiling model [40CM]<\/p>","protected":false},"featured_media":112913,"comment_status":"open","ping_status":"closed","template":"","meta":[],"product_brand":[],"product_cat":[30971,30864],"product_tag":[],"class_list":{"0":"post-54259","1":"product","2":"type-product","3":"status-publish","4":"has-post-thumbnail","6":"product_cat-hp","7":"product_cat-new-wholesales-lights","9":"first","10":"instock","11":"taxable","12":"shipping-taxable","13":"purchasable","14":"product-type-variable"},"_links":{"self":[{"href":"https:\/\/nexgendecors.com\/fr\/wp-json\/wp\/v2\/product\/54259","targetHints":{"allow":["GET"]}}],"collection":[{"href":"https:\/\/nexgendecors.com\/fr\/wp-json\/wp\/v2\/product"}],"about":[{"href":"https:\/\/nexgendecors.com\/fr\/wp-json\/wp\/v2\/types\/product"}],"replies":[{"embeddable":true,"href":"https:\/\/nexgendecors.com\/fr\/wp-json\/wp\/v2\/comments?post=54259"}],"version-history":[{"count":0,"href":"https:\/\/nexgendecors.com\/fr\/wp-json\/wp\/v2\/product\/54259\/revisions"}],"wp:featuredmedia":[{"embeddable":true,"href":"https:\/\/nexgendecors.com\/fr\/wp-json\/wp\/v2\/media\/112913"}],"wp:attachment":[{"href":"https:\/\/nexgendecors.com\/fr\/wp-json\/wp\/v2\/media?parent=54259"}],"wp:term":[{"taxonomy":"product_brand","embeddable":true,"href":"https:\/\/nexgendecors.com\/fr\/wp-json\/wp\/v2\/product_brand?post=54259"},{"taxonomy":"product_cat","embeddable":true,"href":"https:\/\/nexgendecors.com\/fr\/wp-json\/wp\/v2\/product_cat?post=54259"},{"taxonomy":"product_tag","embeddable":true,"href":"https:\/\/nexgendecors.com\/fr\/wp-json\/wp\/v2\/product_tag?post=54259"}],"curies":[{"name":"wp","href":"https:\/\/api.w.org\/{rel}","templated":true}]}}