{"id":54305,"date":"2025-01-26T02:40:08","date_gmt":"2025-01-26T02:40:08","guid":{"rendered":"https:\/\/nexgendecors.com\/product\/designer-single-light-luxury-sofa-chair-living-room-villa-leisure-tiger-chair-net-red-retro-lobby-reception-armchair\/"},"modified":"2025-04-06T08:29:55","modified_gmt":"2025-04-06T08:29:55","slug":"designer-single-light-luxury-sofa-chair-living-room-villa-leisure-tiger-chair-net-red-retro-lobby-reception-armchair","status":"publish","type":"product","link":"https:\/\/nexgendecors.com\/fr\/product\/designer-single-light-luxury-sofa-chair-living-room-villa-leisure-tiger-chair-net-red-retro-lobby-reception-armchair\/","title":{"rendered":"Fauteuil Tigre R\u00e9tro de Luxe pour Salon de Villa"},"content":{"rendered":"<ul>\n<li>\n<strong>Poids brut<\/strong>:35<\/li>\n<li>\n<strong>marque<\/strong>:autre\/autre<\/li>\n<li>\n<strong>mod\u00e8le<\/strong>:2335<\/li>\n<li>\n<strong>\u00e9l\u00e9ments populaires<\/strong>:Forme sp\u00e9ciale, \u00e9pissure, m\u00e9tal<\/li>\n<li>\n<strong>style<\/strong>:Style de luxe l\u00e9ger<\/li>\n<li>\n<strong>Assembler<\/strong>:Non<\/li>\n<li>\n<strong>Appropri\u00e9<\/strong>:G\u00e9n\u00e9ral<\/li>\n<li>\n<strong>Est-ce rempla\u00e7able ?<\/strong>:Non<\/li>\n<li>\n<strong>volume du colis<\/strong>:0.65<\/li>\n<li>\n<strong>Remplissage<\/strong>:Goose down<\/li>\n<li>\n<strong>Est-ce personnalisable ?<\/strong>:Non<\/li>\n<li>\n<strong>Mat\u00e9riel<\/strong>:tissu<\/li>\n<li>\n<strong>Instructions d&#039;installation d\u00e9taill\u00e9es<\/strong>:Provide simple installation tools, installation instructions, and installation video<\/li>\n<li>\n<strong>mod\u00e8le<\/strong>:abstrait<\/li>\n<li>\n<strong>Un taxi est-il disponible pour le transport ?<\/strong>:Non<\/li>\n<li>\n<strong>Positionnement de style<\/strong>:Qualit\u00e9 Luxe<\/li>\n<li>\n<strong>Livraison\/installation disponible<\/strong>:Foshan, Zhengzhou, Guiyang, Guangzhou, Fuzhou, Harbin, Xiamen, Chongqing, Changzhou, Suzhou, Xi&#8217;an, Shenzhen, Nanjing, Beijing, Changsha, Qingdao, Wuxi, Chengdu, Shanghai, Wuhan, Nanning, Shenyang, Dalian, Taizhou, Dongguan, Tianjin, Others, Jinhua, Hangzhou, Nanchang, Ningbo, Wenzhou<\/li>\n<li>\n<strong>trier par couleur<\/strong>:Black and gold tiger pattern, gold zebra pattern, black zebra pattern, gray zebra pattern, customized exclusive color<\/li>\n<li>\n<strong><\/strong>:<\/li>\n<\/ul>\n<p><img><\/p>","protected":false},"excerpt":{"rendered":"<p>Gross Weight:35 brand:other\/other model:2335 popular elements:Special shape, splicing, metal style:Light luxury style Assemble:no Suitable:General Is it replaceable?:no package volume:0.65 Filling:Goose<\/p>","protected":false},"featured_media":112974,"comment_status":"open","ping_status":"closed","template":"","meta":[],"product_brand":[],"product_cat":[30855,30862,30971,30850],"product_tag":[],"class_list":{"0":"post-54305","1":"product","2":"type-product","3":"status-publish","4":"has-post-thumbnail","6":"product_cat-wholesale-chairs","7":"product_cat-wholesales-hotels","8":"product_cat-hp","9":"product_cat-wholesale-furniture","11":"first","12":"instock","13":"sale","14":"taxable","15":"shipping-taxable","16":"purchasable","17":"product-type-variable"},"_links":{"self":[{"href":"https:\/\/nexgendecors.com\/fr\/wp-json\/wp\/v2\/product\/54305","targetHints":{"allow":["GET"]}}],"collection":[{"href":"https:\/\/nexgendecors.com\/fr\/wp-json\/wp\/v2\/product"}],"about":[{"href":"https:\/\/nexgendecors.com\/fr\/wp-json\/wp\/v2\/types\/product"}],"replies":[{"embeddable":true,"href":"https:\/\/nexgendecors.com\/fr\/wp-json\/wp\/v2\/comments?post=54305"}],"version-history":[{"count":0,"href":"https:\/\/nexgendecors.com\/fr\/wp-json\/wp\/v2\/product\/54305\/revisions"}],"wp:featuredmedia":[{"embeddable":true,"href":"https:\/\/nexgendecors.com\/fr\/wp-json\/wp\/v2\/media\/112974"}],"wp:attachment":[{"href":"https:\/\/nexgendecors.com\/fr\/wp-json\/wp\/v2\/media?parent=54305"}],"wp:term":[{"taxonomy":"product_brand","embeddable":true,"href":"https:\/\/nexgendecors.com\/fr\/wp-json\/wp\/v2\/product_brand?post=54305"},{"taxonomy":"product_cat","embeddable":true,"href":"https:\/\/nexgendecors.com\/fr\/wp-json\/wp\/v2\/product_cat?post=54305"},{"taxonomy":"product_tag","embeddable":true,"href":"https:\/\/nexgendecors.com\/fr\/wp-json\/wp\/v2\/product_tag?post=54305"}],"curies":[{"name":"wp","href":"https:\/\/api.w.org\/{rel}","templated":true}]}}