{"id":54407,"date":"2025-01-26T02:40:21","date_gmt":"2025-01-26T02:40:21","guid":{"rendered":"https:\/\/nexgendecors.com\/product\/desks-and-chairs-for-kindergarten-tutoring-class-classroom-childrens-student-painting-art-table-training-long-table-double\/"},"modified":"2025-04-06T08:30:10","modified_gmt":"2025-04-06T08:30:10","slug":"desks-and-chairs-for-kindergarten-tutoring-class-classroom-childrens-student-painting-art-table-training-long-table-double","status":"publish","type":"product","link":"https:\/\/nexgendecors.com\/fr\/product\/desks-and-chairs-for-kindergarten-tutoring-class-classroom-childrens-student-painting-art-table-training-long-table-double\/","title":{"rendered":"Double Art Table &#038; Chairs for Kindergarten Class"},"content":{"rendered":"<ul>\n<li>\n<strong>marque<\/strong>:Beauty<\/li>\n<li>\n<strong>mod\u00e8le<\/strong>:A01<\/li>\n<li>\n<strong>style<\/strong>:Moderne et simple<\/li>\n<li>\n<strong>Origine<\/strong>:Province du Jiangsu<\/li>\n<li>\n<strong>trier par couleur<\/strong>:55\/60\/65\/74\/Highly customizable, 120*60*60 (light walnut special), 120\u00d760\u00d760 [white legs + smooth surface], 120\u00d7120\u00d760 [white legs + smooth surface], 120\u00d7100\u00d760 [white legs + smooth surface], 100\u00d7100\u00d760 [white legs + smooth surface], 120\u00d740\u00d760 [white legs + smooth surface], 120\u00d780\u00d760 [white legs + smooth surface], 180\u00d760\u00d760 [white legs + smooth surface], 180\u00d780\u00d760 [white legs + smooth surface], 180\u00d7100\u00d760 [white legs + Smooth surface], 180\u00d7120\u00d760 [white legs + smooth surface], 80\u00d760\u00d760 [white legs + smooth surface], 140\u00d760\u00d760 [white legs + smooth surface], 140\u00d780\u00d760 [white legs + smooth surface], 140*120*60 [white legs + smooth surface], 160\u00d760\u00d760 [white legs + smooth surface], 160*120*60 [white legs + smooth surface], 200*100*60 [white legs + smooth surface], 200*120*60 [white legs + smooth surface], steel-wood stool (right angle), steel-wood stool (rounded corners), change the rounded corners to the right angle by default<\/li>\n<li>\n<strong>Taille du paquet<\/strong>:120*40<\/li>\n<li>\n<strong>Est-ce personnalisable ?<\/strong>:Oui<\/li>\n<li>\n<strong>Fonctionnalit\u00e9s suppl\u00e9mentaires<\/strong>:High temperature resistance, corrosion resistance, stain resistance<\/li>\n<li>\n<strong>Appropri\u00e9<\/strong>:Kindergarten, primary school students<\/li>\n<li>\n<strong><\/strong>:<\/li>\n<\/ul>\n<p><img><\/p>","protected":false},"excerpt":{"rendered":"<p>brand:Beauty model:A01 style:Modern and simple Origin:Jiangsu Province sort by color:55\/60\/65\/74\/Highly customizable, 120*60*60 (light walnut special), 120\u00d760\u00d760 [white legs + smooth<\/p>","protected":false},"featured_media":113097,"comment_status":"open","ping_status":"closed","template":"","meta":[],"product_brand":[],"product_cat":[30971,30849],"product_tag":[],"class_list":{"0":"post-54407","1":"product","2":"type-product","3":"status-publish","4":"has-post-thumbnail","6":"product_cat-hp","7":"product_cat-kindergarten-school-furniture","9":"first","10":"instock","11":"taxable","12":"shipping-taxable","13":"purchasable","14":"product-type-variable"},"_links":{"self":[{"href":"https:\/\/nexgendecors.com\/fr\/wp-json\/wp\/v2\/product\/54407","targetHints":{"allow":["GET"]}}],"collection":[{"href":"https:\/\/nexgendecors.com\/fr\/wp-json\/wp\/v2\/product"}],"about":[{"href":"https:\/\/nexgendecors.com\/fr\/wp-json\/wp\/v2\/types\/product"}],"replies":[{"embeddable":true,"href":"https:\/\/nexgendecors.com\/fr\/wp-json\/wp\/v2\/comments?post=54407"}],"version-history":[{"count":0,"href":"https:\/\/nexgendecors.com\/fr\/wp-json\/wp\/v2\/product\/54407\/revisions"}],"wp:featuredmedia":[{"embeddable":true,"href":"https:\/\/nexgendecors.com\/fr\/wp-json\/wp\/v2\/media\/113097"}],"wp:attachment":[{"href":"https:\/\/nexgendecors.com\/fr\/wp-json\/wp\/v2\/media?parent=54407"}],"wp:term":[{"taxonomy":"product_brand","embeddable":true,"href":"https:\/\/nexgendecors.com\/fr\/wp-json\/wp\/v2\/product_brand?post=54407"},{"taxonomy":"product_cat","embeddable":true,"href":"https:\/\/nexgendecors.com\/fr\/wp-json\/wp\/v2\/product_cat?post=54407"},{"taxonomy":"product_tag","embeddable":true,"href":"https:\/\/nexgendecors.com\/fr\/wp-json\/wp\/v2\/product_tag?post=54407"}],"curies":[{"name":"wp","href":"https:\/\/api.w.org\/{rel}","templated":true}]}}