{"id":54626,"date":"2025-01-26T02:40:52","date_gmt":"2025-01-26T02:40:52","guid":{"rendered":"https:\/\/nexgendecors.com\/product\/dining-chairs-set-of-2-modern-cream-white-faux-leather-chairs-with-gold-metal-legs-and-ergonomic-curved-backrest-for-living-kitchen-dining-room-chairs-only-chairs1711876968760\/"},"modified":"2025-04-06T08:30:23","modified_gmt":"2025-04-06T08:30:23","slug":"dining-chairs-set-of-2-modern-cream-white-faux-leather-chairs-with-gold-metal-legs-and-ergonomic-curved-backrest-for-living-kitchen-dining-room-chairs-only-chairs1711876968760","status":"publish","type":"product","link":"https:\/\/nexgendecors.com\/fr\/product\/dining-chairs-set-of-2-modern-cream-white-faux-leather-chairs-with-gold-metal-legs-and-ergonomic-curved-backrest-for-living-kitchen-dining-room-chairs-only-chairs1711876968760\/","title":{"rendered":"Lot de 2 chaises de salle \u00e0 manger modernes en similicuir cr\u00e8me"},"content":{"rendered":"<p data-mce-fragment=\"1\"><strong data-mce-fragment=\"1\">Elevate Your Dining Experience with Our Elegant Chairs Set of 2!<\/strong> \ud83c\udf1f\ud83e\ude91<\/p>\n<ul data-mce-fragment=\"1\">\n<li data-mce-fragment=\"1\">\n<p data-mce-fragment=\"1\"><strong data-mce-fragment=\"1\">Modern &#038; Elegant Design<\/strong>: Featuring a contemporary style with an elegant curved backrest, our white vanity chairs add sophistication to any dining room, living area, or kitchen. \u2728<\/p>\n<\/li>\n<li data-mce-fragment=\"1\">\n<p data-mce-fragment=\"1\"><strong data-mce-fragment=\"1\">Comfortable &#038; Stylish<\/strong>: Enjoy a comfy padded seat and low back upholstered in smooth, breathable PU leather. Perfect for long chats over dinner! \ud83d\udecb\ufe0f<\/p>\n<\/li>\n<li data-mce-fragment=\"1\">\n<p data-mce-fragment=\"1\"><strong data-mce-fragment=\"1\">Sturdy &#038; Durable<\/strong>: Built with a sturdy gold-finished metal base, these chairs offer stability and support while adding a touch of luxury. \ud83d\udcaa<\/p>\n<\/li>\n<li data-mce-fragment=\"1\">\n<p data-mce-fragment=\"1\"><strong data-mce-fragment=\"1\">Facile \u00e0 nettoyer<\/strong>: The smooth PU leather surface is easy to clean, making maintenance a breeze. \ud83e\uddfc<\/p>\n<\/li>\n<li data-mce-fragment=\"1\">\n<p data-mce-fragment=\"1\"><strong data-mce-fragment=\"1\">Caract\u00e9ristiques<\/strong>:<\/p>\n<ul data-mce-fragment=\"1\">\n<li data-mce-fragment=\"1\">\n<strong data-mce-fragment=\"1\">Chair Dimensions<\/strong>: W 16.75&#8243; x D 20.25&#8243; x H 34&#8243;<\/li>\n<li data-mce-fragment=\"1\">\n<strong data-mce-fragment=\"1\">Mat\u00e9riels<\/strong>: Faux Leather + Metal<\/li>\n<li data-mce-fragment=\"1\">\n<strong data-mce-fragment=\"1\">Couleur<\/strong>: White And Gold<\/li>\n<li data-mce-fragment=\"1\">\n<strong data-mce-fragment=\"1\">Poids<\/strong>: 40lbs<\/li>\n<li data-mce-fragment=\"1\">\n<strong data-mce-fragment=\"1\">Packing<\/strong>: 2 x Chairs; Screws and Installation Map<\/li>\n<\/ul>\n<\/li>\n<li data-mce-fragment=\"1\">\n<p data-mce-fragment=\"1\"><strong data-mce-fragment=\"1\">Conseils chaleureux<\/strong>: 1\ufe0f\u20e3 <strong data-mce-fragment=\"1\">Fast Shipping<\/strong>: We ship via FedEx or UPS within 2 business days after order placement, with delivery in about a week. You&#8217;ll receive 1 box containing 2 chairs. 2\ufe0f\u20e3 <strong data-mce-fragment=\"1\">Assurance qualit\u00e9<\/strong>: If your items arrive damaged or have any issues, contact us immediately for free replacement or full refund. 3\ufe0f\u20e3 <strong data-mce-fragment=\"1\">Installation Advice<\/strong>: Incorrect installation may cause instability. Please read the instructions carefully or contact our customer service for assistance. 4\ufe0f\u20e3 <strong data-mce-fragment=\"1\">Pr\u00e9cision des couleurs<\/strong>: While we strive for color accuracy in our digital images, please note that actual colors may vary due to monitor differences.<\/p>\n<\/li>\n<\/ul>\n<p data-mce-fragment=\"1\">Upgrade your dining space with our elegant and comfortable chairs set of 2! Make every meal a luxurious experience. \ud83c\udf1f\ud83c\udf7d\ufe0f<\/p>\n<div><\/div>","protected":false},"excerpt":{"rendered":"<p>Rehaussez votre exp\u00e9rience culinaire avec notre ensemble de 2 chaises \u00e9l\u00e9gantes\u00a0! Design moderne et \u00e9l\u00e9gant\u00a0: style contemporain<\/p>","protected":false},"featured_media":113340,"comment_status":"open","ping_status":"closed","template":"","meta":[],"product_brand":[],"product_cat":[30825,30826,30971,32],"product_tag":[],"class_list":{"0":"post-54626","1":"product","2":"type-product","3":"status-publish","4":"has-post-thumbnail","6":"product_cat-dining-chairs","7":"product_cat-dining-room","8":"product_cat-hp","9":"product_cat-residential-furniture","11":"first","12":"instock","13":"sale","14":"taxable","15":"shipping-taxable","16":"purchasable","17":"product-type-variable"},"_links":{"self":[{"href":"https:\/\/nexgendecors.com\/fr\/wp-json\/wp\/v2\/product\/54626","targetHints":{"allow":["GET"]}}],"collection":[{"href":"https:\/\/nexgendecors.com\/fr\/wp-json\/wp\/v2\/product"}],"about":[{"href":"https:\/\/nexgendecors.com\/fr\/wp-json\/wp\/v2\/types\/product"}],"replies":[{"embeddable":true,"href":"https:\/\/nexgendecors.com\/fr\/wp-json\/wp\/v2\/comments?post=54626"}],"version-history":[{"count":0,"href":"https:\/\/nexgendecors.com\/fr\/wp-json\/wp\/v2\/product\/54626\/revisions"}],"wp:featuredmedia":[{"embeddable":true,"href":"https:\/\/nexgendecors.com\/fr\/wp-json\/wp\/v2\/media\/113340"}],"wp:attachment":[{"href":"https:\/\/nexgendecors.com\/fr\/wp-json\/wp\/v2\/media?parent=54626"}],"wp:term":[{"taxonomy":"product_brand","embeddable":true,"href":"https:\/\/nexgendecors.com\/fr\/wp-json\/wp\/v2\/product_brand?post=54626"},{"taxonomy":"product_cat","embeddable":true,"href":"https:\/\/nexgendecors.com\/fr\/wp-json\/wp\/v2\/product_cat?post=54626"},{"taxonomy":"product_tag","embeddable":true,"href":"https:\/\/nexgendecors.com\/fr\/wp-json\/wp\/v2\/product_tag?post=54626"}],"curies":[{"name":"wp","href":"https:\/\/api.w.org\/{rel}","templated":true}]}}