{"id":54784,"date":"2025-01-26T02:41:20","date_gmt":"2025-01-26T02:41:20","guid":{"rendered":"https:\/\/nexgendecors.com\/product\/doll-house-kitchen-toy-wooden-childrens-play-house-cooking-simulation-kitchen-set-kindergarten-early-education-area-corner\/"},"modified":"2025-04-06T08:30:26","modified_gmt":"2025-04-06T08:30:26","slug":"doll-house-kitchen-toy-wooden-childrens-play-house-cooking-simulation-kitchen-set-kindergarten-early-education-area-corner","status":"publish","type":"product","link":"https:\/\/nexgendecors.com\/fr\/product\/doll-house-kitchen-toy-wooden-childrens-play-house-cooking-simulation-kitchen-set-kindergarten-early-education-area-corner\/","title":{"rendered":"Ensemble de cuisine en bois pour maison de poup\u00e9e pour enfants"},"content":{"rendered":"<ul>\n<li>\n<strong>marque<\/strong>:wowoztoys<\/li>\n<li>\n<strong>mod\u00e8le<\/strong>:Combination Kitchen-01<\/li>\n<li>\n<strong>\u00c2ge appropri\u00e9<\/strong>:3 years old, 4 years old, 5 years old, 6 years old<\/li>\n<li>\n<strong>Mat\u00e9riel<\/strong>:Bois<\/li>\n<li>\n<strong>Origine<\/strong>:Chine continentale<\/li>\n<li>\n<strong>province<\/strong>:Province du Zhejiang<\/li>\n<li>\n<strong>ville<\/strong>:Lishui City<\/li>\n<li>\n<strong>Genre applicable<\/strong>:Unisexe<\/li>\n<li>\n<strong>Type de jouet<\/strong>:Simulation kitchen<\/li>\n<li>\n<strong>trier par couleur<\/strong>:Export Danish kitchen (sound and light model) with fruit cutter, export Danish refrigerator with fruit cutter, export Danish kitchen + refrigerator with fruit cutter, export Danish washing machine with fruit cutter, export Danish oven (sound and light model) with fruit cutter, export Danish four-piece combination with fruit cutter, export Danish expensive department store with fruit cutter, export Danish washing machine + oven + refrigerator with fruit cutter, export Danish washing machine + oven with fruit cutter, export Danish kitchen + washing machine + oven with fruit cutter, export Danish kitchen + refrigerator + washing machine with fruit cutter, export Swedish kitchen (sound and light model) with fruit cutter, wowoztoys kitchen with fruit cutter, nunukids beech kitchen with fruit cutter, nunukids refrigerator, nunukids beech kitchen + refrigerator with fruit cutter, nunukids fruit shop, export Nordic gray and white model with fruit cutter, export Nordic gray and white [heightened model] with fruit cutter, export Vienna kitchen with fruit cutter, export Vienna refrigerator, export Vienna kitchen + refrigerator with fruit cutter, cuci beech kitchen (sound and light model) Free fruit cutter, YLB grill table, YLB large tool table, YLB combination hospital, American large ice cream cart<\/li>\n<\/ul>","protected":false},"excerpt":{"rendered":"<p>Marque : wowoztoys Mod\u00e8le : Cuisine combin\u00e9e-01 \u00c2ge appropri\u00e9 : 3 ans, 4 ans, 5 ans, 6 ans Mat\u00e9riau : Bois Origine : Chine continentale Province : Zhejiang<\/p>","protected":false},"featured_media":113589,"comment_status":"open","ping_status":"closed","template":"","meta":[],"product_brand":[],"product_cat":[30971,30849],"product_tag":[],"class_list":{"0":"post-54784","1":"product","2":"type-product","3":"status-publish","4":"has-post-thumbnail","6":"product_cat-hp","7":"product_cat-kindergarten-school-furniture","9":"first","10":"instock","11":"taxable","12":"shipping-taxable","13":"purchasable","14":"product-type-variable"},"_links":{"self":[{"href":"https:\/\/nexgendecors.com\/fr\/wp-json\/wp\/v2\/product\/54784","targetHints":{"allow":["GET"]}}],"collection":[{"href":"https:\/\/nexgendecors.com\/fr\/wp-json\/wp\/v2\/product"}],"about":[{"href":"https:\/\/nexgendecors.com\/fr\/wp-json\/wp\/v2\/types\/product"}],"replies":[{"embeddable":true,"href":"https:\/\/nexgendecors.com\/fr\/wp-json\/wp\/v2\/comments?post=54784"}],"version-history":[{"count":0,"href":"https:\/\/nexgendecors.com\/fr\/wp-json\/wp\/v2\/product\/54784\/revisions"}],"wp:featuredmedia":[{"embeddable":true,"href":"https:\/\/nexgendecors.com\/fr\/wp-json\/wp\/v2\/media\/113589"}],"wp:attachment":[{"href":"https:\/\/nexgendecors.com\/fr\/wp-json\/wp\/v2\/media?parent=54784"}],"wp:term":[{"taxonomy":"product_brand","embeddable":true,"href":"https:\/\/nexgendecors.com\/fr\/wp-json\/wp\/v2\/product_brand?post=54784"},{"taxonomy":"product_cat","embeddable":true,"href":"https:\/\/nexgendecors.com\/fr\/wp-json\/wp\/v2\/product_cat?post=54784"},{"taxonomy":"product_tag","embeddable":true,"href":"https:\/\/nexgendecors.com\/fr\/wp-json\/wp\/v2\/product_tag?post=54784"}],"curies":[{"name":"wp","href":"https:\/\/api.w.org\/{rel}","templated":true}]}}