{"id":54943,"date":"2025-01-26T02:41:39","date_gmt":"2025-01-26T02:41:39","guid":{"rendered":"https:\/\/nexgendecors.com\/product\/dolonm-u-shape-sectional-sofa-for-living-room-convertible-modular-sectional-couch-with-reversible-chaise-131-inches-long-modern-linen-luxury-couch-with-two-pillows-beige-u-shape-sofa1711877002929\/"},"modified":"2025-04-06T08:30:46","modified_gmt":"2025-04-06T08:30:46","slug":"canape-sectionnel-en-u-dolonm-pour-salon-canape-sectionnel-modulaire-convertible-avec-meridienne-reversible-de-131-pouces-de-long-canape-de-luxe-en-lin-moderne-avec-deux-oreillers-canape-en-u-beige","status":"publish","type":"product","link":"https:\/\/nexgendecors.com\/fr\/product\/canape-sectionnel-en-u-dolonm-pour-salon-canape-sectionnel-modulaire-convertible-avec-meridienne-reversible-de-131-pouces-de-long-canape-de-luxe-en-lin-moderne-avec-deux-oreillers-canape-en-u-beige\/","title":{"rendered":"Dolonm Canap\u00e9 sectionnel modulaire en forme de U avec chaise"},"content":{"rendered":"<p data-mce-fragment=\"1\"><strong data-mce-fragment=\"1\">\ud83d\udecb\ufe0f Canap\u00e9 sectionnel modulaire<\/strong><\/p>\n<ul data-mce-fragment=\"1\">\n<li data-mce-fragment=\"1\">\n<strong data-mce-fragment=\"1\">Conception adaptable<\/strong>: Ce n&#039;est pas un simple canap\u00e9 en U\/L\u00a0! Chaque si\u00e8ge est amovible et peut \u00eatre r\u00e9am\u00e9nag\u00e9 pour s&#039;adapter \u00e0 votre espace et \u00e0 votre style. Se fixe facilement avec des vis inf\u00e9rieures.<\/li>\n<\/ul>\n<p data-mce-fragment=\"1\"><strong data-mce-fragment=\"1\">\ud83c\udf1f Canap\u00e9 de luxe moderne et confortable<\/strong><\/p>\n<ul data-mce-fragment=\"1\">\n<li data-mce-fragment=\"1\">\n<strong data-mce-fragment=\"1\">Confort haut de gamme<\/strong>: Profitez d&#039;un confort ultime gr\u00e2ce \u00e0 des ressorts h\u00e9lico\u00efdaux de haute qualit\u00e9 et des coussins en mousse haute densit\u00e9. Le tissu en lin \u00e9pais et le rebond doux offrent un confort et une durabilit\u00e9 sup\u00e9rieurs.<\/li>\n<\/ul>\n<p data-mce-fragment=\"1\"><strong data-mce-fragment=\"1\">\ud83d\udccf Canap\u00e9s sectionnels extra larges<\/strong><\/p>\n<ul data-mce-fragment=\"1\">\n<li data-mce-fragment=\"1\">\n<strong data-mce-fragment=\"1\">en forme de U<\/strong>: 131\u2033L x 70\u2033L x 27,5\u2033H<\/li>\n<li data-mce-fragment=\"1\">\n<strong data-mce-fragment=\"1\">En L (2 accoudoirs)<\/strong>: 102\u2033L x 70\u2033L x 27,5\u2033H<\/li>\n<li data-mce-fragment=\"1\">\n<strong data-mce-fragment=\"1\">En L (1 accoudoir)<\/strong>: 96\u2033L x 70\u2033L x 27,5\u2033H<\/li>\n<li data-mce-fragment=\"1\">\n<strong data-mce-fragment=\"1\">Prime<\/strong>: Comprend 2 oreillers en similicuir, parfaits pour une sieste relaxante sur ce canap\u00e9 moelleux.<\/li>\n<\/ul>\n<p data-mce-fragment=\"1\"><strong data-mce-fragment=\"1\">\ud83d\udcaa Canap\u00e9 durable<\/strong><\/p>\n<ul data-mce-fragment=\"1\">\n<li data-mce-fragment=\"1\">\n<strong data-mce-fragment=\"1\">Construction robuste<\/strong>:Fabriqu\u00e9 avec un cadre robuste en bois dur d&#039;eucalyptus et de larges pieds en caoutchouc pour plus de stabilit\u00e9.<\/li>\n<li data-mce-fragment=\"1\">\n<strong data-mce-fragment=\"1\">Capacit\u00e9 de poids<\/strong>:Chaque si\u00e8ge peut supporter jusqu&#039;\u00e0 300 livres, id\u00e9al pour les r\u00e9unions de famille et les discussions chaleureuses.<\/li>\n<\/ul>\n<p data-mce-fragment=\"1\"><strong data-mce-fragment=\"1\">\ud83d\udee0\ufe0f Installation facile<\/strong><\/p>\n<ul data-mce-fragment=\"1\">\n<li data-mce-fragment=\"1\">\n<strong data-mce-fragment=\"1\">Bricolage convivial<\/strong>:Livr\u00e9 avec des instructions de montage claires et tous les accessoires n\u00e9cessaires pour une installation sans tracas.<\/li>\n<\/ul>\n<div><\/div>","protected":false},"excerpt":{"rendered":"<p>\ud83d\udecb\ufe0f Canap\u00e9 sectionnel modulaire Design adaptable : Ce n'est pas un canap\u00e9 en U\/L ordinaire ! Chaque si\u00e8ge est amovible et peut \u00eatre r\u00e9arrang\u00e9.<\/p>","protected":false},"featured_media":113748,"comment_status":"open","ping_status":"closed","template":"","meta":[],"product_brand":[],"product_cat":[30971,30846,32,30873],"product_tag":[],"class_list":{"0":"post-54943","1":"product","2":"type-product","3":"status-publish","4":"has-post-thumbnail","6":"product_cat-hp","7":"product_cat-living-room","8":"product_cat-residential-furniture","9":"product_cat-sofa","11":"first","12":"outofstock","13":"taxable","14":"shipping-taxable","15":"purchasable","16":"product-type-variable"},"_links":{"self":[{"href":"https:\/\/nexgendecors.com\/fr\/wp-json\/wp\/v2\/product\/54943","targetHints":{"allow":["GET"]}}],"collection":[{"href":"https:\/\/nexgendecors.com\/fr\/wp-json\/wp\/v2\/product"}],"about":[{"href":"https:\/\/nexgendecors.com\/fr\/wp-json\/wp\/v2\/types\/product"}],"replies":[{"embeddable":true,"href":"https:\/\/nexgendecors.com\/fr\/wp-json\/wp\/v2\/comments?post=54943"}],"version-history":[{"count":0,"href":"https:\/\/nexgendecors.com\/fr\/wp-json\/wp\/v2\/product\/54943\/revisions"}],"wp:featuredmedia":[{"embeddable":true,"href":"https:\/\/nexgendecors.com\/fr\/wp-json\/wp\/v2\/media\/113748"}],"wp:attachment":[{"href":"https:\/\/nexgendecors.com\/fr\/wp-json\/wp\/v2\/media?parent=54943"}],"wp:term":[{"taxonomy":"product_brand","embeddable":true,"href":"https:\/\/nexgendecors.com\/fr\/wp-json\/wp\/v2\/product_brand?post=54943"},{"taxonomy":"product_cat","embeddable":true,"href":"https:\/\/nexgendecors.com\/fr\/wp-json\/wp\/v2\/product_cat?post=54943"},{"taxonomy":"product_tag","embeddable":true,"href":"https:\/\/nexgendecors.com\/fr\/wp-json\/wp\/v2\/product_tag?post=54943"}],"curies":[{"name":"wp","href":"https:\/\/api.w.org\/{rel}","templated":true}]}}