{"id":55250,"date":"2025-01-26T02:42:24","date_gmt":"2025-01-26T02:42:24","guid":{"rendered":"https:\/\/nexgendecors.com\/product\/duplex-building-large-chandelier-modern-simple-loft-apartment-multi-storey-building-villa-high-living-room-hollow-lobby-lamp\/"},"modified":"2025-04-06T08:31:11","modified_gmt":"2025-04-06T08:31:11","slug":"duplex-building-large-chandelier-modern-simple-loft-apartment-multi-storey-building-villa-high-living-room-hollow-lobby-lamp","status":"publish","type":"product","link":"https:\/\/nexgendecors.com\/fr\/product\/duplex-building-large-chandelier-modern-simple-loft-apartment-multi-storey-building-villa-high-living-room-hollow-lobby-lamp\/","title":{"rendered":"Modern Loft Duplex Chandelier for High Ceilings"},"content":{"rendered":"<ul>\n<li>\n<strong>marque<\/strong>:Kim Landa<\/li>\n<li>\n<strong>mod\u00e8le<\/strong>:JLD1936<\/li>\n<li>\n<strong>style<\/strong>:Simple et moderne<\/li>\n<li>\n<strong>Origine<\/strong>:Chine continentale<\/li>\n<li>\n<strong>trier par couleur<\/strong>:Black five circles [3+4+6+8+10] infinite, black five circles [4+6+8+10+12] infinite, black five circles [6+8+10+12+15] infinite, black six circles [3+4+6+8+10+12] infinite, black seven circles 3+4+6+8+10+12+15 infinite, gold five circles [3+4+6+8+10] infinite, gold five circles [4+6+8+10+12] infinite, gold five circles [6+8+10+12+15] infinite, gold Six circles [3+4+6+8+10+12] infinite, gold seven circles 3+4+6+8+10+12+15 infinite, brown five circles [3+4+6+8+10] infinite, brown five circles [4+6+8+10+12] infinite, brown five circles [6+8+10+12+15] infinite, brown six circles [3+4+6+8+10+12] infinite, brown seven circles 3+4+6+8+10+12+15 infinite, brushed gold three layers [60+40+30CM] infinite<\/li>\n<li>\n<strong>La lampe a-t-elle une source lumineuse ?<\/strong>:Oui<\/li>\n<li>\n<strong>Service en ville<\/strong>:Les acheteurs de la m\u00eame ville r\u00e9cup\u00e8rent les marchandises \u00e0 domicile<\/li>\n<li>\n<strong>Tension<\/strong>:111V~240V (inclus)<\/li>\n<li>\n<strong>Mat\u00e9riau principal du corps de la lampe<\/strong>:Ch\u00e2ssis ABS+Mat\u00e9riel<\/li>\n<li>\n<strong>Mat\u00e9riau principal de l&#039;abat-jour<\/strong>:Abat-jour en PMMA \u00e0 haute transmission lumineuse<\/li>\n<li>\n<strong>type de source lumineuse<\/strong>:Lumi\u00e8res LED<\/li>\n<li>\n<strong>Technologie<\/strong>:Gla\u00e7age \u00e0 la peinture en a\u00e9rosol<\/li>\n<li>\n<strong>Zone d&#039;irradiation<\/strong>:10\u33a1-15\u33a1<\/li>\n<li>\n<strong>Type de contr\u00f4le<\/strong>:Contr\u00f4le non intelligent<\/li>\n<li>\n<strong>Mat\u00e9riau auxiliaire pour abat-jour<\/strong>:Abat-jour en PMMA \u00e0 haute transmission lumineuse<\/li>\n<li>\n<strong>P\u00e9riode de garantie<\/strong>:3 ans<\/li>\n<li>\n<strong>Mat\u00e9riau auxiliaire du corps de la lampe<\/strong>:Ch\u00e2ssis ABS+Mat\u00e9riel<\/li>\n<li>\n<strong>Type intelligent<\/strong>:Pas de support pour smart<\/li>\n<li>\n<strong>Que ce soit un contr\u00f4le intelligent<\/strong>:Non<\/li>\n<li>\n<strong>Forme de la lampe<\/strong>:Lustre en forme de ligne de p\u00eache<\/li>\n<li>\n<strong>Nombre de t\u00eates de lampe<\/strong>:1<\/li>\n<li>\n<strong>Type de lustre<\/strong>:Lustre en fer forg\u00e9<\/li>\n<li>\n<strong>Num\u00e9ro de certificat 3C<\/strong>:2023011001567269<\/li>\n<li>\n<strong><\/strong>:<\/li>\n<\/ul>\n<p><img><\/p>","protected":false},"excerpt":{"rendered":"<p>brand:Kim Landa model:JLD1936 style:Simple and modern Origin:Chinese mainland sort by color:Black five circles [3+4+6+8+10] infinite, black five circles [4+6+8+10+12] infinite,<\/p>","protected":false},"featured_media":114076,"comment_status":"open","ping_status":"closed","template":"","meta":[],"product_brand":[],"product_cat":[30971,30864],"product_tag":[],"class_list":{"0":"post-55250","1":"product","2":"type-product","3":"status-publish","4":"has-post-thumbnail","6":"product_cat-hp","7":"product_cat-new-wholesales-lights","9":"first","10":"instock","11":"taxable","12":"shipping-taxable","13":"purchasable","14":"product-type-variable"},"_links":{"self":[{"href":"https:\/\/nexgendecors.com\/fr\/wp-json\/wp\/v2\/product\/55250","targetHints":{"allow":["GET"]}}],"collection":[{"href":"https:\/\/nexgendecors.com\/fr\/wp-json\/wp\/v2\/product"}],"about":[{"href":"https:\/\/nexgendecors.com\/fr\/wp-json\/wp\/v2\/types\/product"}],"replies":[{"embeddable":true,"href":"https:\/\/nexgendecors.com\/fr\/wp-json\/wp\/v2\/comments?post=55250"}],"version-history":[{"count":0,"href":"https:\/\/nexgendecors.com\/fr\/wp-json\/wp\/v2\/product\/55250\/revisions"}],"wp:featuredmedia":[{"embeddable":true,"href":"https:\/\/nexgendecors.com\/fr\/wp-json\/wp\/v2\/media\/114076"}],"wp:attachment":[{"href":"https:\/\/nexgendecors.com\/fr\/wp-json\/wp\/v2\/media?parent=55250"}],"wp:term":[{"taxonomy":"product_brand","embeddable":true,"href":"https:\/\/nexgendecors.com\/fr\/wp-json\/wp\/v2\/product_brand?post=55250"},{"taxonomy":"product_cat","embeddable":true,"href":"https:\/\/nexgendecors.com\/fr\/wp-json\/wp\/v2\/product_cat?post=55250"},{"taxonomy":"product_tag","embeddable":true,"href":"https:\/\/nexgendecors.com\/fr\/wp-json\/wp\/v2\/product_tag?post=55250"}],"curies":[{"name":"wp","href":"https:\/\/api.w.org\/{rel}","templated":true}]}}