{"id":55322,"date":"2025-01-26T02:42:41","date_gmt":"2025-01-26T02:42:41","guid":{"rendered":"https:\/\/nexgendecors.com\/product\/edra-single-sofa-cipria-designer-net-red-plush-powder-puff-single-chair-living-room-balcony-leisure-sofa-recliner\/"},"modified":"2025-04-06T08:31:23","modified_gmt":"2025-04-06T08:31:23","slug":"edra-single-sofa-cipria-designer-net-red-plush-powder-puff-single-chair-living-room-balcony-leisure-sofa-recliner","status":"publish","type":"product","link":"https:\/\/nexgendecors.com\/fr\/product\/edra-single-sofa-cipria-designer-net-red-plush-powder-puff-single-chair-living-room-balcony-leisure-sofa-recliner\/","title":{"rendered":"Canap\u00e9 simple Edra Plush Powder Puff \u2013 Fauteuil de loisirs chic"},"content":{"rendered":"<ul>\n<li>\n<strong>Poids brut<\/strong>:45<\/li>\n<li>\n<strong>marque<\/strong>:Kaishitu<\/li>\n<li>\n<strong>mod\u00e8le<\/strong>:cipria.<\/li>\n<li>\n<strong>\u00e9l\u00e9ments populaires<\/strong>:\u00c9tranger<\/li>\n<li>\n<strong>style<\/strong>:Italien<\/li>\n<li>\n<strong>Assembler<\/strong>:Non<\/li>\n<li>\n<strong>Appropri\u00e9<\/strong>:G\u00e9n\u00e9ral<\/li>\n<li>\n<strong>Est-ce rempla\u00e7able ?<\/strong>:Non<\/li>\n<li>\n<strong>volume du colis<\/strong>:1<\/li>\n<li>\n<strong>Remplissage<\/strong>:\u00c9ponge en mousse hautement \u00e9lastique<\/li>\n<li>\n<strong>Est-ce personnalisable ?<\/strong>:Oui<\/li>\n<li>\n<strong>Mat\u00e9riel<\/strong>:velvet<\/li>\n<li>\n<strong>Instructions d&#039;installation d\u00e9taill\u00e9es<\/strong>:Paquet<\/li>\n<li>\n<strong>mod\u00e8le<\/strong>:Art<\/li>\n<li>\n<strong>Un taxi est-il disponible pour le transport ?<\/strong>:Non<\/li>\n<li>\n<strong>Positionnement de style<\/strong>:Style artistique<\/li>\n<li>\n<strong>Livraison\/installation disponible<\/strong>:\u00c0 l&#039;\u00e9chelle nationale<\/li>\n<li>\n<strong>trier par couleur<\/strong>:White right armrest single chair, white left armrest single chair, black right armrest single chair, black left armrest single chair, pink right armrest single chair, pink left armrest single chair, transparent custom color single chair, transparent three-person custom color<\/li>\n<li>\n<strong><\/strong>:<\/li>\n<\/ul>\n<p><img><\/p>","protected":false},"excerpt":{"rendered":"<p>Poids brut : 45 marque : Kaishitu mod\u00e8le : cipria. \u00e9l\u00e9ments populaires : Alien style : italien Assemblage : non Convient : g\u00e9n\u00e9ral Est-il rempla\u00e7able ? : non volume du colis : 1 Remplissage : \u00e9ponge en mousse hautement \u00e9lastique Est-il<\/p>","protected":false},"featured_media":114195,"comment_status":"open","ping_status":"closed","template":"","meta":[],"product_brand":[],"product_cat":[30855,30862,30971,30850],"product_tag":[],"class_list":{"0":"post-55322","1":"product","2":"type-product","3":"status-publish","4":"has-post-thumbnail","6":"product_cat-wholesale-chairs","7":"product_cat-wholesales-hotels","8":"product_cat-hp","9":"product_cat-wholesale-furniture","11":"first","12":"instock","13":"sale","14":"taxable","15":"shipping-taxable","16":"purchasable","17":"product-type-variable"},"_links":{"self":[{"href":"https:\/\/nexgendecors.com\/fr\/wp-json\/wp\/v2\/product\/55322","targetHints":{"allow":["GET"]}}],"collection":[{"href":"https:\/\/nexgendecors.com\/fr\/wp-json\/wp\/v2\/product"}],"about":[{"href":"https:\/\/nexgendecors.com\/fr\/wp-json\/wp\/v2\/types\/product"}],"replies":[{"embeddable":true,"href":"https:\/\/nexgendecors.com\/fr\/wp-json\/wp\/v2\/comments?post=55322"}],"version-history":[{"count":0,"href":"https:\/\/nexgendecors.com\/fr\/wp-json\/wp\/v2\/product\/55322\/revisions"}],"wp:featuredmedia":[{"embeddable":true,"href":"https:\/\/nexgendecors.com\/fr\/wp-json\/wp\/v2\/media\/114195"}],"wp:attachment":[{"href":"https:\/\/nexgendecors.com\/fr\/wp-json\/wp\/v2\/media?parent=55322"}],"wp:term":[{"taxonomy":"product_brand","embeddable":true,"href":"https:\/\/nexgendecors.com\/fr\/wp-json\/wp\/v2\/product_brand?post=55322"},{"taxonomy":"product_cat","embeddable":true,"href":"https:\/\/nexgendecors.com\/fr\/wp-json\/wp\/v2\/product_cat?post=55322"},{"taxonomy":"product_tag","embeddable":true,"href":"https:\/\/nexgendecors.com\/fr\/wp-json\/wp\/v2\/product_tag?post=55322"}],"curies":[{"name":"wp","href":"https:\/\/api.w.org\/{rel}","templated":true}]}}