{"id":55379,"date":"2025-01-26T02:42:50","date_gmt":"2025-01-26T02:42:50","guid":{"rendered":"https:\/\/nexgendecors.com\/product\/educational-institution-student-training-table-and-chair-combination-long-table-simple-modern-school-tutoring-class-study-table-double\/"},"modified":"2025-04-06T08:31:31","modified_gmt":"2025-04-06T08:31:31","slug":"educational-institution-student-training-table-and-chair-combination-long-table-simple-modern-school-tutoring-class-study-table-double","status":"publish","type":"product","link":"https:\/\/nexgendecors.com\/fr\/product\/educational-institution-student-training-table-and-chair-combination-long-table-simple-modern-school-tutoring-class-study-table-double\/","title":{"rendered":"Ensemble table et chaise d'\u00e9tude double moderne pour les \u00e9coles"},"content":{"rendered":"<ul>\n<li>\n<strong>marque<\/strong>:duzca\/duzhichao furniture<\/li>\n<li>\n<strong>style<\/strong>:Simple et moderne<\/li>\n<li>\n<strong>Combinaison<\/strong>:Corner computer desk<\/li>\n<li>\n<strong>Origine<\/strong>:Province du Jiangsu<\/li>\n<li>\n<strong>Mat\u00e9riel<\/strong>:M\u00e9tal<\/li>\n<li>\n<strong>Nombre de personnes applicable<\/strong>:2 personnes<\/li>\n<li>\n<strong>trier par couleur<\/strong>:600*400*750 single layer, 800*400*750 single layer, 1000*400*750 single layer, 1200*400*750 single layer, 1400*400*750 single layer, 1600*400*750 single layer, 1800*400*750 single layer, 2000*400*750 single layer, folding chair, fashion chair, podium, 120*40*75 double layer, 140*40*75 double layer, 160*40*75 double layer, 180*40*75 double layer, 200*40*75 double layer, 240*40*75 double layer Layer, 120*50*75 single layer, 120*50*75 double layer, 120*60*75 single layer, 120*60*75 double layer, 60*40*75 double layer, small square stool, 600*500*750 double layer, 1000*400*750 double layer, 1200*-400*750 double layer set including fashion chair, 800*400*750 double layer, 1800*600*750 double layer, 1400*500*750 double layer, 1400*600*750 double layer, 1800*500*750 double layer, hole chair, solid steel bar chair<\/li>\n<li>\n<strong><\/strong>:<\/li>\n<\/ul>\n<p><img><\/p>","protected":false},"excerpt":{"rendered":"<p>marque:duzca\/duzhichao style de meuble:Simple et moderne Combinaison:Bureau d'ordinateur d'angle Origine:Province de Jiangsu Mat\u00e9riau:M\u00e9tal Nombre de personnes concern\u00e9es:2 personnes trier par couleur:600*400*750 simple<\/p>","protected":false},"featured_media":114223,"comment_status":"open","ping_status":"closed","template":"","meta":[],"product_brand":[],"product_cat":[30900,30971,30849,30866],"product_tag":[],"class_list":{"0":"post-55379","1":"product","2":"type-product","3":"status-publish","4":"has-post-thumbnail","6":"product_cat-bs-school","7":"product_cat-hp","8":"product_cat-kindergarten-school-furniture","9":"product_cat-wholesales-university-high-schools","11":"first","12":"instock","13":"taxable","14":"shipping-taxable","15":"purchasable","16":"product-type-variable"},"_links":{"self":[{"href":"https:\/\/nexgendecors.com\/fr\/wp-json\/wp\/v2\/product\/55379","targetHints":{"allow":["GET"]}}],"collection":[{"href":"https:\/\/nexgendecors.com\/fr\/wp-json\/wp\/v2\/product"}],"about":[{"href":"https:\/\/nexgendecors.com\/fr\/wp-json\/wp\/v2\/types\/product"}],"replies":[{"embeddable":true,"href":"https:\/\/nexgendecors.com\/fr\/wp-json\/wp\/v2\/comments?post=55379"}],"version-history":[{"count":0,"href":"https:\/\/nexgendecors.com\/fr\/wp-json\/wp\/v2\/product\/55379\/revisions"}],"wp:featuredmedia":[{"embeddable":true,"href":"https:\/\/nexgendecors.com\/fr\/wp-json\/wp\/v2\/media\/114223"}],"wp:attachment":[{"href":"https:\/\/nexgendecors.com\/fr\/wp-json\/wp\/v2\/media?parent=55379"}],"wp:term":[{"taxonomy":"product_brand","embeddable":true,"href":"https:\/\/nexgendecors.com\/fr\/wp-json\/wp\/v2\/product_brand?post=55379"},{"taxonomy":"product_cat","embeddable":true,"href":"https:\/\/nexgendecors.com\/fr\/wp-json\/wp\/v2\/product_cat?post=55379"},{"taxonomy":"product_tag","embeddable":true,"href":"https:\/\/nexgendecors.com\/fr\/wp-json\/wp\/v2\/product_tag?post=55379"}],"curies":[{"name":"wp","href":"https:\/\/api.w.org\/{rel}","templated":true}]}}