{"id":55418,"date":"2025-01-26T02:42:53","date_gmt":"2025-01-26T02:42:53","guid":{"rendered":"https:\/\/nexgendecors.com\/product\/educational-institution-training-table-staff-double-seat-primary-and-secondary-school-students-simple-modern-table-and-chair-combination-conference-table-long-table\/"},"modified":"2025-04-06T08:31:36","modified_gmt":"2025-04-06T08:31:36","slug":"table-de-formation-pour-etablissement-denseignement-personnel-siege-double-eleves-du-primaire-et-du-secondaire-combinaison-simple-et-moderne-de-table-et-de-chaise-table-de-conference-table","status":"publish","type":"product","link":"https:\/\/nexgendecors.com\/fr\/product\/table-de-formation-pour-etablissement-denseignement-personnel-siege-double-eleves-du-primaire-et-du-secondaire-combinaison-simple-et-moderne-de-table-et-de-chaise-table-de-conference-table\/","title":{"rendered":"Ensemble table et chaises modernes \u00e0 deux places pour les \u00e9coles"},"content":{"rendered":"<ul>\n<li>\n<strong>Fonctionnalit\u00e9s suppl\u00e9mentaires<\/strong>:D\u00e9montage<\/li>\n<li>\n<strong>Origine<\/strong>:Province du Jiangsu<\/li>\n<li>\n<strong>S&#039;il y a un trou de filetage<\/strong>:Non<\/li>\n<li>\n<strong>Mat\u00e9riel<\/strong>:Panneaux \u00e0 base de bois<\/li>\n<li>\n<strong>Type d&#039;emballage<\/strong>:En gros<\/li>\n<li>\n<strong>trier par couleur<\/strong>:1200*400*750 simple couche, 1400*400*750 simple couche, 1600*400*750 simple couche, 1200*500*750 simple couche, 1200*600*750 simple couche, 1200*400*750 double couche, 1400*400*750 double couche, 1600*400*750 double couche, 1200*500*750 double couche, 1200*600*750 double couche, 1800*400*750 double couche, 2000* 400*750 double couche, 600*400*750 double couche, 1000*400*750 double couche, 1200*400*750 double couche table avec une table et deux chaises, 1400*500*750 double couche, 1200*600*750 double couche table avec une table et deux chaises, 1200*500*750 double couche table avec une table et deux chaises, 800*400*750 double couche, podium A, podium B1 deux personnes, podium B2 trois personnes, version am\u00e9lior\u00e9e de taille personnalis\u00e9e A, version am\u00e9lior\u00e9e de taille personnalis\u00e9e B<\/li>\n<\/ul>\n<p><img><\/p>","protected":false},"excerpt":{"rendered":"<p>Caract\u00e9ristiques suppl\u00e9mentaires : D\u00e9montage Origine : Province du Jiangsu S&#039;il y a un trou de filetage : non Mat\u00e9riau : Panneaux \u00e0 base de bois Type d&#039;emballage : En vrac Trier par couleur : 1200*400*750 monocouche, 1400*400*750 simple<\/p>","protected":false},"featured_media":114233,"comment_status":"open","ping_status":"closed","template":"","meta":[],"product_brand":[],"product_cat":[30900,30971,30866],"product_tag":[],"class_list":{"0":"post-55418","1":"product","2":"type-product","3":"status-publish","4":"has-post-thumbnail","6":"product_cat-bs-school","7":"product_cat-hp","8":"product_cat-wholesales-university-high-schools","10":"first","11":"instock","12":"taxable","13":"shipping-taxable","14":"purchasable","15":"product-type-variable"},"_links":{"self":[{"href":"https:\/\/nexgendecors.com\/fr\/wp-json\/wp\/v2\/product\/55418","targetHints":{"allow":["GET"]}}],"collection":[{"href":"https:\/\/nexgendecors.com\/fr\/wp-json\/wp\/v2\/product"}],"about":[{"href":"https:\/\/nexgendecors.com\/fr\/wp-json\/wp\/v2\/types\/product"}],"replies":[{"embeddable":true,"href":"https:\/\/nexgendecors.com\/fr\/wp-json\/wp\/v2\/comments?post=55418"}],"version-history":[{"count":0,"href":"https:\/\/nexgendecors.com\/fr\/wp-json\/wp\/v2\/product\/55418\/revisions"}],"wp:featuredmedia":[{"embeddable":true,"href":"https:\/\/nexgendecors.com\/fr\/wp-json\/wp\/v2\/media\/114233"}],"wp:attachment":[{"href":"https:\/\/nexgendecors.com\/fr\/wp-json\/wp\/v2\/media?parent=55418"}],"wp:term":[{"taxonomy":"product_brand","embeddable":true,"href":"https:\/\/nexgendecors.com\/fr\/wp-json\/wp\/v2\/product_brand?post=55418"},{"taxonomy":"product_cat","embeddable":true,"href":"https:\/\/nexgendecors.com\/fr\/wp-json\/wp\/v2\/product_cat?post=55418"},{"taxonomy":"product_tag","embeddable":true,"href":"https:\/\/nexgendecors.com\/fr\/wp-json\/wp\/v2\/product_tag?post=55418"}],"curies":[{"name":"wp","href":"https:\/\/api.w.org\/{rel}","templated":true}]}}