{"id":55620,"date":"2025-01-26T02:43:28","date_gmt":"2025-01-26T02:43:28","guid":{"rendered":"https:\/\/nexgendecors.com\/product\/elephant-ear-cat-scratching-cloth-sofa-baxter-italian-minimalist-nordic-large-and-small-apartment-living-room-latex-fabric-sofa-1\/"},"modified":"2025-04-06T08:31:57","modified_gmt":"2025-04-06T08:31:57","slug":"elephant-ear-cat-scratching-cloth-sofa-baxter-italian-minimalist-nordic-large-and-small-apartment-living-room-latex-fabric-sofa-1","status":"publish","type":"product","link":"https:\/\/nexgendecors.com\/fr\/product\/elephant-ear-cat-scratching-cloth-sofa-baxter-italian-minimalist-nordic-large-and-small-apartment-living-room-latex-fabric-sofa-1\/","title":{"rendered":"Canap\u00e9 Baxter Elephant Ear\u00a0: design minimaliste italien"},"content":{"rendered":"<ul>\n<li>\n<strong>Y a-t-il un espace de stockage ?<\/strong>:Non<\/li>\n<li>\n<strong>style<\/strong>:Europe du Nord<\/li>\n<li>\n<strong>Assembler<\/strong>:Oui<\/li>\n<li>\n<strong>Tissu<\/strong>:Chiffon \u00e0 gratter pour chat<\/li>\n<li>\n<strong>La pr\u00e9vente est-elle disponible ?<\/strong>:Oui<\/li>\n<li>\n<strong>volume du colis<\/strong>:1<\/li>\n<li>\n<strong>Remplissage<\/strong>:\u00e9mulsion<\/li>\n<li>\n<strong>Combinaison de canap\u00e9<\/strong>:arc<\/li>\n<li>\n<strong>Positionnement de style<\/strong>:Qualit\u00e9 Luxe<\/li>\n<li>\n<strong>trier par couleur<\/strong>:2,4m+2,6m+2,8m+3m+3,2m+3,4m+3,6m+<\/li>\n<li>\n<strong>marque<\/strong>:FA SA DI M\u00c9NAGE\/FA SA DI<\/li>\n<li>\n<strong>mod\u00e8le<\/strong>:F12<\/li>\n<li>\n<strong>Duret\u00e9 du remplissage<\/strong>:doux<\/li>\n<li>\n<strong>Appropri\u00e9<\/strong>:Adultes<\/li>\n<li>\n<strong>Technologie structurelle<\/strong>:Artisanat du bois<\/li>\n<li>\n<strong>Technologie des structures en bois<\/strong>:autre<\/li>\n<li>\n<strong>Est-ce personnalisable ?<\/strong>:Non<\/li>\n<li>\n<strong>Est-il amovible et lavable ?<\/strong>:Non<\/li>\n<li>\n<strong>Mat\u00e9riel<\/strong>:Bois<\/li>\n<li>\n<strong>Mat\u00e9riau en bois<\/strong>:Pin<\/li>\n<li>\n<strong>Instructions d&#039;installation d\u00e9taill\u00e9es<\/strong>:Fournir des instructions d&#039;installation<\/li>\n<li>\n<strong>Combien de personnes sont assises<\/strong>:[Coussin \u00e9ponge version mode] Chiffon \u00e0 gratter antibact\u00e9rien pour chat [Coussin \u00e9ponge en latex version luxe] Chiffon \u00e0 gratter antibact\u00e9rien pour chat<\/li>\n<li>\n<strong>Un taxi est-il disponible pour le transport ?<\/strong>:Non<\/li>\n<li>\n<strong>Livraison\/installation disponible<\/strong>:Foshan Zhengzhou Guiyang Guangzhou Fuzhou Harbin Xiamen Chongqing Changzhou Suzhou Xi&#039;an Shenzhen Nanjing Changsha P\u00e9kin Qingdao Wuxi Chengdu Shanghai Wuhan Nanning Shenyang Dalian Taizhou Dongguan Tianjin Autre Jinhua Hangzhou Nanchang Ningbo Wenzhou<\/li>\n<li>\n<strong><\/strong>:<\/li>\n<\/ul>\n<p><img><\/p>","protected":false},"excerpt":{"rendered":"<p>Is there storage space?:no style:Northern Europe Assemble:yes Fabric:Cat scratching cloth Is pre-sale available?:yes package volume:1 Filling:emulsion Sofa combination:arc Style positioning:Quality<\/p>","protected":false},"featured_media":114410,"comment_status":"open","ping_status":"closed","template":"","meta":[],"product_brand":[],"product_cat":[30971,30850],"product_tag":[],"class_list":{"0":"post-55620","1":"product","2":"type-product","3":"status-publish","4":"has-post-thumbnail","6":"product_cat-hp","7":"product_cat-wholesale-furniture","9":"first","10":"instock","11":"taxable","12":"shipping-taxable","13":"purchasable","14":"product-type-simple"},"_links":{"self":[{"href":"https:\/\/nexgendecors.com\/fr\/wp-json\/wp\/v2\/product\/55620","targetHints":{"allow":["GET"]}}],"collection":[{"href":"https:\/\/nexgendecors.com\/fr\/wp-json\/wp\/v2\/product"}],"about":[{"href":"https:\/\/nexgendecors.com\/fr\/wp-json\/wp\/v2\/types\/product"}],"replies":[{"embeddable":true,"href":"https:\/\/nexgendecors.com\/fr\/wp-json\/wp\/v2\/comments?post=55620"}],"version-history":[{"count":0,"href":"https:\/\/nexgendecors.com\/fr\/wp-json\/wp\/v2\/product\/55620\/revisions"}],"wp:featuredmedia":[{"embeddable":true,"href":"https:\/\/nexgendecors.com\/fr\/wp-json\/wp\/v2\/media\/114410"}],"wp:attachment":[{"href":"https:\/\/nexgendecors.com\/fr\/wp-json\/wp\/v2\/media?parent=55620"}],"wp:term":[{"taxonomy":"product_brand","embeddable":true,"href":"https:\/\/nexgendecors.com\/fr\/wp-json\/wp\/v2\/product_brand?post=55620"},{"taxonomy":"product_cat","embeddable":true,"href":"https:\/\/nexgendecors.com\/fr\/wp-json\/wp\/v2\/product_cat?post=55620"},{"taxonomy":"product_tag","embeddable":true,"href":"https:\/\/nexgendecors.com\/fr\/wp-json\/wp\/v2\/product_tag?post=55620"}],"curies":[{"name":"wp","href":"https:\/\/api.w.org\/{rel}","templated":true}]}}