{"id":55706,"date":"2025-01-26T02:43:57","date_gmt":"2025-01-26T02:43:57","guid":{"rendered":"https:\/\/nexgendecors.com\/product\/ergonomic-chair-computer-chair-ceo-chair-boss-chair-height-combination-designer-chair-office-chair-reclining\/"},"modified":"2025-04-06T08:32:08","modified_gmt":"2025-04-06T08:32:08","slug":"ergonomic-chair-computer-chair-ceo-chair-boss-chair-height-combination-designer-chair-office-chair-reclining","status":"publish","type":"product","link":"https:\/\/nexgendecors.com\/fr\/product\/ergonomic-chair-computer-chair-ceo-chair-boss-chair-height-combination-designer-chair-office-chair-reclining\/","title":{"rendered":"Ergonomic Reclining Office Chair for Executives"},"content":{"rendered":"<ul>\n<li>\n<strong>marque<\/strong>:Riz Bl\u00e9<\/li>\n<li>\n<strong>mod\u00e8le<\/strong>:702<\/li>\n<li>\n<strong>Mat\u00e9riau du si\u00e8ge<\/strong>:Autre<\/li>\n<li>\n<strong>Origine<\/strong>:Chine continentale<\/li>\n<li>\n<strong>province<\/strong>:Province du Guangdong<\/li>\n<li>\n<strong>trier par couleur<\/strong>:High back walnut wood grain black xipi high back walnut wood grain black cowhide high back walnut wood grain khaki xipi high back khaki cowhide high back full leather khaki + off-white high back full leather gray short back full leather khaki + off-white short back full leather gray short back dark gray + khaki<\/li>\n<li>\n<strong>Mat\u00e9riau en tissu<\/strong>:autre<\/li>\n<li>\n<strong>Peut-il \u00eatre \u00e9lev\u00e9 ou abaiss\u00e9 ?<\/strong>:Oui<\/li>\n<li>\n<strong>Puis-je m&#039;allonger ?<\/strong>:Oui<\/li>\n<li>\n<strong>Mat\u00e9riau de pied cinq \u00e9toiles<\/strong>:Pieds en alliage d&#039;aluminium<\/li>\n<li>\n<strong>Type de main courante<\/strong>:Accoudoir fixe<\/li>\n<\/ul>\n<p><img><\/p>","protected":false},"excerpt":{"rendered":"<p>brand:Rice Wheat model:702 Seat material:Other Origin:Chinese mainland province:Guangdong Province sort by color:High back walnut wood grain black xipi high back<\/p>","protected":false},"featured_media":114582,"comment_status":"open","ping_status":"closed","template":"","meta":[],"product_brand":[],"product_cat":[30971,30859],"product_tag":[],"class_list":{"0":"post-55706","1":"product","2":"type-product","3":"status-publish","4":"has-post-thumbnail","6":"product_cat-hp","7":"product_cat-wholesale-office","9":"first","10":"instock","11":"sale","12":"taxable","13":"shipping-taxable","14":"purchasable","15":"product-type-variable"},"_links":{"self":[{"href":"https:\/\/nexgendecors.com\/fr\/wp-json\/wp\/v2\/product\/55706","targetHints":{"allow":["GET"]}}],"collection":[{"href":"https:\/\/nexgendecors.com\/fr\/wp-json\/wp\/v2\/product"}],"about":[{"href":"https:\/\/nexgendecors.com\/fr\/wp-json\/wp\/v2\/types\/product"}],"replies":[{"embeddable":true,"href":"https:\/\/nexgendecors.com\/fr\/wp-json\/wp\/v2\/comments?post=55706"}],"version-history":[{"count":0,"href":"https:\/\/nexgendecors.com\/fr\/wp-json\/wp\/v2\/product\/55706\/revisions"}],"wp:featuredmedia":[{"embeddable":true,"href":"https:\/\/nexgendecors.com\/fr\/wp-json\/wp\/v2\/media\/114582"}],"wp:attachment":[{"href":"https:\/\/nexgendecors.com\/fr\/wp-json\/wp\/v2\/media?parent=55706"}],"wp:term":[{"taxonomy":"product_brand","embeddable":true,"href":"https:\/\/nexgendecors.com\/fr\/wp-json\/wp\/v2\/product_brand?post=55706"},{"taxonomy":"product_cat","embeddable":true,"href":"https:\/\/nexgendecors.com\/fr\/wp-json\/wp\/v2\/product_cat?post=55706"},{"taxonomy":"product_tag","embeddable":true,"href":"https:\/\/nexgendecors.com\/fr\/wp-json\/wp\/v2\/product_tag?post=55706"}],"curies":[{"name":"wp","href":"https:\/\/api.w.org\/{rel}","templated":true}]}}