{"id":55800,"date":"2025-01-26T02:44:13","date_gmt":"2025-01-26T02:44:13","guid":{"rendered":"https:\/\/nexgendecors.com\/product\/esszimmerstuhle-leather-dining-chair\/"},"modified":"2025-04-06T08:32:35","modified_gmt":"2025-04-06T08:32:35","slug":"esszimmerstuhle-leather-dining-chair","status":"publish","type":"product","link":"https:\/\/nexgendecors.com\/fr\/product\/esszimmerstuhle-leather-dining-chair\/","title":{"rendered":"Chaise de salle \u00e0 manger en cuir - Design \u00e9l\u00e9gant et confortable"},"content":{"rendered":"<p>Elevate the visual appeal of your interior with this minimalist yet inviting dining chair. The faux leather upholstered seat filled with elastic foam offers absolute comfort. This chair&#8217;s clean lines and open backrest will give your dining or kitchen space a much-needed uplift. Crafted from a high-grade carbon steel frame, it ensures a durable solution and sturdy support for frequent use.\u00a0<\/p>\n<p><\/p>\n<p>&#8211; Care &#038; Clean: Wipe with a clean cloth and mild soap, when needed.<\/p>","protected":false},"excerpt":{"rendered":"<p>Cette chaise de salle \u00e0 manger minimaliste mais accueillante rehausse l'attrait visuel de votre int\u00e9rieur. L'assise rembourr\u00e9e en similicuir remplie<\/p>","protected":false},"featured_media":114722,"comment_status":"open","ping_status":"closed","template":"","meta":[],"product_brand":[],"product_cat":[30825,30826,30971,32],"product_tag":[],"class_list":{"0":"post-55800","1":"product","2":"type-product","3":"status-publish","4":"has-post-thumbnail","6":"product_cat-dining-chairs","7":"product_cat-dining-room","8":"product_cat-hp","9":"product_cat-residential-furniture","11":"first","12":"instock","13":"sale","14":"taxable","15":"shipping-taxable","16":"purchasable","17":"product-type-variable"},"_links":{"self":[{"href":"https:\/\/nexgendecors.com\/fr\/wp-json\/wp\/v2\/product\/55800","targetHints":{"allow":["GET"]}}],"collection":[{"href":"https:\/\/nexgendecors.com\/fr\/wp-json\/wp\/v2\/product"}],"about":[{"href":"https:\/\/nexgendecors.com\/fr\/wp-json\/wp\/v2\/types\/product"}],"replies":[{"embeddable":true,"href":"https:\/\/nexgendecors.com\/fr\/wp-json\/wp\/v2\/comments?post=55800"}],"version-history":[{"count":0,"href":"https:\/\/nexgendecors.com\/fr\/wp-json\/wp\/v2\/product\/55800\/revisions"}],"wp:featuredmedia":[{"embeddable":true,"href":"https:\/\/nexgendecors.com\/fr\/wp-json\/wp\/v2\/media\/114722"}],"wp:attachment":[{"href":"https:\/\/nexgendecors.com\/fr\/wp-json\/wp\/v2\/media?parent=55800"}],"wp:term":[{"taxonomy":"product_brand","embeddable":true,"href":"https:\/\/nexgendecors.com\/fr\/wp-json\/wp\/v2\/product_brand?post=55800"},{"taxonomy":"product_cat","embeddable":true,"href":"https:\/\/nexgendecors.com\/fr\/wp-json\/wp\/v2\/product_cat?post=55800"},{"taxonomy":"product_tag","embeddable":true,"href":"https:\/\/nexgendecors.com\/fr\/wp-json\/wp\/v2\/product_tag?post=55800"}],"curies":[{"name":"wp","href":"https:\/\/api.w.org\/{rel}","templated":true}]}}