{"id":56240,"date":"2025-01-26T02:45:05","date_gmt":"2025-01-26T02:45:05","guid":{"rendered":"https:\/\/nexgendecors.com\/product\/fan-lamp-net-red-creative-childrens-room-cartoon-airplane-lamp-2024-new-boys-and-girls-simple-bedroom-ceiling-fan-lamp-1\/"},"modified":"2025-04-06T08:33:43","modified_gmt":"2025-04-06T08:33:43","slug":"ventilateur-de-plafond-pour-chambre-denfant-design-creatif-design-dessin-anime-ideal-pour-un-avion-ideal-pour-un-garcon-ou-une-fille-modele-2024","status":"publish","type":"product","link":"https:\/\/nexgendecors.com\/fr\/product\/ventilateur-de-plafond-pour-chambre-denfant-design-creatif-design-dessin-anime-ideal-pour-un-avion-ideal-pour-un-garcon-ou-une-fille-modele-2024\/","title":{"rendered":"Plafonnier avec ventilateur en forme d&#039;avion pour chambre d&#039;enfant"},"content":{"rendered":"<ul>\n<li>\n<strong>marque<\/strong>:autre\/autre<\/li>\n<li>\n<strong>mod\u00e8le<\/strong>:ODW1146<\/li>\n<li>\n<strong>style<\/strong>:Simple et moderne<\/li>\n<li>\n<strong>Origine<\/strong>:Chine continentale<\/li>\n<li>\n<strong>mod\u00e8le<\/strong>:ODW1146<\/li>\n<li>\n<strong>trier par couleur<\/strong>:Lampe \u00e9ventail loup bleu [67*77CM] Promise + Tmall, Lampe \u00e9ventail loup jaune [67*77CM] Promise + Tmall, Lampe \u00e9ventail loup rose [67*77CM] Promise + Tmall, Spectre complet\/IRC \u226597\/Bleu [67CM] Promise Tmall, Spectre complet\/IRC \u226597\/Jaune [67CM] Promise Tmall, Spectre complet\/IRC \u226597\/Rose [67CM] Promise Tmall, Purui import\u00e9 Spectre complet\/Bleu [67CM] Promise Tmall, Purui import\u00e9 Spectre complet\/Jaune [6 7CM] Promise Tmall, Purui import\u00e9 Spectre complet\/Rose [67CM] Promise Tmall, Avion bleu [65*71CM] Promise + Tmall, Chasseur bleu [75*75CM] Promise + Tmall, Avion rose [65*71CM] Promise + Tmall, chasseur rose [75*75CM] Promise + Tmall, gris sable [75CM] Promise + Tmall, bleu fonc\u00e9 [80*90CM] Promise + Tmall, bleu macaron [90*70CM] Promise + Tmall, spectre complet\/IRC \u226597\/gris [63*70CM] Wuji + Tmall, spectre complet\/indice d&#039;affichage \u226597\/vert gazon [63*70CM] Wuji + Tmall, spectre complet\/indice d&#039;affichage \u226597\/plafond d&#039;avion bleu [75*64CM] Tmall, spectre complet\/indice d&#039;affichage \u226597\/lustre d&#039;avion bleu [75*64CM] Tmall, spectre complet\/indice d&#039;affichage \u226597\/plafond d&#039;avion rose [75*64CM] Tmall, spectre complet\/indice d&#039;affichage \u226597\/lustre d&#039;avion rose [75*64CM] Tmall, petit lustre bleu [41*38CM] trois couleurs, grand lustre bleu [58*53CM] trois couleurs, bleu ordinaire [58*53CM] trois couleurs, combattant de libellule A bleu [80*88CM] Wuji Tmall, combattant de libellule B or [80*88CM] Wuji Tmall, spectre complet\/IRC \u226597\/Peter Pan [86*58CM] Wuji Tmall, spectre complet\/IRC \u226597\/jaune [58*90CM] Wuji Tmall, spectre complet\/IRC \u226597\/vert [58*90CM] Wuji Tmall<\/li>\n<li>\n<strong>La lampe a-t-elle une source lumineuse ?<\/strong>:Oui<\/li>\n<li>\n<strong>Tension<\/strong>:111V~240V (inclus)<\/li>\n<li>\n<strong>Mat\u00e9riau principal du corps de la lampe<\/strong>:fer<\/li>\n<li>\n<strong>Mat\u00e9riau principal de l&#039;abat-jour<\/strong>:Abat-jour en PMMA \u00e0 haute transmission lumineuse<\/li>\n<li>\n<strong>type de source lumineuse<\/strong>:Lumi\u00e8res LED<\/li>\n<li>\n<strong>Nombre de sources lumineuses<\/strong>:1<\/li>\n<li>\n<strong>Technologie<\/strong>:Autre<\/li>\n<li>\n<strong>Zone d&#039;irradiation<\/strong>:5\u33a1-10\u33a1,10\u33a1-15\u33a1<\/li>\n<li>\n<strong>Type de contr\u00f4le<\/strong>:autre<\/li>\n<li>\n<strong>Mat\u00e9riau auxiliaire pour abat-jour<\/strong>:Abat-jour en PMMA \u00e0 haute transmission lumineuse<\/li>\n<li>\n<strong>P\u00e9riode de garantie<\/strong>:3 ans<\/li>\n<li>\n<strong>Mat\u00e9riau auxiliaire du corps de la lampe<\/strong>:Ch\u00e2ssis ABS+Mat\u00e9riel<\/li>\n<li>\n<strong>Type intelligent<\/strong>:Pas de support pour smart<\/li>\n<li>\n<strong>Que ce soit un contr\u00f4le intelligent<\/strong>:Non<\/li>\n<li>\n<strong>Type de plafonnier<\/strong>:Plafonnier en fer forg\u00e9<\/li>\n<li>\n<strong>Num\u00e9ro de certificat 3C<\/strong>:2020011001350286<\/li>\n<\/ul>\n<p><img><\/p>","protected":false},"excerpt":{"rendered":"<p>brand:other\/other model:ODW1146 style:Simple and modern Origin:Chinese mainland model:ODW1146 sort by color:Blue Wolf Fan Light [67*77CM] Promise + Tmall, Yellow Wolf<\/p>","protected":false},"featured_media":115416,"comment_status":"open","ping_status":"closed","template":"","meta":[],"product_brand":[],"product_cat":[30971,30864],"product_tag":[],"class_list":{"0":"post-56240","1":"product","2":"type-product","3":"status-publish","4":"has-post-thumbnail","6":"product_cat-hp","7":"product_cat-new-wholesales-lights","9":"first","10":"instock","11":"taxable","12":"shipping-taxable","13":"purchasable","14":"product-type-variable"},"_links":{"self":[{"href":"https:\/\/nexgendecors.com\/fr\/wp-json\/wp\/v2\/product\/56240","targetHints":{"allow":["GET"]}}],"collection":[{"href":"https:\/\/nexgendecors.com\/fr\/wp-json\/wp\/v2\/product"}],"about":[{"href":"https:\/\/nexgendecors.com\/fr\/wp-json\/wp\/v2\/types\/product"}],"replies":[{"embeddable":true,"href":"https:\/\/nexgendecors.com\/fr\/wp-json\/wp\/v2\/comments?post=56240"}],"version-history":[{"count":0,"href":"https:\/\/nexgendecors.com\/fr\/wp-json\/wp\/v2\/product\/56240\/revisions"}],"wp:featuredmedia":[{"embeddable":true,"href":"https:\/\/nexgendecors.com\/fr\/wp-json\/wp\/v2\/media\/115416"}],"wp:attachment":[{"href":"https:\/\/nexgendecors.com\/fr\/wp-json\/wp\/v2\/media?parent=56240"}],"wp:term":[{"taxonomy":"product_brand","embeddable":true,"href":"https:\/\/nexgendecors.com\/fr\/wp-json\/wp\/v2\/product_brand?post=56240"},{"taxonomy":"product_cat","embeddable":true,"href":"https:\/\/nexgendecors.com\/fr\/wp-json\/wp\/v2\/product_cat?post=56240"},{"taxonomy":"product_tag","embeddable":true,"href":"https:\/\/nexgendecors.com\/fr\/wp-json\/wp\/v2\/product_tag?post=56240"}],"curies":[{"name":"wp","href":"https:\/\/api.w.org\/{rel}","templated":true}]}}