{"id":56271,"date":"2025-01-26T02:45:07","date_gmt":"2025-01-26T02:45:07","guid":{"rendered":"https:\/\/nexgendecors.com\/product\/fan-shaped-mosaic-background-wall-nordic-shell-fish-scale-marble-kitchen-bathroom-bathroom-floor-non-slip-tiles\/"},"modified":"2025-04-15T11:18:11","modified_gmt":"2025-04-15T11:18:11","slug":"fan-shaped-mosaic-background-wall-nordic-shell-fish-scale-marble-kitchen-bathroom-bathroom-floor-non-slip-tiles","status":"publish","type":"product","link":"https:\/\/nexgendecors.com\/fr\/product\/fan-shaped-mosaic-background-wall-nordic-shell-fish-scale-marble-kitchen-bathroom-bathroom-floor-non-slip-tiles\/","title":{"rendered":"Carreaux de mosa\u00efque en marbre motif coquillages et \u00e9cailles de poisson nordiques \u2013 Antid\u00e9rapants"},"content":{"rendered":"<li title=\"Shi Yuanming\"><font style=\"vertical-align: inherit;\"><font style=\"vertical-align: inherit;\">Marque : Shi Yuanming<\/font><\/font><\/li>\n<li title=\"XW-Y165\"><font style=\"vertical-align: inherit;\"><font style=\"vertical-align: inherit;\">Model: XW-Y165<\/font><\/font><\/li>\n<li title=\"marbre\"><font style=\"vertical-align: inherit;\"><font style=\"vertical-align: inherit;\">Mat\u00e9riau : Marbre<\/font><\/font><\/li>\n<li title=\"Simple et moderne\"><font style=\"vertical-align: inherit;\"><font style=\"vertical-align: inherit;\">Style : simple et moderne<\/font><\/font><\/li>\n<li title=\"Chine continentale\"><font style=\"vertical-align: inherit;\"><font style=\"vertical-align: inherit;\">Origine : Chine continentale<\/font><\/font><\/li>\n<li title=\"mur int\u00e9rieur\"><font style=\"vertical-align: inherit;\"><font style=\"vertical-align: inherit;\">Espace applicable : mur int\u00e9rieur<\/font><\/font><\/li>\n<li title=\"XW-Y163 Carrara white large fan-shaped XW-Y165 Carrara white small fan-shaped installation please use white neutral glue Page shipping fee is not the actual shipping fee\"><font style=\"vertical-align: inherit;\"><font style=\"vertical-align: inherit;\">Color classification: XW-Y163 Carrara white large fan-shaped XW-Y165 Carrara white small fan-shaped installation please use white neutral glue The page shipping fee is not the actual shipping fee<\/font><\/font><\/li>\n<li title=\"Logistique porte-\u00e0-porte dans la m\u00eame ville\"><font style=\"vertical-align: inherit;\"><font style=\"vertical-align: inherit;\">Service dans la m\u00eame ville : logistique porte-\u00e0-porte dans la m\u00eame ville<\/font><\/font><\/li>\n<li title=\"Salle de bain, chambre \u00e0 coucher, salon, cuisine, balcon, v\u00e9randa, mur d&#039;arri\u00e8re-plan de toute la maison\"><font style=\"vertical-align: inherit;\"><font style=\"vertical-align: inherit;\">Classification de l&#039;espace de d\u00e9coration : salle de bain chambre salon cuisine balcon v\u00e9randa toute la maison mur de fond<\/font><\/font><\/li>\n<li title=\"0,088\u33a1\">\u8ba1\u4ef7\u5355\u4f4d:\u00a00.088\u33a1<\/li>\n<li title=\"0,5% ou plus\">\u5438\u6c34\u7387:\u00a00.5%\u4ee5\u4e0a<\/li>\n<li title=\"La d\u00e9coupe de l&#039;\u00e9chantillon est gratuite et le transport est \u00e0 vos frais\">\u662f\u5426\u5bc4\u9001\u6837\u54c1:\u00a0\u5207\u6837\u514d\u8d39\uff0c\u8fd0\u8d39\u81ea\u7406<\/li>","protected":false},"excerpt":{"rendered":"<p>Marque : Shi Yuanming Mod\u00e8le : XW-Y165 Mat\u00e9riau : Marbre Style : simple et moderne Origine : Chine continentale Espace applicable : mur int\u00e9rieur Classification des couleurs :<\/p>","protected":false},"featured_media":115417,"comment_status":"open","ping_status":"closed","template":"","meta":[],"product_brand":[],"product_cat":[30971,30986,30878],"product_tag":[12259,12260],"class_list":{"0":"post-56271","1":"product","2":"type-product","3":"status-publish","4":"has-post-thumbnail","6":"product_cat-hp","7":"product_cat-tiles-wall-bricks","8":"product_cat-wall-panel","9":"product_tag-_wf_cus","10":"product_tag-_wf_exc","12":"first","13":"instock","14":"sale","15":"taxable","16":"shipping-taxable","17":"purchasable","18":"product-type-variable"},"_links":{"self":[{"href":"https:\/\/nexgendecors.com\/fr\/wp-json\/wp\/v2\/product\/56271","targetHints":{"allow":["GET"]}}],"collection":[{"href":"https:\/\/nexgendecors.com\/fr\/wp-json\/wp\/v2\/product"}],"about":[{"href":"https:\/\/nexgendecors.com\/fr\/wp-json\/wp\/v2\/types\/product"}],"replies":[{"embeddable":true,"href":"https:\/\/nexgendecors.com\/fr\/wp-json\/wp\/v2\/comments?post=56271"}],"version-history":[{"count":0,"href":"https:\/\/nexgendecors.com\/fr\/wp-json\/wp\/v2\/product\/56271\/revisions"}],"wp:featuredmedia":[{"embeddable":true,"href":"https:\/\/nexgendecors.com\/fr\/wp-json\/wp\/v2\/media\/115417"}],"wp:attachment":[{"href":"https:\/\/nexgendecors.com\/fr\/wp-json\/wp\/v2\/media?parent=56271"}],"wp:term":[{"taxonomy":"product_brand","embeddable":true,"href":"https:\/\/nexgendecors.com\/fr\/wp-json\/wp\/v2\/product_brand?post=56271"},{"taxonomy":"product_cat","embeddable":true,"href":"https:\/\/nexgendecors.com\/fr\/wp-json\/wp\/v2\/product_cat?post=56271"},{"taxonomy":"product_tag","embeddable":true,"href":"https:\/\/nexgendecors.com\/fr\/wp-json\/wp\/v2\/product_tag?post=56271"}],"curies":[{"name":"wp","href":"https:\/\/api.w.org\/{rel}","templated":true}]}}