{"id":56377,"date":"2025-01-26T02:45:41","date_gmt":"2025-01-26T02:45:41","guid":{"rendered":"https:\/\/nexgendecors.com\/product\/fennavia-art-italian-fashion-rotating-bedside-table-chloe-modern-minimalist-home-high-end-storage-cabinet-2\/"},"modified":"2025-04-06T08:34:32","modified_gmt":"2025-04-06T08:34:32","slug":"fennavia-art-italian-fashion-rotating-bedside-table-chloe-modern-minimalist-home-high-end-storage-cabinet-2","status":"publish","type":"product","link":"https:\/\/nexgendecors.com\/fr\/product\/fennavia-art-italian-fashion-rotating-bedside-table-chloe-modern-minimalist-home-high-end-storage-cabinet-2\/","title":{"rendered":"Table de chevet minimaliste moderne Fennavia Chloe"},"content":{"rendered":"<ul>\n<li>\n<strong>marque<\/strong>:ART FINNNAVIEN<\/li>\n<li>\n<strong>mod\u00e8le<\/strong>:Chloe<\/li>\n<li>\n<strong>style<\/strong>:Style de luxe l\u00e9ger<\/li>\n<li>\n<strong>Assembler<\/strong>:Non<\/li>\n<li>\n<strong>Districts et comt\u00e9s<\/strong>:Quartier de la ville sud<\/li>\n<li>\n<strong>ville<\/strong>:Ville de Dongguan<\/li>\n<li>\n<strong>Appropri\u00e9<\/strong>:Adultes<\/li>\n<li>\n<strong>Mat\u00e9riau de finition<\/strong>:Bois<\/li>\n<li>\n<strong>volume du colis<\/strong>:1<\/li>\n<li>\n<strong>Est-ce personnalisable ?<\/strong>:Non<\/li>\n<li>\n<strong>Mat\u00e9riel<\/strong>:autre<\/li>\n<li>\n<strong>Livraison\/installation disponible<\/strong>:Foshan Zhengzhou Guiyang Guangzhou Fuzhou Harbin Xiamen Chongqing Changzhou Suzhou Xi&#039;an Shenzhen Nanjing P\u00e9kin Changsha Qingdao Wuxi Chengdu Shanghai Wuhan Nanning Shenyang Dalian Taizhou Dongguan Tianjin Jinhua Hangzhou Nanchang Ningbo Wenzhou<\/li>\n<li>\n<strong>Nombre de portes<\/strong>:3 doors<\/li>\n<li>\n<strong>trier par couleur<\/strong>:\u3010Main picture color\u3011Bedside table<\/li>\n<li>\n<strong><\/strong>:<\/li>\n<\/ul>\n<p><img><\/p>","protected":false},"excerpt":{"rendered":"<p>Marque : FINNNAVIAN ART Mod\u00e8le : Chlo\u00e9 Style : Style de luxe l\u00e9ger Assemblage : non Districts et comt\u00e9s : District de la ville du Sud Ville : Ville de Dongguan Convient : Adultes Mat\u00e9riau de finition : Bois Volume du colis : 1 Is<\/p>","protected":false},"featured_media":115580,"comment_status":"open","ping_status":"closed","template":"","meta":[],"product_brand":[],"product_cat":[30858,30862,30971,30854],"product_tag":[],"class_list":{"0":"post-56377","1":"product","2":"type-product","3":"status-publish","4":"has-post-thumbnail","6":"product_cat-wholesale-bedroom","7":"product_cat-wholesales-hotels","8":"product_cat-hp","9":"product_cat-wholesale-side-table","11":"first","12":"instock","13":"taxable","14":"shipping-taxable","15":"purchasable","16":"product-type-simple"},"_links":{"self":[{"href":"https:\/\/nexgendecors.com\/fr\/wp-json\/wp\/v2\/product\/56377","targetHints":{"allow":["GET"]}}],"collection":[{"href":"https:\/\/nexgendecors.com\/fr\/wp-json\/wp\/v2\/product"}],"about":[{"href":"https:\/\/nexgendecors.com\/fr\/wp-json\/wp\/v2\/types\/product"}],"replies":[{"embeddable":true,"href":"https:\/\/nexgendecors.com\/fr\/wp-json\/wp\/v2\/comments?post=56377"}],"version-history":[{"count":0,"href":"https:\/\/nexgendecors.com\/fr\/wp-json\/wp\/v2\/product\/56377\/revisions"}],"wp:featuredmedia":[{"embeddable":true,"href":"https:\/\/nexgendecors.com\/fr\/wp-json\/wp\/v2\/media\/115580"}],"wp:attachment":[{"href":"https:\/\/nexgendecors.com\/fr\/wp-json\/wp\/v2\/media?parent=56377"}],"wp:term":[{"taxonomy":"product_brand","embeddable":true,"href":"https:\/\/nexgendecors.com\/fr\/wp-json\/wp\/v2\/product_brand?post=56377"},{"taxonomy":"product_cat","embeddable":true,"href":"https:\/\/nexgendecors.com\/fr\/wp-json\/wp\/v2\/product_cat?post=56377"},{"taxonomy":"product_tag","embeddable":true,"href":"https:\/\/nexgendecors.com\/fr\/wp-json\/wp\/v2\/product_tag?post=56377"}],"curies":[{"name":"wp","href":"https:\/\/api.w.org\/{rel}","templated":true}]}}