{"id":56401,"date":"2025-01-26T02:45:49","date_gmt":"2025-01-26T02:45:49","guid":{"rendered":"https:\/\/nexgendecors.com\/product\/fennavia-art-italian-light-luxury-reception-tea-table-tureen-italian-minimalist-living-room-rock-slab-coffee-table\/"},"modified":"2025-04-06T08:34:43","modified_gmt":"2025-04-06T08:34:43","slug":"fennavia-art-italian-light-luxury-reception-tea-table-tureen-italian-minimalist-living-room-rock-slab-coffee-table","status":"publish","type":"product","link":"https:\/\/nexgendecors.com\/fr\/product\/fennavia-art-italian-light-luxury-reception-tea-table-tureen-italian-minimalist-living-room-rock-slab-coffee-table\/","title":{"rendered":"Soupi\u00e8re \u00e0 th\u00e9 minimaliste italienne Fennavia ART"},"content":{"rendered":"<ul>\n<li>\n<strong>marque<\/strong>:ART FINNNAVIEN<\/li>\n<li>\n<strong>mod\u00e8le<\/strong>:Tureen<\/li>\n<li>\n<strong>Mat\u00e9riel<\/strong>:M\u00e9tal<\/li>\n<li>\n<strong>Mat\u00e9riau m\u00e9tallique<\/strong>:autre<\/li>\n<li>\n<strong>style<\/strong>:Minimalisme italien<\/li>\n<li>\n<strong>\u00e9l\u00e9ments populaires<\/strong>:Conception principale<\/li>\n<li>\n<strong>trier par couleur<\/strong>:coffee table<\/li>\n<li>\n<strong>Est-ce personnalisable ?<\/strong>:Oui<\/li>\n<li>\n<strong>Nombre de portes<\/strong>:Pas de porte<\/li>\n<li>\n<strong>Y a-t-il un espace de stockage ?<\/strong>:Non<\/li>\n<li>\n<strong>Livraison\/installation disponible<\/strong>:Others Nanjing Nanchang Harbin Dalian Tianjin Ningbo Chengdu Hangzhou Wuhan Shenyang Wenzhou Suzhou Xi&#8217;an Guiyang Zhengzhou Chongqing Jinhua Changsha Shanghai Dongguan Beijing Guangzhou Shenzhen Fuzhou Qingdao Wuxi Taizhou Changzhou Foshan Xiamen Nanning<\/li>\n<li>\n<strong>Assembler<\/strong>:Non<\/li>\n<li>\n<strong>volume du colis<\/strong>:0.1<\/li>\n<li>\n<strong>Un taxi est-il disponible pour le transport ?<\/strong>:Non<\/li>\n<li>\n<strong>Positionnement de style<\/strong>:Style artistique<\/li>\n<li>\n<strong>Instructions d&#039;installation d\u00e9taill\u00e9es<\/strong>:Aucune instruction d&#039;installation<\/li>\n<li>\n<strong>Poids brut<\/strong>:0.1kg<\/li>\n<li>\n<strong>taille<\/strong>:1.2&#215;0.65&#215;0.38m<\/li>\n<li>\n<strong><\/strong>:<\/li>\n<\/ul>\n<p><img><\/p>","protected":false},"excerpt":{"rendered":"<p>Marque : FINNNAVIAN ART Mod\u00e8le : Soupi\u00e8re Mat\u00e9riau : M\u00e9tal Mat\u00e9riau du m\u00e9tal : autre Style : Minimalisme italien \u00c9l\u00e9ments populaires : Master Design Trier par couleur : table basse Est-il personnalisable ? : oui Nombre de<\/p>","protected":false},"featured_media":115617,"comment_status":"open","ping_status":"closed","template":"","meta":[],"product_brand":[],"product_cat":[30862,30971,30850,30857],"product_tag":[],"class_list":{"0":"post-56401","1":"product","2":"type-product","3":"status-publish","4":"has-post-thumbnail","6":"product_cat-wholesales-hotels","7":"product_cat-hp","8":"product_cat-wholesale-furniture","9":"product_cat-wholesale-sofa-table","11":"first","12":"instock","13":"taxable","14":"shipping-taxable","15":"purchasable","16":"product-type-simple"},"_links":{"self":[{"href":"https:\/\/nexgendecors.com\/fr\/wp-json\/wp\/v2\/product\/56401","targetHints":{"allow":["GET"]}}],"collection":[{"href":"https:\/\/nexgendecors.com\/fr\/wp-json\/wp\/v2\/product"}],"about":[{"href":"https:\/\/nexgendecors.com\/fr\/wp-json\/wp\/v2\/types\/product"}],"replies":[{"embeddable":true,"href":"https:\/\/nexgendecors.com\/fr\/wp-json\/wp\/v2\/comments?post=56401"}],"version-history":[{"count":0,"href":"https:\/\/nexgendecors.com\/fr\/wp-json\/wp\/v2\/product\/56401\/revisions"}],"wp:featuredmedia":[{"embeddable":true,"href":"https:\/\/nexgendecors.com\/fr\/wp-json\/wp\/v2\/media\/115617"}],"wp:attachment":[{"href":"https:\/\/nexgendecors.com\/fr\/wp-json\/wp\/v2\/media?parent=56401"}],"wp:term":[{"taxonomy":"product_brand","embeddable":true,"href":"https:\/\/nexgendecors.com\/fr\/wp-json\/wp\/v2\/product_brand?post=56401"},{"taxonomy":"product_cat","embeddable":true,"href":"https:\/\/nexgendecors.com\/fr\/wp-json\/wp\/v2\/product_cat?post=56401"},{"taxonomy":"product_tag","embeddable":true,"href":"https:\/\/nexgendecors.com\/fr\/wp-json\/wp\/v2\/product_tag?post=56401"}],"curies":[{"name":"wp","href":"https:\/\/api.w.org\/{rel}","templated":true}]}}