{"id":56443,"date":"2025-01-26T02:46:07","date_gmt":"2025-01-26T02:46:07","guid":{"rendered":"https:\/\/nexgendecors.com\/product\/fennavia-art-modern-minimalist-electric-function-leather-sofa-viv-italian-style-very-simple-fabric-sofa\/"},"modified":"2025-04-06T08:35:09","modified_gmt":"2025-04-06T08:35:09","slug":"canape-en-cuir-electrique-moderne-et-minimaliste-de-style-italien-fennavia-canape-en-tissu-tres-simple","status":"publish","type":"product","link":"https:\/\/nexgendecors.com\/fr\/product\/canape-en-cuir-electrique-moderne-et-minimaliste-de-style-italien-fennavia-canape-en-tissu-tres-simple\/","title":{"rendered":"Canap\u00e9 en cuir minimaliste moderne Fennavia ART"},"content":{"rendered":"<ul>\n<li>\n<strong>marque<\/strong>:ART FINNNAVIEN<\/li>\n<li>\n<strong>Num\u00e9ro de pi\u00e8ce<\/strong>:Viv<\/li>\n<li>\n<strong>Y a-t-il un espace de stockage ?<\/strong>:Non<\/li>\n<li>\n<strong>Mati\u00e8re cuir<\/strong>:Couche sup\u00e9rieure de cuir de vache<\/li>\n<li>\n<strong>style<\/strong>:Simple et moderne<\/li>\n<li>\n<strong>Assembler<\/strong>:Non<\/li>\n<li>\n<strong>Districts et comt\u00e9s<\/strong>:Quartier de la ville sud<\/li>\n<li>\n<strong>ville<\/strong>:Ville de Dongguan<\/li>\n<li>\n<strong>Appropri\u00e9<\/strong>:G\u00e9n\u00e9ral<\/li>\n<li>\n<strong>Remplissage<\/strong>:\u00e9ponge haute densit\u00e9<\/li>\n<li>\n<strong>Est-ce personnalisable ?<\/strong>:Non<\/li>\n<li>\n<strong>Positionnement de style<\/strong>:Style artistique<\/li>\n<li>\n<strong>Livraison\/installation disponible<\/strong>:Foshan Zhengzhou Guiyang Guangzhou Fuzhou Harbin Xiamen Chongqing Changzhou Suzhou Xi&#039;an Shenzhen Nanjing P\u00e9kin Changsha Qingdao Wuxi Chengdu Shanghai Wuhan Nanning Shenyang Dalian Taizhou Dongguan Tianjin Autre Jinhua Hangzhou Nanchang Ningbo Wenzhou<\/li>\n<li>\n<strong>trier par couleur<\/strong>:[Tissu technologique\/tissu] la couleur peut \u00eatre personnalis\u00e9e [Couche sup\u00e9rieure en cuir de vache import\u00e9e] la couleur du cuir peut \u00eatre personnalis\u00e9e<\/li>\n<li>\n<strong><\/strong>:<\/li>\n<\/ul>\n<p><img><\/p>","protected":false},"excerpt":{"rendered":"<p>brand:FINNNAVIAN ART Part Number:Viv Is there storage space?:no Leather material:Top layer of cowhide style:Simple and modern Assemble:no Districts and counties:South<\/p>","protected":false},"featured_media":115697,"comment_status":"open","ping_status":"closed","template":"","meta":[],"product_brand":[],"product_cat":[30862,30971,30860,30850],"product_tag":[],"class_list":{"0":"post-56443","1":"product","2":"type-product","3":"status-publish","4":"has-post-thumbnail","6":"product_cat-wholesales-hotels","7":"product_cat-hp","8":"product_cat-wholesale-restaurant","9":"product_cat-wholesale-furniture","11":"first","12":"instock","13":"sale","14":"taxable","15":"shipping-taxable","16":"purchasable","17":"product-type-variable"},"_links":{"self":[{"href":"https:\/\/nexgendecors.com\/fr\/wp-json\/wp\/v2\/product\/56443","targetHints":{"allow":["GET"]}}],"collection":[{"href":"https:\/\/nexgendecors.com\/fr\/wp-json\/wp\/v2\/product"}],"about":[{"href":"https:\/\/nexgendecors.com\/fr\/wp-json\/wp\/v2\/types\/product"}],"replies":[{"embeddable":true,"href":"https:\/\/nexgendecors.com\/fr\/wp-json\/wp\/v2\/comments?post=56443"}],"version-history":[{"count":0,"href":"https:\/\/nexgendecors.com\/fr\/wp-json\/wp\/v2\/product\/56443\/revisions"}],"wp:featuredmedia":[{"embeddable":true,"href":"https:\/\/nexgendecors.com\/fr\/wp-json\/wp\/v2\/media\/115697"}],"wp:attachment":[{"href":"https:\/\/nexgendecors.com\/fr\/wp-json\/wp\/v2\/media?parent=56443"}],"wp:term":[{"taxonomy":"product_brand","embeddable":true,"href":"https:\/\/nexgendecors.com\/fr\/wp-json\/wp\/v2\/product_brand?post=56443"},{"taxonomy":"product_cat","embeddable":true,"href":"https:\/\/nexgendecors.com\/fr\/wp-json\/wp\/v2\/product_cat?post=56443"},{"taxonomy":"product_tag","embeddable":true,"href":"https:\/\/nexgendecors.com\/fr\/wp-json\/wp\/v2\/product_tag?post=56443"}],"curies":[{"name":"wp","href":"https:\/\/api.w.org\/{rel}","templated":true}]}}