{"id":56478,"date":"2025-01-26T02:46:15","date_gmt":"2025-01-26T02:46:15","guid":{"rendered":"https:\/\/nexgendecors.com\/product\/fennavia-art-nordic-single-sofa-chair-simple-light-luxury-enea-italian-cream-style-fabric-leisure-chair\/"},"modified":"2025-04-06T08:35:12","modified_gmt":"2025-04-06T08:35:12","slug":"fennavia-art-nordic-single-sofa-chair-simple-light-luxury-enea-italian-cream-style-fabric-leisure-chair","status":"publish","type":"product","link":"https:\/\/nexgendecors.com\/fr\/product\/fennavia-art-nordic-single-sofa-chair-simple-light-luxury-enea-italian-cream-style-fabric-leisure-chair\/","title":{"rendered":"Fennavia ART Nordic Chaise canap\u00e9 de loisir cr\u00e8me"},"content":{"rendered":"<ul>\n<li>\n<strong>marque<\/strong>:ART FINNNAVIEN<\/li>\n<li>\n<strong>mod\u00e8le<\/strong>:Aeneas<\/li>\n<li>\n<strong>Mat\u00e9riel<\/strong>:Teddy Velvet<\/li>\n<li>\n<strong>style<\/strong>:Simple et moderne<\/li>\n<li>\n<strong>trier par couleur<\/strong>:Cream White<\/li>\n<li>\n<strong>Est-ce personnalisable ?<\/strong>:Non<\/li>\n<li>\n<strong>Appropri\u00e9<\/strong>:G\u00e9n\u00e9ral<\/li>\n<li>\n<strong>Livraison\/installation disponible<\/strong>:Shanghai Beijing Nanjing Nanchang Harbin Dalian Tianjin Ningbo Guangzhou Chengdu Hangzhou Wuhan Shenyang Shenzhen Wenzhou Suzhou Xi&#8217;an Guiyang Zhengzhou Chongqing Jinhua Changsha Dongguan Fuzhou Qingdao Wuxi Taizhou Changzhou City, Foshan City, Xiamen City, Nanning City<\/li>\n<li>\n<strong>ville<\/strong>:Ville de Dongguan<\/li>\n<li>\n<strong>Districts et comt\u00e9s<\/strong>:Quartier de la ville sud<\/li>\n<li>\n<strong>Assembler<\/strong>:Non<\/li>\n<li>\n<strong>volume du colis<\/strong>:1<\/li>\n<li>\n<strong>Positionnement de style<\/strong>:Qualit\u00e9 Luxe<\/li>\n<\/ul>\n<p><img><\/p>","protected":false},"excerpt":{"rendered":"<p>marque:FINNNAVIAN ART mod\u00e8le:Aeneas Mati\u00e8re:Velours Teddy style:Simple et moderne trier par couleur:Cr\u00e8me Blanc Est-il personnalisable?:non Adapt\u00e9:G\u00e9n\u00e9ral Livraison\/installation disponible:Shanghai Beijing Nanjing<\/p>","protected":false},"featured_media":115734,"comment_status":"open","ping_status":"closed","template":"","meta":[],"product_brand":[],"product_cat":[30897,30852,30862,30971,30860,30850],"product_tag":[],"class_list":{"0":"post-56478","1":"product","2":"type-product","3":"status-publish","4":"has-post-thumbnail","6":"product_cat-bs-restaurant","7":"product_cat-dining-set","8":"product_cat-wholesales-hotels","9":"product_cat-hp","10":"product_cat-wholesale-restaurant","11":"product_cat-wholesale-furniture","13":"first","14":"instock","15":"taxable","16":"shipping-taxable","17":"purchasable","18":"product-type-simple"},"_links":{"self":[{"href":"https:\/\/nexgendecors.com\/fr\/wp-json\/wp\/v2\/product\/56478","targetHints":{"allow":["GET"]}}],"collection":[{"href":"https:\/\/nexgendecors.com\/fr\/wp-json\/wp\/v2\/product"}],"about":[{"href":"https:\/\/nexgendecors.com\/fr\/wp-json\/wp\/v2\/types\/product"}],"replies":[{"embeddable":true,"href":"https:\/\/nexgendecors.com\/fr\/wp-json\/wp\/v2\/comments?post=56478"}],"version-history":[{"count":0,"href":"https:\/\/nexgendecors.com\/fr\/wp-json\/wp\/v2\/product\/56478\/revisions"}],"wp:featuredmedia":[{"embeddable":true,"href":"https:\/\/nexgendecors.com\/fr\/wp-json\/wp\/v2\/media\/115734"}],"wp:attachment":[{"href":"https:\/\/nexgendecors.com\/fr\/wp-json\/wp\/v2\/media?parent=56478"}],"wp:term":[{"taxonomy":"product_brand","embeddable":true,"href":"https:\/\/nexgendecors.com\/fr\/wp-json\/wp\/v2\/product_brand?post=56478"},{"taxonomy":"product_cat","embeddable":true,"href":"https:\/\/nexgendecors.com\/fr\/wp-json\/wp\/v2\/product_cat?post=56478"},{"taxonomy":"product_tag","embeddable":true,"href":"https:\/\/nexgendecors.com\/fr\/wp-json\/wp\/v2\/product_tag?post=56478"}],"curies":[{"name":"wp","href":"https:\/\/api.w.org\/{rel}","templated":true}]}}