{"id":56583,"date":"2025-01-26T02:46:33","date_gmt":"2025-01-26T02:46:33","guid":{"rendered":"https:\/\/nexgendecors.com\/product\/finavia-art-modern-minimalist-master-bedroom-high-bed-omani-italian-light-luxury-large-flat-leather-double-bed\/"},"modified":"2025-03-13T03:53:42","modified_gmt":"2025-03-13T03:53:42","slug":"finavia-art-modern-minimalist-master-bedroom-high-bed-omani-italian-light-luxury-large-flat-leather-double-bed","status":"publish","type":"product","link":"https:\/\/nexgendecors.com\/fr\/product\/finavia-art-modern-minimalist-master-bedroom-high-bed-omani-italian-light-luxury-large-flat-leather-double-bed\/","title":{"rendered":"Lit double en cuir minimaliste moderne Finavia ART"},"content":{"rendered":"<ul>\n<li>\n<strong>marque<\/strong>:ART FINNNAVIEN<\/li>\n<li>\n<strong>mod\u00e8le<\/strong>:Omani<\/li>\n<li>\n<strong>Y a-t-il un espace de stockage ?<\/strong>:Non<\/li>\n<li>\n<strong>Mati\u00e8re cuir<\/strong>:Cuir v\u00e9ritable<\/li>\n<li>\n<strong>Type de cuir<\/strong>:Surface de contact en cuir<\/li>\n<li>\n<strong>style<\/strong>:Minimalisme italien<\/li>\n<li>\n<strong>Districts et comt\u00e9s<\/strong>:Quartier de la ville sud<\/li>\n<li>\n<strong>ville<\/strong>:Ville de Dongguan<\/li>\n<li>\n<strong>volume du colis<\/strong>:1<\/li>\n<li>\n<strong>Est-ce personnalisable ?<\/strong>:Oui<\/li>\n<li>\n<strong>forme<\/strong>:Carr\u00e9<\/li>\n<li>\n<strong>Faut-il apporter un support souple<\/strong>:Oui<\/li>\n<li>\n<strong>Mat\u00e9riel<\/strong>:autre<\/li>\n<li>\n<strong>Structure du meuble<\/strong>:Cadre<\/li>\n<li>\n<strong>Nombre de personnes applicable<\/strong>:2 personnes<\/li>\n<li>\n<strong>taille<\/strong>:1500mm*2000mm 1800mm*2000mm<\/li>\n<li>\n<strong>Artisanat du cuir<\/strong>:autre<\/li>\n<li>\n<strong>trier par couleur<\/strong>:[Imported top layer cowhide] leather color can be customized [Imported top layer cowhide] black<\/li>\n<li>\n<strong><\/strong>:<\/li>\n<\/ul>\n<p><img><\/p>","protected":false},"excerpt":{"rendered":"<p>Marque : FINNNAVIAN ART Mod\u00e8le : Omani Y a-t-il un espace de rangement ? : non Mat\u00e9riau du cuir : cuir v\u00e9ritable Type de cuir : cuir de surface de contact Style : minimalisme italien Quartiers et comt\u00e9s : South City<\/p>","protected":false},"featured_media":115868,"comment_status":"open","ping_status":"closed","template":"","meta":[],"product_brand":[],"product_cat":[30815,30858,30862,30971],"product_tag":[],"class_list":{"0":"post-56583","1":"product","2":"type-product","3":"status-publish","4":"has-post-thumbnail","6":"product_cat-beds","7":"product_cat-wholesale-bedroom","8":"product_cat-wholesales-hotels","9":"product_cat-hp","11":"first","12":"instock","13":"sale","14":"taxable","15":"shipping-taxable","16":"purchasable","17":"product-type-variable"},"_links":{"self":[{"href":"https:\/\/nexgendecors.com\/fr\/wp-json\/wp\/v2\/product\/56583","targetHints":{"allow":["GET"]}}],"collection":[{"href":"https:\/\/nexgendecors.com\/fr\/wp-json\/wp\/v2\/product"}],"about":[{"href":"https:\/\/nexgendecors.com\/fr\/wp-json\/wp\/v2\/types\/product"}],"replies":[{"embeddable":true,"href":"https:\/\/nexgendecors.com\/fr\/wp-json\/wp\/v2\/comments?post=56583"}],"version-history":[{"count":0,"href":"https:\/\/nexgendecors.com\/fr\/wp-json\/wp\/v2\/product\/56583\/revisions"}],"wp:featuredmedia":[{"embeddable":true,"href":"https:\/\/nexgendecors.com\/fr\/wp-json\/wp\/v2\/media\/115868"}],"wp:attachment":[{"href":"https:\/\/nexgendecors.com\/fr\/wp-json\/wp\/v2\/media?parent=56583"}],"wp:term":[{"taxonomy":"product_brand","embeddable":true,"href":"https:\/\/nexgendecors.com\/fr\/wp-json\/wp\/v2\/product_brand?post=56583"},{"taxonomy":"product_cat","embeddable":true,"href":"https:\/\/nexgendecors.com\/fr\/wp-json\/wp\/v2\/product_cat?post=56583"},{"taxonomy":"product_tag","embeddable":true,"href":"https:\/\/nexgendecors.com\/fr\/wp-json\/wp\/v2\/product_tag?post=56583"}],"curies":[{"name":"wp","href":"https:\/\/api.w.org\/{rel}","templated":true}]}}