{"id":56595,"date":"2025-01-26T02:46:37","date_gmt":"2025-01-26T02:46:37","guid":{"rendered":"https:\/\/nexgendecors.com\/product\/flash-furniture-emmy-adjustable-classroom-activity-table-with-6-stackable-chairs-rectangular-plastic-activity-table-for-kids-23-625-w-x-47-25-l-green-gray1711880135797\/"},"modified":"2025-04-06T08:35:35","modified_gmt":"2025-04-06T08:35:35","slug":"flash-furniture-emmy-adjustable-classroom-activity-table-with-6-stackable-chairs-rectangular-plastic-activity-table-for-kids-23-625-w-x-47-25-l-green-gray1711880135797","status":"publish","type":"product","link":"https:\/\/nexgendecors.com\/fr\/product\/flash-furniture-emmy-adjustable-classroom-activity-table-with-6-stackable-chairs-rectangular-plastic-activity-table-for-kids-23-625-w-x-47-25-l-green-gray1711880135797\/","title":{"rendered":"Table d&#039;activit\u00e9s et 6 chaises pour enfants Emmy de Flash Furniture, vert\/gris"},"content":{"rendered":"<p data-mce-fragment=\"1\">\ud83c\udf1f Elevate any learning space with the Flash Furniture Emmy Adjustable Activity Table Set! \ud83c\udf08<\/p>\n<p data-mce-fragment=\"1\">\ud83d\udc76 Versatile and convenient, this plastic table and chairs set is perfect for classrooms, playrooms, and homes.<\/p>\n<p data-mce-fragment=\"1\">\ud83c\udfa8 Ideal for learning, playing, arts and crafts, mealtime, homework, and more!<\/p>\n<p data-mce-fragment=\"1\">\u2b06\ufe0f Adjustable legs allow you to customize the table height to accommodate kids and toddlers up to 7 years old.<\/p>\n<p data-mce-fragment=\"1\">\ud83d\udcba Comfortable and safe stackable shell chairs with a 10.5&#8243; seat height promote proper posture and are designed without metal parts to prevent injuries.<\/p>\n<p data-mce-fragment=\"1\">\ud83d\udc67 Lightweight chairs empower kids to move them independently.<\/p>\n<p data-mce-fragment=\"1\">\ud83d\udee1\ufe0f Plastic floor glides protect floors from scratches when moving the table.<\/p>\n<p data-mce-fragment=\"1\">\ud83d\udd12 Safety first! The 1&#8243; thick smooth laminate top with rounded corners helps prevent injuries.<\/p>\n<p data-mce-fragment=\"1\">\ud83d\udccf Table dimensions: 23.625&#8243; W x 47.25&#8243; D x 14.5-23.5&#8243; H. Chair dimensions: 12.625&#8243; W x 13.5&#8243; D x 20&#8243; H.<\/p>\n<p data-mce-fragment=\"1\">\ud83c\udfeb Perfect for classrooms, playrooms, dining rooms, kids&#8217; bedrooms, daycares, and preschools.<\/p>\n<p data-mce-fragment=\"1\">\ud83e\uddfc Easy to clean &#8211; simply wipe down with a damp cloth!<\/p>\n<div><\/div>","protected":false},"excerpt":{"rendered":"<p>\ud83c\udf1f Am\u00e9liorez n&#039;importe quel espace d&#039;apprentissage avec l&#039;ensemble de table d&#039;activit\u00e9s r\u00e9glable Emmy de Flash Furniture ! \ud83c\udf08 \ud83d\udc76 Polyvalent et pratique, cet<\/p>","protected":false},"featured_media":115877,"comment_status":"open","ping_status":"closed","template":"","meta":[],"product_brand":[],"product_cat":[30899,30971,30836,30839,30849],"product_tag":[],"class_list":{"0":"post-56595","1":"product","2":"type-product","3":"status-publish","4":"has-post-thumbnail","6":"product_cat-bs-kindergarten","7":"product_cat-hp","8":"product_cat-kids-chairs","9":"product_cat-kids-tables","10":"product_cat-kindergarten-school-furniture","12":"first","13":"instock","14":"taxable","15":"shipping-taxable","16":"purchasable","17":"product-type-variable"},"_links":{"self":[{"href":"https:\/\/nexgendecors.com\/fr\/wp-json\/wp\/v2\/product\/56595","targetHints":{"allow":["GET"]}}],"collection":[{"href":"https:\/\/nexgendecors.com\/fr\/wp-json\/wp\/v2\/product"}],"about":[{"href":"https:\/\/nexgendecors.com\/fr\/wp-json\/wp\/v2\/types\/product"}],"replies":[{"embeddable":true,"href":"https:\/\/nexgendecors.com\/fr\/wp-json\/wp\/v2\/comments?post=56595"}],"version-history":[{"count":0,"href":"https:\/\/nexgendecors.com\/fr\/wp-json\/wp\/v2\/product\/56595\/revisions"}],"wp:featuredmedia":[{"embeddable":true,"href":"https:\/\/nexgendecors.com\/fr\/wp-json\/wp\/v2\/media\/115877"}],"wp:attachment":[{"href":"https:\/\/nexgendecors.com\/fr\/wp-json\/wp\/v2\/media?parent=56595"}],"wp:term":[{"taxonomy":"product_brand","embeddable":true,"href":"https:\/\/nexgendecors.com\/fr\/wp-json\/wp\/v2\/product_brand?post=56595"},{"taxonomy":"product_cat","embeddable":true,"href":"https:\/\/nexgendecors.com\/fr\/wp-json\/wp\/v2\/product_cat?post=56595"},{"taxonomy":"product_tag","embeddable":true,"href":"https:\/\/nexgendecors.com\/fr\/wp-json\/wp\/v2\/product_tag?post=56595"}],"curies":[{"name":"wp","href":"https:\/\/api.w.org\/{rel}","templated":true}]}}