{"id":56603,"date":"2025-01-26T02:46:39","date_gmt":"2025-01-26T02:46:39","guid":{"rendered":"https:\/\/nexgendecors.com\/product\/flash-furniture-mindy-kids-5-piece-set-folding-square-table-and-chairs-set-for-daycare-and-classrooms-childrens-activity-table-and-chairs-set-multicolor1711880169504\/"},"modified":"2025-04-06T08:35:39","modified_gmt":"2025-04-06T08:35:39","slug":"ensemble-de-5-tables-et-chaises-carrees-pliantes-pour-enfants-de-flash-furniture-mindy-pour-garderie-et-salles-de-classe-table-et-chaises-dactivites-pour-enfants-multicolore-1711880169504","status":"publish","type":"product","link":"https:\/\/nexgendecors.com\/fr\/product\/ensemble-de-5-tables-et-chaises-carrees-pliantes-pour-enfants-de-flash-furniture-mindy-pour-garderie-et-salles-de-classe-table-et-chaises-dactivites-pour-enfants-multicolore-1711880169504\/","title":{"rendered":"Ensemble de table pliante 5 pi\u00e8ces pour enfants Mindy de Flash Furniture"},"content":{"rendered":"<div>\n<p>\ud83c\udfa8 <strong>Cr\u00e9ez un espace adapt\u00e9 aux enfants<\/strong>: Cr\u00e9ez un environnement d&#039;apprentissage dynamique avec l&#039;ensemble table et chaises pliantes color\u00e9es 5 pi\u00e8ces Mindy Kids de Flash Furniture.<\/p>\n<p>\ud83d\udc76 <strong>Parfait pour les jeunes apprenants<\/strong>:Cet ensemble, comprenant une table pliante carr\u00e9e et quatre chaises, est id\u00e9al pour les collations, les repas, les arts et l&#039;artisanat, la lecture et les jeux \u00e9ducatifs pour les enfants de la maternelle \u00e0 la premi\u00e8re ann\u00e9e.<\/p>\n<p>\ud83c\udfeb <strong>Utilisation polyvalente<\/strong>:Que ce soit dans les salles de classe, les garderies, les cuisines, les chambres ou les salles de jeux, cet ensemble encourage l&#039;ind\u00e9pendance et l&#039;apprentissage actif.<\/p>\n<p>\ud83d\udd04 <strong>Conception peu encombrante<\/strong>: Profitez d&#039;un rangement compact gr\u00e2ce \u00e0 la conception pliable pratique, parfaite pour le rangement derri\u00e8re les meubles ou \u00e0 l&#039;int\u00e9rieur des placards.<\/p>\n<p>\ud83d\udd12 <strong>La s\u00e9curit\u00e9 avant tout<\/strong>:Avec un levier en m\u00e9tal pour le d\u00e9verrouillage, cet ensemble assure la s\u00e9curit\u00e9 en emp\u00eachant tout effondrement involontaire, offrant ainsi une tranquillit\u00e9 d&#039;esprit aux parents et aux \u00e9ducateurs.<\/p>\n<p>\ud83d\udee1\ufe0f <strong>Durable et facile \u00e0 nettoyer<\/strong>:Fabriqu\u00e9 \u00e0 partir de vinyle durable, cet ensemble r\u00e9siste \u00e0 des ann\u00e9es d&#039;utilisation et peut \u00eatre facilement nettoy\u00e9 avec de l&#039;eau et un chiffon humide.<\/p>\n<p>\ud83d\udccf <strong>Dimensions et capacit\u00e9<\/strong>:La table mesure 24\u2033 L x 24\u2033 P x 20,25\u2033 H et peut supporter jusqu&#039;\u00e0 70 livres, tandis que chaque chaise mesure 12,5\u2033 L x 13,5\u2033 P x 21,25\u2033 H et peut supporter jusqu&#039;\u00e0 81 livres de poids statique.<\/p>\n<p>\ud83d\ude80 <strong>Pr\u00eat \u00e0 l&#039;emploi<\/strong>:Aucun assemblage requis, permettant une installation imm\u00e9diate dans les salles de classe ou \u00e0 la maison.<\/p>\n<\/div>\n<div><\/div>\n<div><\/div>\n<div><\/div>","protected":false},"excerpt":{"rendered":"<p>\ud83c\udfa8 Cr\u00e9ez un espace adapt\u00e9 aux enfants : cr\u00e9ez un environnement d&#039;apprentissage dynamique avec le meuble pliant color\u00e9 5 pi\u00e8ces Mindy Kids de Flash Furniture<\/p>","protected":false},"featured_media":115910,"comment_status":"open","ping_status":"closed","template":"","meta":[],"product_brand":[],"product_cat":[30971,30836,30839,30849],"product_tag":[],"class_list":{"0":"post-56603","1":"product","2":"type-product","3":"status-publish","4":"has-post-thumbnail","6":"product_cat-hp","7":"product_cat-kids-chairs","8":"product_cat-kids-tables","9":"product_cat-kindergarten-school-furniture","11":"first","12":"instock","13":"taxable","14":"shipping-taxable","15":"purchasable","16":"product-type-variable"},"_links":{"self":[{"href":"https:\/\/nexgendecors.com\/fr\/wp-json\/wp\/v2\/product\/56603","targetHints":{"allow":["GET"]}}],"collection":[{"href":"https:\/\/nexgendecors.com\/fr\/wp-json\/wp\/v2\/product"}],"about":[{"href":"https:\/\/nexgendecors.com\/fr\/wp-json\/wp\/v2\/types\/product"}],"replies":[{"embeddable":true,"href":"https:\/\/nexgendecors.com\/fr\/wp-json\/wp\/v2\/comments?post=56603"}],"version-history":[{"count":0,"href":"https:\/\/nexgendecors.com\/fr\/wp-json\/wp\/v2\/product\/56603\/revisions"}],"wp:featuredmedia":[{"embeddable":true,"href":"https:\/\/nexgendecors.com\/fr\/wp-json\/wp\/v2\/media\/115910"}],"wp:attachment":[{"href":"https:\/\/nexgendecors.com\/fr\/wp-json\/wp\/v2\/media?parent=56603"}],"wp:term":[{"taxonomy":"product_brand","embeddable":true,"href":"https:\/\/nexgendecors.com\/fr\/wp-json\/wp\/v2\/product_brand?post=56603"},{"taxonomy":"product_cat","embeddable":true,"href":"https:\/\/nexgendecors.com\/fr\/wp-json\/wp\/v2\/product_cat?post=56603"},{"taxonomy":"product_tag","embeddable":true,"href":"https:\/\/nexgendecors.com\/fr\/wp-json\/wp\/v2\/product_tag?post=56603"}],"curies":[{"name":"wp","href":"https:\/\/api.w.org\/{rel}","templated":true}]}}