{"id":56710,"date":"2025-01-26T02:46:51","date_gmt":"2025-01-26T02:46:51","guid":{"rendered":"https:\/\/nexgendecors.com\/product\/transparent-chair-womens-clothing-store-photo-chair-ins-acrylic-dining-chair-plastic-crystal-folding-chair-net-red-makeup-stool\/"},"modified":"2025-04-06T08:35:47","modified_gmt":"2025-04-06T08:35:47","slug":"chaise-transparente-pour-magasin-de-vetements-pour-femmes-chaise-photo-chaise-de-salle-a-manger-en-acrylique-chaise-pliante-en-cristal-plastique-tabouret-de-maquillage-rouge-en-filet","status":"publish","type":"product","link":"https:\/\/nexgendecors.com\/fr\/product\/chaise-transparente-pour-magasin-de-vetements-pour-femmes-chaise-photo-chaise-de-salle-a-manger-en-acrylique-chaise-pliante-en-cristal-plastique-tabouret-de-maquillage-rouge-en-filet\/","title":{"rendered":"Chaise d'appoint moderne pliable ? Design \u00e9pur\u00e9 et polyvalent"},"content":{"rendered":"<div class=\"flex flex-grow flex-col max-w-full\">\n<div data-message-author-role=\"assistant\" data-message-id=\"ec5fb0e6-d670-4af8-a8ef-bbe1bf88959e\" dir=\"auto\" class=\"min-h-[20px] text-message flex w-full flex-col items-end gap-2 whitespace-pre-wrap break-words [.text-message+&#038;]:mt-5 overflow-x-auto\">\n<div class=\"flex w-full flex-col gap-1 empty:hidden first:pt-[3px]\">\n<div class=\"markdown prose w-full break-words dark:prose-invert light\">\n<h2>Rehaussez votre cuisine ou votre salle \u00e0 manger avec notre chaise d&#039;appoint pliable<\/h2>\n<p>Transformez votre espace avec notre chaise pliante, alliant design moderne et praticit\u00e9 incomparable. Son dossier bas et sa structure ouverte en plastique et acrylique lui conf\u00e8rent un style \u00e9pur\u00e9 et minimaliste qui s&#039;int\u00e8gre parfaitement \u00e0 toute cuisine ou salle \u00e0 manger.<\/p>\n<h3>Pourquoi vous allez adorer notre chaise d&#039;appoint pliable\u00a0:<\/h3>\n<ul>\n<li>\n<strong>Design chic<\/strong>:Le dossier bas et les mat\u00e9riaux transparents cr\u00e9ent une atmosph\u00e8re contemporaine et a\u00e9r\u00e9e dans n&#039;importe quelle pi\u00e8ce. \u2728<\/li>\n<li>\n<strong>Fonction pliable<\/strong>: B\u00e9n\u00e9ficiez d&#039;une flexibilit\u00e9 peu encombrante gr\u00e2ce \u00e0 une conception qui se replie facilement lorsqu&#039;elle n&#039;est pas utilis\u00e9e.<\/li>\n<li>\n<strong>Construction durable<\/strong>:Fabriqu\u00e9 \u00e0 partir de plastique robuste et d&#039;acrylique, garantissant un style et des performances durables. \ud83d\udc8e<\/li>\n<\/ul>\n<h3>Avantages:<\/h3>\n<ul>\n<li>\n<strong>Utilisation polyvalente<\/strong>:Id\u00e9al pour les salles \u00e0 manger, les cuisines ou m\u00eame comme si\u00e8ge d&#039;appoint pour les rassemblements. \ud83c\udf7d\ufe0f<\/li>\n<li>\n<strong>Stockage sans effort<\/strong>:Pliable et l\u00e9ger, il est donc facile \u00e0 ranger ou \u00e0 d\u00e9placer selon les besoins. \ud83d\udeaa<\/li>\n<li>\n<strong>Facile \u00e0 nettoyer<\/strong>:Les surfaces lisses rendent l&#039;entretien rapide et simple, gardant votre espace impeccable. \ud83e\uddfd<\/li>\n<\/ul>\n<p>Am\u00e9liorez votre cuisine ou votre salle \u00e0 manger avec un m\u00e9lange de style et de praticit\u00e9. <strong>D\u00e9couvrez la chaise d&#039;appoint pliable parfaite pour votre espace et achetez-la maintenant !<\/strong> \ud83d\uded2<\/p>\n<\/p><\/div>\n<\/p><\/div>\n<\/p><\/div>\n<\/div>\n<ul>\n<li>\n<strong>marque<\/strong>:Beisheng<\/li>\n<li>\n<strong>mod\u00e8le<\/strong>:863<\/li>\n<li>\n<strong>Mat\u00e9riel<\/strong>:M\u00e9tal<\/li>\n<li>\n<strong>Mat\u00e9riau m\u00e9tallique<\/strong>:ferroalliage<\/li>\n<li>\n<strong>style<\/strong>:Simple et moderne<\/li>\n<li>\n<strong>trier par couleur<\/strong>:Couleur transparente [mat\u00e9riau PC am\u00e9lior\u00e9] audacieux et \u00e9paissi, blanc laiteux [mat\u00e9riau PC am\u00e9lior\u00e9] audacieux et \u00e9paissi, gris fum\u00e9e [mat\u00e9riau PC am\u00e9lior\u00e9] audacieux et \u00e9paissi, marron clair [mat\u00e9riau PC am\u00e9lior\u00e9] audacieux et \u00e9paissi, marron fonc\u00e9 [mat\u00e9riau PC am\u00e9lior\u00e9] audacieux et \u00e9paissi, noir [mat\u00e9riau PC am\u00e9lior\u00e9] audacieux et \u00e9paissi, bleu Klein [mat\u00e9riau PC am\u00e9lior\u00e9] audacieux et \u00e9paissi, bleu ciel [mat\u00e9riau PC am\u00e9lior\u00e9] audacieux et \u00e9paissi, rouge [mat\u00e9riau PC am\u00e9lior\u00e9] audacieux et \u00e9paissi, rose [mat\u00e9riau PC am\u00e9lior\u00e9] audacieux et \u00e9paissi, [cadre blanc] surface transparente [mat\u00e9riau PC] audacieux et \u00e9paissi, [cadre vert] surface transparente [mat\u00e9riau PC] audacieux et \u00e9paissi, [cadre bleu] surface transparente [mat\u00e9riau PC] audacieux et \u00e9paissi, [cadre orange] surface transparente [mat\u00e9riau PC] audacieux et \u00e9paissi, [cadre noir] surface transparente [mat\u00e9riau PC] audacieux et \u00e9paissi, [cadre rouge] surface transparente [mat\u00e9riau PC] audacieux et \u00e9paissi, [cadre bleu clair] surface transparente [mat\u00e9riau PC] audacieux et \u00e9paissi<\/li>\n<li>\n<strong>Est-ce personnalisable ?<\/strong>:Non<\/li>\n<li>\n<strong>Appropri\u00e9<\/strong>:Adultes<\/li>\n<li>\n<strong>Assembler<\/strong>:Non<\/li>\n<li>\n<strong>volume du colis<\/strong>:0.05<\/li>\n<li>\n<strong>Un taxi est-il disponible pour le transport ?<\/strong>:Oui<\/li>\n<li>\n<strong>Positionnement de style<\/strong>:\u00c9conomique<\/li>\n<\/ul>\n<p><img><\/p>","protected":false},"excerpt":{"rendered":"<p>Transformez votre cuisine ou votre salle \u00e0 manger avec notre chaise d'appoint pliable Transformez votre espace avec notre chaise d'appoint pliable.<\/p>","protected":false},"featured_media":116103,"comment_status":"open","ping_status":"closed","template":"","meta":[],"product_brand":[],"product_cat":[30897,30900,30855,30852,30971,30859,30860,30866],"product_tag":[],"class_list":{"0":"post-56710","1":"product","2":"type-product","3":"status-publish","4":"has-post-thumbnail","6":"product_cat-bs-restaurant","7":"product_cat-bs-school","8":"product_cat-wholesale-chairs","9":"product_cat-dining-set","10":"product_cat-hp","11":"product_cat-wholesale-office","12":"product_cat-wholesale-restaurant","13":"product_cat-wholesales-university-high-schools","15":"first","16":"instock","17":"taxable","18":"shipping-taxable","19":"purchasable","20":"product-type-variable"},"_links":{"self":[{"href":"https:\/\/nexgendecors.com\/fr\/wp-json\/wp\/v2\/product\/56710","targetHints":{"allow":["GET"]}}],"collection":[{"href":"https:\/\/nexgendecors.com\/fr\/wp-json\/wp\/v2\/product"}],"about":[{"href":"https:\/\/nexgendecors.com\/fr\/wp-json\/wp\/v2\/types\/product"}],"replies":[{"embeddable":true,"href":"https:\/\/nexgendecors.com\/fr\/wp-json\/wp\/v2\/comments?post=56710"}],"version-history":[{"count":0,"href":"https:\/\/nexgendecors.com\/fr\/wp-json\/wp\/v2\/product\/56710\/revisions"}],"wp:featuredmedia":[{"embeddable":true,"href":"https:\/\/nexgendecors.com\/fr\/wp-json\/wp\/v2\/media\/116103"}],"wp:attachment":[{"href":"https:\/\/nexgendecors.com\/fr\/wp-json\/wp\/v2\/media?parent=56710"}],"wp:term":[{"taxonomy":"product_brand","embeddable":true,"href":"https:\/\/nexgendecors.com\/fr\/wp-json\/wp\/v2\/product_brand?post=56710"},{"taxonomy":"product_cat","embeddable":true,"href":"https:\/\/nexgendecors.com\/fr\/wp-json\/wp\/v2\/product_cat?post=56710"},{"taxonomy":"product_tag","embeddable":true,"href":"https:\/\/nexgendecors.com\/fr\/wp-json\/wp\/v2\/product_tag?post=56710"}],"curies":[{"name":"wp","href":"https:\/\/api.w.org\/{rel}","templated":true}]}}