{"id":57079,"date":"2025-01-26T02:47:41","date_gmt":"2025-01-26T02:47:41","guid":{"rendered":"https:\/\/nexgendecors.com\/product\/french-wabi-sabi-style-living-room-chandelier-light-luxury-new-style-atmospheric-restaurant-bedroom-model-room-designer-cream-style-lamps\/"},"modified":"2025-04-06T08:36:38","modified_gmt":"2025-04-06T08:36:38","slug":"french-wabi-sabi-style-living-room-chandelier-light-luxury-new-style-atmospheric-restaurant-bedroom-model-room-designer-cream-style-lamps","status":"publish","type":"product","link":"https:\/\/nexgendecors.com\/fr\/product\/french-wabi-sabi-style-living-room-chandelier-light-luxury-new-style-atmospheric-restaurant-bedroom-model-room-designer-cream-style-lamps\/","title":{"rendered":"Luxury Cream Wabi-Sabi Chandelier for Elegant Spaces"},"content":{"rendered":"<ul>\n<li>\n<strong>marque<\/strong>:Mingxuan Lighting<\/li>\n<li>\n<strong>mod\u00e8le<\/strong>:PL1202<\/li>\n<li>\n<strong>style<\/strong>:Simple et moderne<\/li>\n<li>\n<strong>Temp\u00e9rature de couleur de la source lumineuse Valeur K<\/strong>:3000K-6000K<\/li>\n<li>\n<strong>trier par couleur<\/strong>:Small diameter 65cm warm light (full spectrum eye protection) Small diameter 65cm three-color light (full spectrum eye protection) Small diameter 65cm three-color stepless dimming (full spectrum eye protection) Medium diameter 80cm warm light (full spectrum eye protection) Medium diameter 80cm three-color light (full spectrum eye protection) Medium diameter 80cm three-color stepless dimming (full spectrum eye protection) Large diameter 100cm warm light (full spectrum eye protection) Large diameter 100cm three-color light (full spectrum eye protection) Large diameter 100cm three-color stepless dimming (full spectrum eye protection) Long 120cm warm light (full spectrum eye protection) Long 120cm three-color light (full spectrum eye protection) Long 120cm three-color stepless dimming (full spectrum eye protection) Long 140cm warm light (full spectrum eye protection) Long 140cm three-color light (full spectrum eye protection) Long 140cm three-color stepless dimming (full spectrum eye protection)<\/li>\n<li>\n<strong>La lampe a-t-elle une source lumineuse ?<\/strong>:Oui<\/li>\n<li>\n<strong>Service en ville<\/strong>:Livraison \u00e0 domicile par des vendeurs locaux<\/li>\n<li>\n<strong>Tension<\/strong>:111V~240V (inclus)<\/li>\n<li>\n<strong>Mat\u00e9riau principal du corps de la lampe<\/strong>:fer<\/li>\n<li>\n<strong>Mat\u00e9riau principal de l&#039;abat-jour<\/strong>:Abat-jour en PMMA \u00e0 haute transmission lumineuse<\/li>\n<li>\n<strong>type de source lumineuse<\/strong>:Lumi\u00e8res LED<\/li>\n<li>\n<strong>Nombre de sources lumineuses<\/strong>:2<\/li>\n<li>\n<strong>Technologie<\/strong>:Gla\u00e7age \u00e0 la peinture en a\u00e9rosol<\/li>\n<li>\n<strong>Zone d&#039;irradiation<\/strong>:10\u33a1-15\u33a1 15\u33a1-30\u33a1<\/li>\n<li>\n<strong>Temp\u00e9rature de couleur<\/strong>:Gradation continue<\/li>\n<li>\n<strong>Mat\u00e9riau auxiliaire pour abat-jour<\/strong>:Abat-jour en PMMA \u00e0 haute transmission lumineuse<\/li>\n<li>\n<strong>P\u00e9riode de garantie<\/strong>:3 ans<\/li>\n<li>\n<strong>Mat\u00e9riau auxiliaire du corps de la lampe<\/strong>:fer<\/li>\n<li>\n<strong>Type intelligent<\/strong>:Pas de support pour smart<\/li>\n<li>\n<strong>Que ce soit un contr\u00f4le intelligent<\/strong>:Non<\/li>\n<li>\n<strong>Forme de la lampe<\/strong>:Lustre \u00e0 double usage \u00e0 ventouse et \u00e0 suspension<\/li>\n<li>\n<strong>Nombre d&#039;accessoires<\/strong>:8<\/li>\n<li>\n<strong>Nombre de t\u00eates de lampe<\/strong>:2<\/li>\n<li>\n<strong>Type de lustre<\/strong>:Lustre en fer forg\u00e9<\/li>\n<li>\n<strong>Num\u00e9ro de certificat 3C<\/strong>:2023371001000299<\/li>\n<li>\n<strong><\/strong>:<\/li>\n<\/ul>\n<p><img><\/p>","protected":false},"excerpt":{"rendered":"<p>brand:Mingxuan Lighting model:PL1202 style:Simple and modern Light source color temperature K value:3000K-6000K sort by color:Small diameter 65cm warm light (full<\/p>","protected":false},"featured_media":116356,"comment_status":"open","ping_status":"closed","template":"","meta":[],"product_brand":[],"product_cat":[30971,30864],"product_tag":[],"class_list":{"0":"post-57079","1":"product","2":"type-product","3":"status-publish","4":"has-post-thumbnail","6":"product_cat-hp","7":"product_cat-new-wholesales-lights","9":"first","10":"instock","11":"taxable","12":"shipping-taxable","13":"purchasable","14":"product-type-variable"},"_links":{"self":[{"href":"https:\/\/nexgendecors.com\/fr\/wp-json\/wp\/v2\/product\/57079","targetHints":{"allow":["GET"]}}],"collection":[{"href":"https:\/\/nexgendecors.com\/fr\/wp-json\/wp\/v2\/product"}],"about":[{"href":"https:\/\/nexgendecors.com\/fr\/wp-json\/wp\/v2\/types\/product"}],"replies":[{"embeddable":true,"href":"https:\/\/nexgendecors.com\/fr\/wp-json\/wp\/v2\/comments?post=57079"}],"version-history":[{"count":0,"href":"https:\/\/nexgendecors.com\/fr\/wp-json\/wp\/v2\/product\/57079\/revisions"}],"wp:featuredmedia":[{"embeddable":true,"href":"https:\/\/nexgendecors.com\/fr\/wp-json\/wp\/v2\/media\/116356"}],"wp:attachment":[{"href":"https:\/\/nexgendecors.com\/fr\/wp-json\/wp\/v2\/media?parent=57079"}],"wp:term":[{"taxonomy":"product_brand","embeddable":true,"href":"https:\/\/nexgendecors.com\/fr\/wp-json\/wp\/v2\/product_brand?post=57079"},{"taxonomy":"product_cat","embeddable":true,"href":"https:\/\/nexgendecors.com\/fr\/wp-json\/wp\/v2\/product_cat?post=57079"},{"taxonomy":"product_tag","embeddable":true,"href":"https:\/\/nexgendecors.com\/fr\/wp-json\/wp\/v2\/product_tag?post=57079"}],"curies":[{"name":"wp","href":"https:\/\/api.w.org\/{rel}","templated":true}]}}