{"id":57096,"date":"2025-01-26T02:47:43","date_gmt":"2025-01-26T02:47:43","guid":{"rendered":"https:\/\/nexgendecors.com\/product\/front-desk-lobby-hall-hotel-shop-coffee-shop-long-strip-lighting-project-large-restaurant-designer-nordic-living-room-chandelier\/"},"modified":"2025-03-09T08:26:40","modified_gmt":"2025-03-09T08:26:40","slug":"front-desk-lobby-hall-hotel-shop-coffee-shop-long-strip-lighting-project-large-restaurant-designer-nordic-living-room-chandelier","status":"publish","type":"product","link":"https:\/\/nexgendecors.com\/fr\/product\/front-desk-lobby-hall-hotel-shop-coffee-shop-long-strip-lighting-project-large-restaurant-designer-nordic-living-room-chandelier\/","title":{"rendered":"Nordic Chandelier for Hotel Lobby &#038; Restaurant Design"},"content":{"rendered":"<ul>\n<li>\n<strong>marque<\/strong>:Huituo<\/li>\n<li>\n<strong>mod\u00e8le<\/strong>:8760 6<\/li>\n<li>\n<strong>pouvoir<\/strong>:81W (inclusive) &#8211; 100W (exclusive)<\/li>\n<li>\n<strong>style<\/strong>:Simple et moderne<\/li>\n<li>\n<strong>Espace applicable<\/strong>:Dining room<\/li>\n<li>\n<strong>trier par couleur<\/strong>:14-head B type 27-head A type 5-head A type 14-head A type 5-head B type 6-head 21-head B type 4-head 7-head B type 10-head 21-head A type 3-head B type 7-head A type 2-head telescopic rod 3-head A type<\/li>\n<li>\n<strong>La lampe a-t-elle une source lumineuse ?<\/strong>:Oui<\/li>\n<li>\n<strong>Service en ville<\/strong>:Les acheteurs de la m\u00eame ville r\u00e9cup\u00e8rent les marchandises \u00e0 domicile<\/li>\n<li>\n<strong>Tension<\/strong>:111V~240V (inclus)<\/li>\n<li>\n<strong>Mat\u00e9riau principal du corps de la lampe<\/strong>:aluminium<\/li>\n<li>\n<strong>Mat\u00e9riau principal de l&#039;abat-jour<\/strong>:Plexiglas<\/li>\n<li>\n<strong>type de source lumineuse<\/strong>:Lumi\u00e8res LED<\/li>\n<li>\n<strong>Nombre de sources lumineuses<\/strong>:Plus de 20<\/li>\n<li>\n<strong>Technologie<\/strong>:Gla\u00e7age \u00e0 la peinture en a\u00e9rosol<\/li>\n<li>\n<strong>Zone d&#039;irradiation<\/strong>:30\u33a1 or more<\/li>\n<li>\n<strong>Type de contr\u00f4le<\/strong>:autre<\/li>\n<li>\n<strong>Mat\u00e9riau auxiliaire pour abat-jour<\/strong>:Plexiglas<\/li>\n<li>\n<strong>P\u00e9riode de garantie<\/strong>:3 ans<\/li>\n<li>\n<strong>Mat\u00e9riau auxiliaire du corps de la lampe<\/strong>:aluminium<\/li>\n<li>\n<strong>Type intelligent<\/strong>:Pas de support pour smart<\/li>\n<li>\n<strong>Que ce soit un contr\u00f4le intelligent<\/strong>:Non<\/li>\n<li>\n<strong>Forme de la lampe<\/strong>:Autres lustres de forme sp\u00e9ciale<\/li>\n<li>\n<strong>Nombre d&#039;accessoires<\/strong>:1<\/li>\n<li>\n<strong>Nombre de t\u00eates de lampe<\/strong>:20<\/li>\n<li>\n<strong>Type de lustre<\/strong>:Lustre en alliage de zinc<\/li>\n<li>\n<strong>Num\u00e9ro de certificat 3C<\/strong>:2015171001000063<\/li>\n<\/ul>\n<p><img><\/p>","protected":false},"excerpt":{"rendered":"<p>brand:Huituo model:8760 6 power:81W (inclusive) &#8211; 100W (exclusive) style:Simple and modern Applicable space:Dining room sort by color:14-head B type 27-head<\/p>","protected":false},"featured_media":116361,"comment_status":"open","ping_status":"closed","template":"","meta":[],"product_brand":[],"product_cat":[30971,30864],"product_tag":[],"class_list":{"0":"post-57096","1":"product","2":"type-product","3":"status-publish","4":"has-post-thumbnail","6":"product_cat-hp","7":"product_cat-new-wholesales-lights","9":"first","10":"instock","11":"taxable","12":"shipping-taxable","13":"purchasable","14":"product-type-variable"},"_links":{"self":[{"href":"https:\/\/nexgendecors.com\/fr\/wp-json\/wp\/v2\/product\/57096","targetHints":{"allow":["GET"]}}],"collection":[{"href":"https:\/\/nexgendecors.com\/fr\/wp-json\/wp\/v2\/product"}],"about":[{"href":"https:\/\/nexgendecors.com\/fr\/wp-json\/wp\/v2\/types\/product"}],"replies":[{"embeddable":true,"href":"https:\/\/nexgendecors.com\/fr\/wp-json\/wp\/v2\/comments?post=57096"}],"version-history":[{"count":0,"href":"https:\/\/nexgendecors.com\/fr\/wp-json\/wp\/v2\/product\/57096\/revisions"}],"wp:featuredmedia":[{"embeddable":true,"href":"https:\/\/nexgendecors.com\/fr\/wp-json\/wp\/v2\/media\/116361"}],"wp:attachment":[{"href":"https:\/\/nexgendecors.com\/fr\/wp-json\/wp\/v2\/media?parent=57096"}],"wp:term":[{"taxonomy":"product_brand","embeddable":true,"href":"https:\/\/nexgendecors.com\/fr\/wp-json\/wp\/v2\/product_brand?post=57096"},{"taxonomy":"product_cat","embeddable":true,"href":"https:\/\/nexgendecors.com\/fr\/wp-json\/wp\/v2\/product_cat?post=57096"},{"taxonomy":"product_tag","embeddable":true,"href":"https:\/\/nexgendecors.com\/fr\/wp-json\/wp\/v2\/product_tag?post=57096"}],"curies":[{"name":"wp","href":"https:\/\/api.w.org\/{rel}","templated":true}]}}