{"id":57115,"date":"2025-01-26T02:47:47","date_gmt":"2025-01-26T02:47:47","guid":{"rendered":"https:\/\/nexgendecors.com\/product\/front-desk-reception-desk-corner-nurse-station-workbench-pre-examination-triage-desk-bar-simple-modern-traditional-chinese-medicine-elderly-care-counter\/"},"modified":"2025-04-06T08:36:43","modified_gmt":"2025-04-06T08:36:43","slug":"front-desk-reception-desk-corner-nurse-station-workbench-pre-examination-triage-desk-bar-simple-modern-traditional-chinese-medicine-elderly-care-counter","status":"publish","type":"product","link":"https:\/\/nexgendecors.com\/fr\/product\/front-desk-reception-desk-corner-nurse-station-workbench-pre-examination-triage-desk-bar-simple-modern-traditional-chinese-medicine-elderly-care-counter\/","title":{"rendered":"Bureau de triage moderne pour les soins aux personnes \u00e2g\u00e9es \u2013 M\u00e9decine chinoise"},"content":{"rendered":"<ul>\n<li>\n<strong>marque<\/strong>:Sheng Mupin<\/li>\n<li>\n<strong>mod\u00e8le<\/strong>:00-451<\/li>\n<li>\n<strong>Mat\u00e9riel<\/strong>:Panneaux \u00e0 base de bois<\/li>\n<li>\n<strong>Types de planches artificielles<\/strong>:Panneau de densit\u00e9\/panneau de fibres<\/li>\n<li>\n<strong>style<\/strong>:Simple et moderne<\/li>\n<li>\n<strong>Origine<\/strong>:Chine continentale<\/li>\n<li>\n<strong>province<\/strong>:Province du Guangdong<\/li>\n<li>\n<strong>trier par couleur<\/strong>:Type A &#8211; Painted front desk (high corner) Type B &#8211; Painted front desk (low corner) Type C &#8211; Painted front desk (straight)<\/li>\n<li>\n<strong>Fonctionnalit\u00e9s suppl\u00e9mentaires<\/strong>:il peut bouger<\/li>\n<li>\n<strong>Structure du meuble<\/strong>:Cadre<\/li>\n<li>\n<strong>taille<\/strong>:160x60x105cm 180x60x105cm 220x60x105cm 240x60x105cm 260x60x105cm 280x60x105cm 320x60x105cm 340x60x105cm 36 0x60x105cm 380x60x105cm 400x60x105cm 420x60x105cm 440x60x105cm 460x60x105cm 480x60x105cm 500x60x105cm 550x60x105cm 600x60x105cm 100x60x105cm<\/li>\n<li>\n<strong>longueur<\/strong>:200cm<\/li>\n<li>\n<strong><\/strong>:<\/li>\n<\/ul>\n<p><img><\/p>","protected":false},"excerpt":{"rendered":"<p>Marque : Sheng Mupin Mod\u00e8le : 00-451 Mat\u00e9riau : Panneaux \u00e0 base de bois Types de panneaux artificiels : Panneau de densit\u00e9\/panneau de fibres Style : Simple et moderne Origine : Chine continentale Province : Province du Guangdong Trier par couleur : Type<\/p>","protected":false},"featured_media":116385,"comment_status":"open","ping_status":"closed","template":"","meta":[],"product_brand":[],"product_cat":[30971,30859],"product_tag":[],"class_list":{"0":"post-57115","1":"product","2":"type-product","3":"status-publish","4":"has-post-thumbnail","6":"product_cat-hp","7":"product_cat-wholesale-office","9":"first","10":"instock","11":"sale","12":"taxable","13":"shipping-taxable","14":"purchasable","15":"product-type-variable"},"_links":{"self":[{"href":"https:\/\/nexgendecors.com\/fr\/wp-json\/wp\/v2\/product\/57115","targetHints":{"allow":["GET"]}}],"collection":[{"href":"https:\/\/nexgendecors.com\/fr\/wp-json\/wp\/v2\/product"}],"about":[{"href":"https:\/\/nexgendecors.com\/fr\/wp-json\/wp\/v2\/types\/product"}],"replies":[{"embeddable":true,"href":"https:\/\/nexgendecors.com\/fr\/wp-json\/wp\/v2\/comments?post=57115"}],"version-history":[{"count":0,"href":"https:\/\/nexgendecors.com\/fr\/wp-json\/wp\/v2\/product\/57115\/revisions"}],"wp:featuredmedia":[{"embeddable":true,"href":"https:\/\/nexgendecors.com\/fr\/wp-json\/wp\/v2\/media\/116385"}],"wp:attachment":[{"href":"https:\/\/nexgendecors.com\/fr\/wp-json\/wp\/v2\/media?parent=57115"}],"wp:term":[{"taxonomy":"product_brand","embeddable":true,"href":"https:\/\/nexgendecors.com\/fr\/wp-json\/wp\/v2\/product_brand?post=57115"},{"taxonomy":"product_cat","embeddable":true,"href":"https:\/\/nexgendecors.com\/fr\/wp-json\/wp\/v2\/product_cat?post=57115"},{"taxonomy":"product_tag","embeddable":true,"href":"https:\/\/nexgendecors.com\/fr\/wp-json\/wp\/v2\/product_tag?post=57115"}],"curies":[{"name":"wp","href":"https:\/\/api.w.org\/{rel}","templated":true}]}}