{"id":57239,"date":"2025-01-26T02:48:00","date_gmt":"2025-01-26T02:48:00","guid":{"rendered":"https:\/\/nexgendecors.com\/product\/funlio-kids-table-and-4-chairs-set-height-adjustable-toddler-table-and-chair-set-for-ages-3-8-easy-to-wipe-arts-crafts-table-for-classrooms-daycares-homes-cpc-ce-approved-5-piece-set-1711880169527\/"},"modified":"2025-04-06T08:36:50","modified_gmt":"2025-04-06T08:36:50","slug":"funlio-kids-table-and-4-chairs-set-height-adjustable-toddler-table-and-chair-set-for-ages-3-8-easy-to-wipe-arts-crafts-table-for-classrooms-daycares-homes-cpc-ce-approved-5-piece-set-1711880169527","status":"publish","type":"product","link":"https:\/\/nexgendecors.com\/fr\/product\/funlio-kids-table-and-4-chairs-set-height-adjustable-toddler-table-and-chair-set-for-ages-3-8-easy-to-wipe-arts-crafts-table-for-classrooms-daycares-homes-cpc-ce-approved-5-piece-set-1711880169527\/","title":{"rendered":"FUNLIO Kids Table et chaises r\u00e9glables pour 3-8 ans"},"content":{"rendered":"<p data-mce-fragment=\"1\">\ud83c\udf88 <strong data-mce-fragment=\"1\">Memorable Moments<\/strong>: The FUNLIO table and chairs set grows with your child from 3 to 8 years old, creating a space where precious memories are made. Cherish the wonderful stories shared between you and your little one.<\/p>\n<p data-mce-fragment=\"1\">\ud83d\udd8c\ufe0f <strong data-mce-fragment=\"1\">Versatile Surface<\/strong>: Crafted from durable MDF with a drawable and smooth surface, the FUNLIO kids table is perfect for drawing, crafting, eating, and more. A Polyurethane coating enhances waterproofing and crack resistance for added durability. (Note: Clean with a damp cloth for maintenance.)<\/p>\n<p data-mce-fragment=\"1\">\ud83d\udc76 <strong data-mce-fragment=\"1\">Safe and Healthy Materials<\/strong>: Made from MDF and PPC plastic, the FUNLIO toddler table and chair set ensures a safe environment for children. Rounded table corners and a smooth finish eliminate any sharp edges or burrs, allowing your baby to play safely.<\/p>\n<p data-mce-fragment=\"1\">\ud83e\ude91 <strong data-mce-fragment=\"1\">Comfortable Design<\/strong>: The curved seat back promotes healthy spine alignment and relaxation for your child. Adjustable anti-slip table feet ensure stability on uneven floors, with a weight-bearing capacity of 220lbs, making it safe for children to sit and play.<\/p>\n<p data-mce-fragment=\"1\">\ud83c\udf1f <strong data-mce-fragment=\"1\">Assurance qualit\u00e9<\/strong>: FUNLIO is dedicated to providing high-quality products. Reach out to us with any questions or concerns, as we offer a 90-day return policy and a 3-year quality commitment. Your satisfaction is our priority.<\/p>\n<div><\/div>","protected":false},"excerpt":{"rendered":"<p>\ud83c\udf88 Des moments m\u00e9morables : L'ensemble table et chaises FUNLIO grandit avec votre enfant de 3 \u00e0 8 ans, cr\u00e9ant des<\/p>","protected":false},"featured_media":116445,"comment_status":"open","ping_status":"closed","template":"","meta":[],"product_brand":[],"product_cat":[30899,30971,30836,30839,30849],"product_tag":[],"class_list":{"0":"post-57239","1":"product","2":"type-product","3":"status-publish","4":"has-post-thumbnail","6":"product_cat-bs-kindergarten","7":"product_cat-hp","8":"product_cat-kids-chairs","9":"product_cat-kids-tables","10":"product_cat-kindergarten-school-furniture","12":"first","13":"instock","14":"taxable","15":"shipping-taxable","16":"purchasable","17":"product-type-variable"},"_links":{"self":[{"href":"https:\/\/nexgendecors.com\/fr\/wp-json\/wp\/v2\/product\/57239","targetHints":{"allow":["GET"]}}],"collection":[{"href":"https:\/\/nexgendecors.com\/fr\/wp-json\/wp\/v2\/product"}],"about":[{"href":"https:\/\/nexgendecors.com\/fr\/wp-json\/wp\/v2\/types\/product"}],"replies":[{"embeddable":true,"href":"https:\/\/nexgendecors.com\/fr\/wp-json\/wp\/v2\/comments?post=57239"}],"version-history":[{"count":0,"href":"https:\/\/nexgendecors.com\/fr\/wp-json\/wp\/v2\/product\/57239\/revisions"}],"wp:featuredmedia":[{"embeddable":true,"href":"https:\/\/nexgendecors.com\/fr\/wp-json\/wp\/v2\/media\/116445"}],"wp:attachment":[{"href":"https:\/\/nexgendecors.com\/fr\/wp-json\/wp\/v2\/media?parent=57239"}],"wp:term":[{"taxonomy":"product_brand","embeddable":true,"href":"https:\/\/nexgendecors.com\/fr\/wp-json\/wp\/v2\/product_brand?post=57239"},{"taxonomy":"product_cat","embeddable":true,"href":"https:\/\/nexgendecors.com\/fr\/wp-json\/wp\/v2\/product_cat?post=57239"},{"taxonomy":"product_tag","embeddable":true,"href":"https:\/\/nexgendecors.com\/fr\/wp-json\/wp\/v2\/product_tag?post=57239"}],"curies":[{"name":"wp","href":"https:\/\/api.w.org\/{rel}","templated":true}]}}