{"id":57243,"date":"2025-01-26T02:48:01","date_gmt":"2025-01-26T02:48:01","guid":{"rendered":"https:\/\/nexgendecors.com\/product\/funlio-montessori-weaning-table-and-chair-set-for-toddlers-age-1-3-height-adjustable-toddler-table-and-chair-set-cube-kids-table-chair-for-reading-eating-playing-easy-to-assemble-white1711876968625"},"modified":"2025-04-06T08:36:53","modified_gmt":"2025-04-06T08:36:53","slug":"funlio-montessori-ensemble-table-et-chaises-de-sevrage-pour-tout-petits-de-1-a-3-ans-ensemble-table-et-chaises-pour-tout-petits-reglables-en-hauteur-cube-table-chaise-pour-enfants-pour-lire-manger-j","status":"publish","type":"product","link":"https:\/\/nexgendecors.com\/fr\/product\/funlio-montessori-ensemble-table-et-chaises-de-sevrage-pour-tout-petits-de-1-a-3-ans-ensemble-table-et-chaises-pour-tout-petits-reglables-en-hauteur-cube-table-chaise-pour-enfants-pour-lire-manger-j\/","title":{"rendered":"Ensemble table et chaises de sevrage Montessori FUNLIO pour tout-petits"},"content":{"rendered":"<p data-mce-fragment=\"1\"><strong data-mce-fragment=\"1\">Ensemble bureau et chaise Montessori FUNLIO : un espace parfait pour les jeunes apprenants !<\/strong> \ud83d\udcda\ud83c\udfa8<\/p>\n<ul data-mce-fragment=\"1\">\n<li data-mce-fragment=\"1\">\n<p data-mce-fragment=\"1\"><strong data-mce-fragment=\"1\">Espace d&#039;apprentissage et de jeu polyvalent<\/strong>Notre ensemble bureau et chaises Montessori offre un espace confortable et accueillant o\u00f9 les jeunes apprenants peuvent \u00e9tudier, lire, manger et jouer en toute confiance. Regardez vos enfants s&#039;\u00e9panouir et d\u00e9couvrir la joie d&#039;apprendre en autonomie\u00a0! \ud83c\udf31<\/p>\n<\/li>\n<li data-mce-fragment=\"1\">\n<p data-mce-fragment=\"1\"><strong data-mce-fragment=\"1\">Hauteur et taille r\u00e9glables<\/strong>La table et les chaises sont r\u00e9glables en hauteur sur deux niveaux pour s&#039;adapter \u00e0 la croissance de votre enfant. La hauteur de la table varie de 24,5 cm \u00e0 34,5 cm, tandis que celle des chaises varie de 13,5 cm \u00e0 16,5 cm. Cet ensemble s&#039;adaptera parfaitement \u00e0 votre enfant tout au long de sa croissance\u00a0! \ud83d\udccf<\/p>\n<\/li>\n<li data-mce-fragment=\"1\">\n<p data-mce-fragment=\"1\"><strong data-mce-fragment=\"1\">Mat\u00e9riaux et conception de haute qualit\u00e9<\/strong>Fabriqu\u00e9 en bois de pin de qualit\u00e9 sup\u00e9rieure, avec une surface lisse au toucher et sans ar\u00eates vives, cet ensemble est s\u00fbr et sain pour les enfants. Son rev\u00eatement \u00e0 base d&#039;eau assure une surface lisse et facile \u00e0 nettoyer. Son \u00e9l\u00e9gant coloris blanc et son design effet bois ajoutent une touche d&#039;\u00e9l\u00e9gance \u00e0 n&#039;importe quelle pi\u00e8ce\u00a0! \ud83c\udf32<\/p>\n<\/li>\n<li data-mce-fragment=\"1\">\n<p data-mce-fragment=\"1\"><strong data-mce-fragment=\"1\">Conception confortable et s\u00fbre<\/strong>Notre chaise est dot\u00e9e d&#039;un dossier inclin\u00e9 de 10\u00b0, offrant un confort optimal \u00e0 votre enfant. De plus, sa petite poign\u00e9e facilite la mobilit\u00e9 des petites mains. S\u00e9curit\u00e9 et confort sont nos priorit\u00e9s\u00a0! \ud83d\udc76<\/p>\n<\/li>\n<li data-mce-fragment=\"1\">\n<p data-mce-fragment=\"1\"><strong data-mce-fragment=\"1\">Satisfaction client garantie<\/strong>Chez FUNLIO, nous nous engageons \u00e0 fournir des ensembles table et chaises pour tout-petits de haute qualit\u00e9. Nous offrons une politique de retour de 90 jours et un engagement d&#039;un an pour garantir votre satisfaction\u00a0! \ud83c\udf1f<\/p>\n<\/li>\n<\/ul>\n<p data-mce-fragment=\"1\"><strong data-mce-fragment=\"1\">Le forfait comprend<\/strong>:<\/p>\n<ul data-mce-fragment=\"1\">\n<li data-mce-fragment=\"1\">1 table : (15,7\u2033\/40 cm)L * (15\u2033\/38 cm)l * (13,8\u2033\/35 cm)H<\/li>\n<li data-mce-fragment=\"1\">1 chaise : (12,6\u2033\/32 cm) L * (9,9\u2033\/25 cm) l * (13,8\u2033\/35 cm) H<\/li>\n<\/ul>\n<p data-mce-fragment=\"1\"><strong data-mce-fragment=\"1\">Portant le poids<\/strong>:<\/p>\n<ul data-mce-fragment=\"1\">\n<li data-mce-fragment=\"1\">Table : 150 lb\/68 kg<\/li>\n<li data-mce-fragment=\"1\">Chaise : 100 lb\/45 kg<\/li>\n<\/ul>\n<p data-mce-fragment=\"1\">Transformez l&#039;apprentissage et le jeu de votre enfant avec l&#039;ensemble bureau et chaises Montessori de FUNLIO. Plus qu&#039;un meuble, c&#039;est un espace o\u00f9 se cr\u00e9ent des souvenirs ! \ud83c\udf08\ud83c\udf88<\/p>\n<div><\/div>","protected":false},"excerpt":{"rendered":"<p>Ensemble bureau et chaises Montessori FUNLIO\u00a0: un espace id\u00e9al pour les jeunes apprenants\u00a0! \ud83d\udcda\ud83c\udfa8 Espace d&#039;apprentissage et de jeu polyvalent\u00a0: notre Montessori<\/p>","protected":false},"featured_media":116461,"comment_status":"open","ping_status":"closed","template":"","meta":[],"product_brand":[],"product_cat":[30971,30836,30839,30849],"product_tag":[],"class_list":{"0":"post-57243","1":"product","2":"type-product","3":"status-publish","4":"has-post-thumbnail","6":"product_cat-hp","7":"product_cat-kids-chairs","8":"product_cat-kids-tables","9":"product_cat-kindergarten-school-furniture","11":"first","12":"instock","13":"taxable","14":"shipping-taxable","15":"purchasable","16":"product-type-variable"},"_links":{"self":[{"href":"https:\/\/nexgendecors.com\/fr\/wp-json\/wp\/v2\/product\/57243","targetHints":{"allow":["GET"]}}],"collection":[{"href":"https:\/\/nexgendecors.com\/fr\/wp-json\/wp\/v2\/product"}],"about":[{"href":"https:\/\/nexgendecors.com\/fr\/wp-json\/wp\/v2\/types\/product"}],"replies":[{"embeddable":true,"href":"https:\/\/nexgendecors.com\/fr\/wp-json\/wp\/v2\/comments?post=57243"}],"version-history":[{"count":0,"href":"https:\/\/nexgendecors.com\/fr\/wp-json\/wp\/v2\/product\/57243\/revisions"}],"wp:featuredmedia":[{"embeddable":true,"href":"https:\/\/nexgendecors.com\/fr\/wp-json\/wp\/v2\/media\/116461"}],"wp:attachment":[{"href":"https:\/\/nexgendecors.com\/fr\/wp-json\/wp\/v2\/media?parent=57243"}],"wp:term":[{"taxonomy":"product_brand","embeddable":true,"href":"https:\/\/nexgendecors.com\/fr\/wp-json\/wp\/v2\/product_brand?post=57243"},{"taxonomy":"product_cat","embeddable":true,"href":"https:\/\/nexgendecors.com\/fr\/wp-json\/wp\/v2\/product_cat?post=57243"},{"taxonomy":"product_tag","embeddable":true,"href":"https:\/\/nexgendecors.com\/fr\/wp-json\/wp\/v2\/product_tag?post=57243"}],"curies":[{"name":"wp","href":"https:\/\/api.w.org\/{rel}","templated":true}]}}