{"id":57270,"date":"2025-01-26T02:48:08","date_gmt":"2025-01-26T02:48:08","guid":{"rendered":"https:\/\/nexgendecors.com\/product\/fushi-yamashita-big-eyes-smile-shoe-changing-stool-green-dopamine-cute-small-stool-chair-childrens-chair-bench\/"},"modified":"2025-04-06T08:37:01","modified_gmt":"2025-04-06T08:37:01","slug":"fushi-yamashita-big-eyes-smile-tabouret-a-langer-vert-dopamine-mignon-petit-tabouret-chaise-chaise-pour-enfants-banc","status":"publish","type":"product","link":"https:\/\/nexgendecors.com\/fr\/product\/fushi-yamashita-big-eyes-smile-tabouret-a-langer-vert-dopamine-mignon-petit-tabouret-chaise-chaise-pour-enfants-banc\/","title":{"rendered":"Fushi Yamashita Tabouret vert pour changer les chaussures des enfants"},"content":{"rendered":"<ul>\n<li>\n<strong>marque<\/strong>:autre\/autre<\/li>\n<li>\n<strong>mod\u00e8le<\/strong>:354654<\/li>\n<li>\n<strong>\u00e9l\u00e9ments populaires<\/strong>:autre<\/li>\n<li>\n<strong>Est-ce personnalisable ?<\/strong>:Non<\/li>\n<li>\n<strong>Districts et comt\u00e9s<\/strong>:R\u00e9gion de Dongcheng<\/li>\n<li>\n<strong>Mat\u00e9riel<\/strong>:plastique<\/li>\n<li>\n<strong>Origine<\/strong>:P\u00e9kin<\/li>\n<li>\n<strong>ville<\/strong>:P\u00e9kin<\/li>\n<li>\n<strong>Un taxi est-il disponible pour le transport ?<\/strong>:Oui<\/li>\n<li>\n<strong>Positionnement de style<\/strong>:Style artistique<\/li>\n<li>\n<strong>trier par couleur<\/strong>:Vert (tabouret \u00e0 langer) Polystone, Noir (tabouret \u00e0 langer) Polystone, Jaune (tabouret \u00e0 langer) Polystone, Bleu (tabouret \u00e0 langer) Polystone, Mod\u00e8le enfant Bonnie 26*26*35cm Mat\u00e9riau PP, oreiller Bass Woody chacun<\/li>\n<li>\n<strong><\/strong>:<\/li>\n<\/ul>\n<p><img><\/p>","protected":false},"excerpt":{"rendered":"<p>marque:other\/other model:354654 popular elements:other Est-il personnalisable?:no Districts et comt\u00e9s:Dongcheng Area Material:plastic Origin:Beijing city:Beijing Un taxi est-il disponible pour le transport?:yes Style<\/p>","protected":false},"featured_media":116541,"comment_status":"open","ping_status":"closed","template":"","meta":[],"product_brand":[],"product_cat":[30899,30971,30849],"product_tag":[],"class_list":{"0":"post-57270","1":"product","2":"type-product","3":"status-publish","4":"has-post-thumbnail","6":"product_cat-bs-kindergarten","7":"product_cat-hp","8":"product_cat-kindergarten-school-furniture","10":"first","11":"instock","12":"taxable","13":"shipping-taxable","14":"purchasable","15":"product-type-variable"},"_links":{"self":[{"href":"https:\/\/nexgendecors.com\/fr\/wp-json\/wp\/v2\/product\/57270","targetHints":{"allow":["GET"]}}],"collection":[{"href":"https:\/\/nexgendecors.com\/fr\/wp-json\/wp\/v2\/product"}],"about":[{"href":"https:\/\/nexgendecors.com\/fr\/wp-json\/wp\/v2\/types\/product"}],"replies":[{"embeddable":true,"href":"https:\/\/nexgendecors.com\/fr\/wp-json\/wp\/v2\/comments?post=57270"}],"version-history":[{"count":0,"href":"https:\/\/nexgendecors.com\/fr\/wp-json\/wp\/v2\/product\/57270\/revisions"}],"wp:featuredmedia":[{"embeddable":true,"href":"https:\/\/nexgendecors.com\/fr\/wp-json\/wp\/v2\/media\/116541"}],"wp:attachment":[{"href":"https:\/\/nexgendecors.com\/fr\/wp-json\/wp\/v2\/media?parent=57270"}],"wp:term":[{"taxonomy":"product_brand","embeddable":true,"href":"https:\/\/nexgendecors.com\/fr\/wp-json\/wp\/v2\/product_brand?post=57270"},{"taxonomy":"product_cat","embeddable":true,"href":"https:\/\/nexgendecors.com\/fr\/wp-json\/wp\/v2\/product_cat?post=57270"},{"taxonomy":"product_tag","embeddable":true,"href":"https:\/\/nexgendecors.com\/fr\/wp-json\/wp\/v2\/product_tag?post=57270"}],"curies":[{"name":"wp","href":"https:\/\/api.w.org\/{rel}","templated":true}]}}