{"id":57328,"date":"2025-01-26T02:48:18","date_gmt":"2025-01-26T02:48:18","guid":{"rendered":"https:\/\/nexgendecors.com\/product\/gabby-dining-chair\/"},"modified":"2025-04-06T08:37:12","modified_gmt":"2025-04-06T08:37:12","slug":"gabby-dining-chair","status":"publish","type":"product","link":"https:\/\/nexgendecors.com\/fr\/product\/gabby-dining-chair\/","title":{"rendered":"Chaise de salle \u00e0 manger moderne Gabby au design \u00e9l\u00e9gant"},"content":{"rendered":"<p><span style='color: rgb(33, 30, 34); font-family: graphik, graphikFallback, \"lucida grande\", sans-serif; font-size: 15px; white-space: pre-line; background-color: rgb(255, 255, 255);'>The Gabby Dining Chair was inspired by 40s-era Swedish furniture, when the use of woven natural materials was perfected into its own chic genre. It\u2019s wood frame and curved cane back are expertly and delicately hand made using generations-old techniques. A comfortable Crypton seat means you can relax and enjoy the chic vibe.<\/span><\/p>","protected":false},"excerpt":{"rendered":"<p>La chaise de salle \u00e0 manger Gabby a \u00e9t\u00e9 inspir\u00e9e par les meubles su\u00e9dois des ann\u00e9es 40, lorsque l'utilisation de mat\u00e9riaux naturels tress\u00e9s a \u00e9t\u00e9 perfectionn\u00e9e.<\/p>","protected":false},"featured_media":116597,"comment_status":"open","ping_status":"closed","template":"","meta":[],"product_brand":[],"product_cat":[30825,30826,30971,32],"product_tag":[],"class_list":{"0":"post-57328","1":"product","2":"type-product","3":"status-publish","4":"has-post-thumbnail","6":"product_cat-dining-chairs","7":"product_cat-dining-room","8":"product_cat-hp","9":"product_cat-residential-furniture","11":"first","12":"instock","13":"sale","14":"taxable","15":"shipping-taxable","16":"purchasable","17":"product-type-simple"},"_links":{"self":[{"href":"https:\/\/nexgendecors.com\/fr\/wp-json\/wp\/v2\/product\/57328","targetHints":{"allow":["GET"]}}],"collection":[{"href":"https:\/\/nexgendecors.com\/fr\/wp-json\/wp\/v2\/product"}],"about":[{"href":"https:\/\/nexgendecors.com\/fr\/wp-json\/wp\/v2\/types\/product"}],"replies":[{"embeddable":true,"href":"https:\/\/nexgendecors.com\/fr\/wp-json\/wp\/v2\/comments?post=57328"}],"version-history":[{"count":0,"href":"https:\/\/nexgendecors.com\/fr\/wp-json\/wp\/v2\/product\/57328\/revisions"}],"wp:featuredmedia":[{"embeddable":true,"href":"https:\/\/nexgendecors.com\/fr\/wp-json\/wp\/v2\/media\/116597"}],"wp:attachment":[{"href":"https:\/\/nexgendecors.com\/fr\/wp-json\/wp\/v2\/media?parent=57328"}],"wp:term":[{"taxonomy":"product_brand","embeddable":true,"href":"https:\/\/nexgendecors.com\/fr\/wp-json\/wp\/v2\/product_brand?post=57328"},{"taxonomy":"product_cat","embeddable":true,"href":"https:\/\/nexgendecors.com\/fr\/wp-json\/wp\/v2\/product_cat?post=57328"},{"taxonomy":"product_tag","embeddable":true,"href":"https:\/\/nexgendecors.com\/fr\/wp-json\/wp\/v2\/product_tag?post=57328"}],"curies":[{"name":"wp","href":"https:\/\/api.w.org\/{rel}","templated":true}]}}