{"id":57569,"date":"2025-01-26T02:48:40","date_gmt":"2025-01-26T02:48:40","guid":{"rendered":"https:\/\/nexgendecors.com\/product\/gallman-dining-table\/"},"modified":"2025-04-06T08:37:34","modified_gmt":"2025-04-06T08:37:34","slug":"gallman-dining-table","status":"publish","type":"product","link":"https:\/\/nexgendecors.com\/fr\/product\/gallman-dining-table\/","title":{"rendered":"Table de salle \u00e0 manger Gallman : \u00c9l\u00e9gance moderne et design polyvalent"},"content":{"rendered":"<p>Taking cues from the 20th century, this mid-century modern tapered dining table is perfect for any home. This traditional dining table has a clean and simple design, with a wide rectangular surface atop tapered, angled legs. A visible wood grain finish completes this piece and a sturdy rubberwood construction promises years of durability and strength for all your meals with loved ones.<\/p>","protected":false},"excerpt":{"rendered":"<p>S'inspirant du 20e si\u00e8cle, cette table de salle \u00e0 manger fusel\u00e9e de style moderne du milieu du si\u00e8cle est parfaite pour toute maison. Cette table de salle \u00e0 manger traditionnelle<\/p>","protected":false},"featured_media":116721,"comment_status":"open","ping_status":"closed","template":"","meta":[],"product_brand":[],"product_cat":[30971,32],"product_tag":[12770],"class_list":{"0":"post-57569","1":"product","2":"type-product","3":"status-publish","4":"has-post-thumbnail","6":"product_cat-hp","7":"product_cat-residential-furniture","8":"product_tag-all-categories","10":"first","11":"instock","12":"sale","13":"taxable","14":"shipping-taxable","15":"purchasable","16":"product-type-variable"},"_links":{"self":[{"href":"https:\/\/nexgendecors.com\/fr\/wp-json\/wp\/v2\/product\/57569","targetHints":{"allow":["GET"]}}],"collection":[{"href":"https:\/\/nexgendecors.com\/fr\/wp-json\/wp\/v2\/product"}],"about":[{"href":"https:\/\/nexgendecors.com\/fr\/wp-json\/wp\/v2\/types\/product"}],"replies":[{"embeddable":true,"href":"https:\/\/nexgendecors.com\/fr\/wp-json\/wp\/v2\/comments?post=57569"}],"version-history":[{"count":0,"href":"https:\/\/nexgendecors.com\/fr\/wp-json\/wp\/v2\/product\/57569\/revisions"}],"wp:featuredmedia":[{"embeddable":true,"href":"https:\/\/nexgendecors.com\/fr\/wp-json\/wp\/v2\/media\/116721"}],"wp:attachment":[{"href":"https:\/\/nexgendecors.com\/fr\/wp-json\/wp\/v2\/media?parent=57569"}],"wp:term":[{"taxonomy":"product_brand","embeddable":true,"href":"https:\/\/nexgendecors.com\/fr\/wp-json\/wp\/v2\/product_brand?post=57569"},{"taxonomy":"product_cat","embeddable":true,"href":"https:\/\/nexgendecors.com\/fr\/wp-json\/wp\/v2\/product_cat?post=57569"},{"taxonomy":"product_tag","embeddable":true,"href":"https:\/\/nexgendecors.com\/fr\/wp-json\/wp\/v2\/product_tag?post=57569"}],"curies":[{"name":"wp","href":"https:\/\/api.w.org\/{rel}","templated":true}]}}