{"id":57624,"date":"2025-01-26T02:48:51","date_gmt":"2025-01-26T02:48:51","guid":{"rendered":"https:\/\/nexgendecors.com\/product\/gavin-milk-coffee-color-artificial-stone-pedestal-basin-integrated-floor-standing-wash-basin-homestay-hotel-project-balcony-pedestal-basin-2\/"},"modified":"2025-04-06T08:37:46","modified_gmt":"2025-04-06T08:37:46","slug":"gavin-milk-coffee-color-artificial-stone-pedestal-basin-integrated-floor-standing-wash-basin-homestay-hotel-project-balcony-pedestal-basin-2","status":"publish","type":"product","link":"https:\/\/nexgendecors.com\/fr\/product\/gavin-milk-coffee-color-artificial-stone-pedestal-basin-integrated-floor-standing-wash-basin-homestay-hotel-project-balcony-pedestal-basin-2\/","title":{"rendered":"Lavabo sur pied couleur caf\u00e9 lait Gavin pour h\u00f4tels"},"content":{"rendered":"<ul>\n<li>\n<strong>marque<\/strong>:Gavin<\/li>\n<li>\n<strong>mod\u00e8le<\/strong>:GW-230413-1<\/li>\n<li>\n<strong>Ouverture du robinet<\/strong>:Trou unique<\/li>\n<li>\n<strong>Origine<\/strong>:Chine continentale<\/li>\n<li>\n<strong>province<\/strong>:Province du Guangdong<\/li>\n<li>\n<strong>Mat\u00e9riel<\/strong>:Autre<\/li>\n<li>\n<strong>capacit\u00e9<\/strong>:12L<\/li>\n<li>\n<strong>Service en ville<\/strong>:Livraison porte-\u00e0-porte logistique intra-urbaine<\/li>\n<li>\n<strong>trier par couleur<\/strong>:Matte white 450*450*850 with holes, Matte milk coffee 450*450*850 with holes, Matte dark gray 450*450*850 with holes, Matte powder 450*450*850 with holes, Matte black 450*450*850 with holes, Matte white 450*450*850 without holes, Matte milk coffee 450*450*850 without holes, Matte dark gray 450*450*850 without holes, Matte powder 450*450*850 without holes, Matte black 450*450*850 without holes, color customization (Note: the above prices do not include faucets)<\/li>\n<\/ul>","protected":false},"excerpt":{"rendered":"<p>Marque : Gavin Mod\u00e8le : GW-230413-1 Ouverture du robinet : Trou unique Origine : Chine continentale Province : Province du Guangdong Mat\u00e9riau : Autre Capacit\u00e9 : 12 L Service en ville : Logistique intra-urbaine Livraison porte-\u00e0-porte Trier par couleur : Blanc mat<\/p>","protected":false},"featured_media":116808,"comment_status":"open","ping_status":"closed","template":"","meta":[],"product_brand":[],"product_cat":[30971,30880],"product_tag":[],"class_list":{"0":"post-57624","1":"product","2":"type-product","3":"status-publish","4":"has-post-thumbnail","6":"product_cat-hp","7":"product_cat-wholesales-bathroom-sink","9":"first","10":"instock","11":"taxable","12":"shipping-taxable","13":"purchasable","14":"product-type-variable"},"_links":{"self":[{"href":"https:\/\/nexgendecors.com\/fr\/wp-json\/wp\/v2\/product\/57624","targetHints":{"allow":["GET"]}}],"collection":[{"href":"https:\/\/nexgendecors.com\/fr\/wp-json\/wp\/v2\/product"}],"about":[{"href":"https:\/\/nexgendecors.com\/fr\/wp-json\/wp\/v2\/types\/product"}],"replies":[{"embeddable":true,"href":"https:\/\/nexgendecors.com\/fr\/wp-json\/wp\/v2\/comments?post=57624"}],"version-history":[{"count":0,"href":"https:\/\/nexgendecors.com\/fr\/wp-json\/wp\/v2\/product\/57624\/revisions"}],"wp:featuredmedia":[{"embeddable":true,"href":"https:\/\/nexgendecors.com\/fr\/wp-json\/wp\/v2\/media\/116808"}],"wp:attachment":[{"href":"https:\/\/nexgendecors.com\/fr\/wp-json\/wp\/v2\/media?parent=57624"}],"wp:term":[{"taxonomy":"product_brand","embeddable":true,"href":"https:\/\/nexgendecors.com\/fr\/wp-json\/wp\/v2\/product_brand?post=57624"},{"taxonomy":"product_cat","embeddable":true,"href":"https:\/\/nexgendecors.com\/fr\/wp-json\/wp\/v2\/product_cat?post=57624"},{"taxonomy":"product_tag","embeddable":true,"href":"https:\/\/nexgendecors.com\/fr\/wp-json\/wp\/v2\/product_tag?post=57624"}],"curies":[{"name":"wp","href":"https:\/\/api.w.org\/{rel}","templated":true}]}}