{"id":57708,"date":"2025-01-26T02:49:02","date_gmt":"2025-01-26T02:49:02","guid":{"rendered":"https:\/\/nexgendecors.com\/product\/genji-muyu-customizable-0-glue-mattress-natural-coconut-palm-environmentally-friendly-household-palm-mat-double-spine-protection-thin-hard-mat\/"},"modified":"2025-03-07T13:08:51","modified_gmt":"2025-03-07T13:08:51","slug":"genji-muyu-customizable-0-glue-mattress-natural-coconut-palm-environmentally-friendly-household-palm-mat-double-spine-protection-thin-hard-mat","status":"publish","type":"product","link":"https:\/\/nexgendecors.com\/fr\/product\/genji-muyu-customizable-0-glue-mattress-natural-coconut-palm-environmentally-friendly-household-palm-mat-double-spine-protection-thin-hard-mat\/","title":{"rendered":"Matelas \u00e9cologique Genji Muyu en cocotier \u2013 Double soutien de la colonne vert\u00e9brale"},"content":{"rendered":"<ul>\n<li>\n<strong>Palm Type<\/strong>:Coir<\/li>\n<li>\n<strong>\u00e9paisseur<\/strong>:80mm<\/li>\n<li>\n<strong>Thickness of brown<\/strong>:60mm<\/li>\n<li>\n<strong>La pr\u00e9vente est-elle disponible ?<\/strong>:Oui<\/li>\n<li>\n<strong>Latex thickness<\/strong>:0mm<\/li>\n<li>\n<strong>volume du colis<\/strong>:0.5<\/li>\n<li>\n<strong>Mattress firmness<\/strong>:Hard<\/li>\n<li>\n<strong>Mattress thickness<\/strong>:80mm<\/li>\n<li>\n<strong>Origine<\/strong>:Shanghai<\/li>\n<li>\n<strong>ville<\/strong>:Shanghai<\/li>\n<li>\n<strong>Districts et comt\u00e9s<\/strong>:Autres domaines<\/li>\n<li>\n<strong>Mattress size<\/strong>:1800x2000mm<\/li>\n<li>\n<strong>Disassembly method<\/strong>:Removable fabric layer<\/li>\n<li>\n<strong>trier par couleur<\/strong>:Coconut palm spine protection mattress (8cm thick\/hardened H1) J11 Coconut palm spine protection mattress (6cm thick\/hardened H1) J102 Coconut palm spine protection mattress (12cm thick\/hardened H1) J105 Coconut palm spine protection (6cm thick\/hardened H1) + waterproof fitted sheet (white RA05501) J102 Coconut palm spine protection (8cm thick\/hardened H1) + waterproof fitted sheet (white RA05501) J11 Coconut palm spine protection (12cm thick\/hardened H1) + waterproof fitted sheet (white RA05501) J105 Coconut palm spine protection (6cm thick\/hardened H1) + mattress JR01 J102 Coconut palm spine protection (8cm thick\/hardened H1) + mattress JR01 J11 Coconut palm spine protection (12cm thick\/hardened H1) + mattress JR01 J105 Coconut palm spine protector (8cm thick\/hardened H1) (750*1400*80) J11 Coconut palm spine protector (8cm thick\/hardened H1) (850*1600*80) J11 Latex neck pillow (one pair) RA00515 Mattress customization, please consult customer service for details<\/li>\n<li>\n<strong>Poids brut<\/strong>:1<\/li>\n<li>\n<strong>marque<\/strong>:Les mots du bois de Genji<\/li>\n<li>\n<strong>mod\u00e8le<\/strong>:J11<\/li>\n<li>\n<strong>Mattress main material<\/strong>:Brown<\/li>\n<li>\n<strong>Pour les gens<\/strong>:Adultes<\/li>\n<li>\n<strong>Est-ce personnalisable ?<\/strong>:Non<\/li>\n<li>\n<strong>Fabric classification<\/strong>:Printed fabrics<\/li>\n<li>\n<strong>Fabric function<\/strong>:Antibacterial and breathable<\/li>\n<li>\n<strong>Spring Type<\/strong>:aucun<\/li>\n<li>\n<strong>taille<\/strong>:1000mm*2000mm 1350mm*1900mm 1350mm*2000mm 1800mm*1900mm 1800mmX2200mm 1200mm*1900mm 1800mm*2000mm 1000mm*1900mm 2000mmX2200mm 1200mm*2000mm Others 1500mm*2000mm 900mm*2000mm 1500mm*1900mm 2000MM\u00d72000MM<\/li>\n<li>\n<strong>Foam\/Memory Foam Type<\/strong>:Other sponge types<\/li>\n<li>\n<strong>Livraison\/installation disponible<\/strong>:Shanghai Tianjin Other Beijing<\/li>\n<\/ul>","protected":false},"excerpt":{"rendered":"<p>Type de paume : fibre de coco \u00e9paisseur : 80 mm \u00e9paisseur du marron : 60 mm Pr\u00e9vente disponible ? : oui \u00e9paisseur du latex : 0 mm volume du paquet : 0,5 fermet\u00e9 du matelas : dur \u00e9paisseur du matelas : 80 mm origine : ville de Shanghai : districts de Shanghai<\/p>","protected":false},"featured_media":116968,"comment_status":"open","ping_status":"closed","template":"","meta":[],"product_brand":[],"product_cat":[30815,30858,30862,30971],"product_tag":[],"class_list":{"0":"post-57708","1":"product","2":"type-product","3":"status-publish","4":"has-post-thumbnail","6":"product_cat-beds","7":"product_cat-wholesale-bedroom","8":"product_cat-wholesales-hotels","9":"product_cat-hp","11":"first","12":"instock","13":"sale","14":"taxable","15":"shipping-taxable","16":"purchasable","17":"product-type-variable"},"_links":{"self":[{"href":"https:\/\/nexgendecors.com\/fr\/wp-json\/wp\/v2\/product\/57708","targetHints":{"allow":["GET"]}}],"collection":[{"href":"https:\/\/nexgendecors.com\/fr\/wp-json\/wp\/v2\/product"}],"about":[{"href":"https:\/\/nexgendecors.com\/fr\/wp-json\/wp\/v2\/types\/product"}],"replies":[{"embeddable":true,"href":"https:\/\/nexgendecors.com\/fr\/wp-json\/wp\/v2\/comments?post=57708"}],"version-history":[{"count":0,"href":"https:\/\/nexgendecors.com\/fr\/wp-json\/wp\/v2\/product\/57708\/revisions"}],"wp:featuredmedia":[{"embeddable":true,"href":"https:\/\/nexgendecors.com\/fr\/wp-json\/wp\/v2\/media\/116968"}],"wp:attachment":[{"href":"https:\/\/nexgendecors.com\/fr\/wp-json\/wp\/v2\/media?parent=57708"}],"wp:term":[{"taxonomy":"product_brand","embeddable":true,"href":"https:\/\/nexgendecors.com\/fr\/wp-json\/wp\/v2\/product_brand?post=57708"},{"taxonomy":"product_cat","embeddable":true,"href":"https:\/\/nexgendecors.com\/fr\/wp-json\/wp\/v2\/product_cat?post=57708"},{"taxonomy":"product_tag","embeddable":true,"href":"https:\/\/nexgendecors.com\/fr\/wp-json\/wp\/v2\/product_tag?post=57708"}],"curies":[{"name":"wp","href":"https:\/\/api.w.org\/{rel}","templated":true}]}}